{"id":774751,"date":"2025-09-09T11:00:03","date_gmt":"2025-09-09T08:00:03","guid":{"rendered":"https:\/\/roveyayinevi.com.tr\/index.php\/urun\/bolsevikler-iktidarda\/"},"modified":"2026-04-16T02:16:27","modified_gmt":"2026-04-15T23:16:27","slug":"bolsevikler-iktidarda","status":"publish","type":"product","link":"https:\/\/roveyayinevi.com.tr\/index.php\/urun\/bolsevikler-iktidarda\/","title":{"rendered":"Bol\u015fevikler \u0130ktidarda"},"content":{"rendered":"<p>Bol\u015fevikler \u0130ktidarda, Alexander Rabinowitch\u2019in pek \u00e7ok yorumcu taraf\u0131ndan en kapsaml\u0131 ve ba\u015far\u0131l\u0131 1917 Sovyet Devrimi incelemesi olarak g\u00f6r\u00fclen \u00fc\u00e7lemesinin son kitab\u0131d\u0131r. \u00dc\u00e7lemenin \u00f6nceki kitaplar\u0131nda devrime giden yolu ve devrim an\u0131n\u0131 zengin ayr\u0131nt\u0131larla aktaran Rabinowitch, bu kez, 1991 sonras\u0131 eri\u015fime a\u00e7\u0131lan yeni ar\u015fivlerden de faydalanarak, Sovyet iktidar\u0131n\u0131n ilk y\u0131l\u0131na odaklan\u0131yor. Kitapta, muza\ufb00er bir devrimin muktedir bir devlete, \u201cisyanc\u0131lar\u0131n y\u00f6neticilere\u201d d\u00f6n\u00fc\u015fme s\u00fcrecine; geri ad\u0131m ve ileri hamleleri, zafer duygular\u0131 ve yenilgi kayg\u0131lar\u0131, ittifaklar\u0131 ve ayr\u0131\u015fmalar\u0131, k\u0131sacas\u0131 t\u00fcm co\u015fku ve gerilimleriyle tan\u0131kl\u0131k ediliyor. Sosyalist iktidar\u0131n Birinci D\u00fcnya Sava\u015f\u0131, a\u00e7l\u0131k, i\u015fsizlik, kar\u015f\u0131-devrimci komplolar taraf\u0131ndan ku\u015fat\u0131lm\u0131\u015fl\u0131k duygusu i\u00e7inde hayatta kalma \u00e7abas\u0131n\u0131 anlatan kitap, \u201cdevrimin \u00e7ocuklar\u0131\u201d aras\u0131ndaki ayr\u0131\u015fmalara da yak\u0131ndan bak\u0131yor. Bar\u0131\u015f, emek\u00e7i kitlelerin siyasete kat\u0131l\u0131m\u0131, temel \u00f6zg\u00fcrl\u00fckler, anayasa gibi ba\u015fl\u0131klarda d\u00f6nemin sosyalist partileri aras\u0131 a\u00e7\u0131lar ve sertle\u015fen \u00e7at\u0131\u015fmalar, bu incelemenin kadraj\u0131na giriyor.\u00dc\u00e7lemenin yine Yordam Kitap taraf\u0131ndan bas\u0131lan Devrime Do\u011fru ve Bol\u015fevikler \u0130ktidara Geliyor ciltleriyle birlikte bu kitap, \u00e7ok say\u0131da veriyi bir belge y\u0131\u011f\u0131n\u0131na d\u00f6n\u00fc\u015ft\u00fcrmeden derleyerek ve ak\u0131c\u0131 bir kurgu i\u00e7inde \u00f6yk\u00fcleyerek Sovyet iktidar\u0131n\u0131n ilk y\u0131l\u0131nda ya\u015fananlara dair yeni bir ufuk kazand\u0131r\u0131yor. <\/p>\n","protected":false},"excerpt":{"rendered":"<p>Bol\u015fevikler \u0130ktidarda, Alexander Rabinowitch\u2019in pek \u00e7ok yorumcu taraf\u0131ndan en kapsaml\u0131 ve ba\u015far\u0131l\u0131 1917 Sovyet Devrimi incelemesi olarak g\u00f6r\u00fclen \u00fc\u00e7lemesinin son kitab\u0131d\u0131r. \u00dc\u00e7lemenin \u00f6nceki kitaplar\u0131nda devrime giden<span class=\"excerpt-hellip\"> [\u2026]<\/span><\/p>\n","protected":false},"featured_media":0,"template":"","meta":{"_monsterinsights_skip_tracking":false,"_monsterinsights_sitenote_active":false,"_monsterinsights_sitenote_note":"","_monsterinsights_sitenote_category":0},"product_brand":[],"product_cat":[12312,12304],"product_tag":[],"class_list":{"0":"post-774751","1":"product","2":"type-product","3":"status-publish","5":"product_cat-diger","6":"product_cat-tarih","7":"pa_cilt-ciltsiz","8":"pa_tur-kitap","9":"pa_yayinevi-yordam-kitap","10":"pa_yazar-alexander-rabinowitch","12":"first","13":"instock","14":"sale","15":"shipping-taxable","16":"purchasable","17":"product-type-simple"},"_links":{"self":[{"href":"https:\/\/roveyayinevi.com.tr\/index.php\/wp-json\/wp\/v2\/product\/774751","targetHints":{"allow":["GET"]}}],"collection":[{"href":"https:\/\/roveyayinevi.com.tr\/index.php\/wp-json\/wp\/v2\/product"}],"about":[{"href":"https:\/\/roveyayinevi.com.tr\/index.php\/wp-json\/wp\/v2\/types\/product"}],"wp:attachment":[{"href":"https:\/\/roveyayinevi.com.tr\/index.php\/wp-json\/wp\/v2\/media?parent=774751"}],"wp:term":[{"taxonomy":"product_brand","embeddable":true,"href":"https:\/\/roveyayinevi.com.tr\/index.php\/wp-json\/wp\/v2\/product_brand?post=774751"},{"taxonomy":"product_cat","embeddable":true,"href":"https:\/\/roveyayinevi.com.tr\/index.php\/wp-json\/wp\/v2\/product_cat?post=774751"},{"taxonomy":"product_tag","embeddable":true,"href":"https:\/\/roveyayinevi.com.tr\/index.php\/wp-json\/wp\/v2\/product_tag?post=774751"}],"curies":[{"name":"wp","href":"https:\/\/api.w.org\/{rel}","templated":true}]}}