{"id":774750,"date":"2025-09-09T10:59:43","date_gmt":"2025-09-09T07:59:43","guid":{"rendered":"https:\/\/roveyayinevi.com.tr\/index.php\/urun\/affin-kapisi-tovbe\/"},"modified":"2026-04-16T02:16:25","modified_gmt":"2026-04-15T23:16:25","slug":"affin-kapisi-tovbe","status":"publish","type":"product","link":"https:\/\/roveyayinevi.com.tr\/index.php\/urun\/affin-kapisi-tovbe\/","title":{"rendered":"Aff\u0131n Kap\u0131s\u0131 T\u00f6vbe"},"content":{"rendered":"<p>Kul, rahmet-i il\u00e2h\u00eeyi idrak etmek ve kendi aczini bilmek i\u00e7in ara s\u0131ra g\u00fcnah i\u015fler. Acz ve kullu\u011funu bilen t\u00f6vbe etmi\u015f demektir. Z\u00eera t\u00f6vbe, Allah\u2019a geri d\u00f6nmek demektir.\u201cT\u00f6vbe, g\u00fcnah i\u015flendi\u011fi anda elde edilen tad\u0131n o g\u00fcnah hat\u0131rland\u0131\u011f\u0131nda kaybolmas\u0131d\u0131r.\u201d (Ahmed er-Rif\u00e2\u00ee, Sohbet Meclisleri, s. 95)G\u00fcnah, insan\u0131n kendi kendine zulm\u00fcd\u00fcr. \u00c7\u00fcnk\u00fc g\u00fcnah\u0131 ile kahr-\u0131 il\u00e2h\u00eeyi davet eder ve onun s\u0131k\u0131nt\u0131s\u0131yla kendine zulmeder. Fakat zulm\u00fcn sonu t\u00f6vbe ise cem\u00e2l, af, yani l\u00fctf-\u0131 il\u00e2h\u00ee tecell\u00ee eder.\u201cAbdestte teyemm\u00fcm\u00fcn su yerine ge\u00e7mesi gibi, t\u00f6vbe de itaatin yerine ge\u00e7er. \u0130taatk\u00e2r olan insan\u0131n itaati vard\u0131r ama itaat etmeyenin t\u00f6vbesi vard\u0131r. \u0130taatin kar\u015f\u0131l\u0131\u011f\u0131 cennettir, t\u00f6vbenin kar\u015f\u0131l\u0131\u011f\u0131 ise a\u015fkt\u0131r: \u2018Muhakkak ki Allah t\u00f6vbe edenleri sever.\u2019 (Bakara, 222)\u201d (William Chittick, Divine Love, s. 307.)<\/p>\n","protected":false},"excerpt":{"rendered":"<p>Kul, rahmet-i il\u00e2h\u00eeyi idrak etmek ve kendi aczini bilmek i\u00e7in ara s\u0131ra g\u00fcnah i\u015fler. Acz ve kullu\u011funu bilen t\u00f6vbe etmi\u015f demektir. Z\u00eera t\u00f6vbe, Allah\u2019a geri d\u00f6nmek<span class=\"excerpt-hellip\"> [\u2026]<\/span><\/p>\n","protected":false},"featured_media":0,"template":"","meta":{"_monsterinsights_skip_tracking":false,"_monsterinsights_sitenote_active":false,"_monsterinsights_sitenote_note":"","_monsterinsights_sitenote_category":0},"product_brand":[],"product_cat":[12718,12719,15238],"product_tag":[],"class_list":{"0":"post-774750","1":"product","2":"type-product","3":"status-publish","5":"product_cat-din","6":"product_cat-islam","7":"product_cat-tasavvuf","8":"pa_cilt-ciltsiz","9":"pa_tur-kitap","10":"pa_yayinevi-nefes-yayincilik","11":"pa_yazar-cemalnur-sargut","13":"first","14":"instock","15":"sale","16":"shipping-taxable","17":"purchasable","18":"product-type-simple"},"_links":{"self":[{"href":"https:\/\/roveyayinevi.com.tr\/index.php\/wp-json\/wp\/v2\/product\/774750","targetHints":{"allow":["GET"]}}],"collection":[{"href":"https:\/\/roveyayinevi.com.tr\/index.php\/wp-json\/wp\/v2\/product"}],"about":[{"href":"https:\/\/roveyayinevi.com.tr\/index.php\/wp-json\/wp\/v2\/types\/product"}],"wp:attachment":[{"href":"https:\/\/roveyayinevi.com.tr\/index.php\/wp-json\/wp\/v2\/media?parent=774750"}],"wp:term":[{"taxonomy":"product_brand","embeddable":true,"href":"https:\/\/roveyayinevi.com.tr\/index.php\/wp-json\/wp\/v2\/product_brand?post=774750"},{"taxonomy":"product_cat","embeddable":true,"href":"https:\/\/roveyayinevi.com.tr\/index.php\/wp-json\/wp\/v2\/product_cat?post=774750"},{"taxonomy":"product_tag","embeddable":true,"href":"https:\/\/roveyayinevi.com.tr\/index.php\/wp-json\/wp\/v2\/product_tag?post=774750"}],"curies":[{"name":"wp","href":"https:\/\/api.w.org\/{rel}","templated":true}]}}