{"id":774748,"date":"2025-09-09T10:59:10","date_gmt":"2025-09-09T07:59:10","guid":{"rendered":"https:\/\/roveyayinevi.com.tr\/index.php\/urun\/sabah-yildizi\/"},"modified":"2025-09-09T10:59:10","modified_gmt":"2025-09-09T07:59:10","slug":"sabah-yildizi","status":"publish","type":"product","link":"https:\/\/roveyayinevi.com.tr\/index.php\/urun\/sabah-yildizi\/","title":{"rendered":"Sabah Y\u0131ld\u0131z\u0131"},"content":{"rendered":"<p>Her \u015fey kaybedildi\u011finde onur \u00f6l\u00fcm\u00fc emreder ama ya\u015fayanlar i\u00e7in h\u00e2l\u00e2 umut var. Alt\u0131nlar t\u00fcm evrene h\u00fckmedebilsin diye zincire vurulmu\u015f t\u00fcm renkler i\u00e7in. Yaln\u0131z de\u011filim. Kurban de\u011filim. Ben Azrail\u2019im. Ac\u0131 \u00e7ekmeyi bilirim. Karanl\u0131\u011f\u0131 bilirim. Hik\u00e2ye b\u00f6yle bitmeyecek.   \u201cPierce Brown, bilimkurgunun en gizli kalm\u0131\u015f s\u0131rr\u0131. \u00dc\u00e7lemenin \u00e7arp\u0131c\u0131 ve ilham verici son kitab\u0131 \u00f6yle bir gerilimle dolu ki sat\u0131rlar aras\u0131nda yere i\u011fne d\u00fc\u015fse duyuyorsunuz.\u201d Entertainment Weekly   \u201cYepyeni bir bilimkurgu nesli yeti\u015ftiren bu seri, beklentileri fazlas\u0131yla kar\u015f\u0131layan, kor gibi k\u0131z\u0131l bir sona ula\u015f\u0131yor.\u201d Amazon.com, Adrian Liang   \u201cBrown, Frank Herbert\u2019\u0131n Dune\u2019undaki gibi, tarih ile mitoloji aras\u0131ndaki g\u00f6lgelerde var olan karakterle dolu, \u00e7ok katmanl\u0131, alternatif bir evren yarat\u0131yor. Muazzam serinin sonu iddial\u0131 ve tatmin edici.\u201d  Kirkus Reviews   Darrow huzur i\u00e7inde ya\u015fayabilecekken d\u00fc\u015fmanlar\u0131 ona sava\u015f getirmi\u015ftir. Alt\u0131n y\u00f6neticiler kar\u0131s\u0131n\u0131 asm\u0131\u015f, halk\u0131n\u0131 k\u00f6lele\u015ftirmi\u015ftir. Darrow ise kar\u015f\u0131 koymaya kararl\u0131d\u0131r ve Alt\u0131nlar\u0131n aras\u0131na s\u0131zmak i\u00e7in her \u015feyini riske atm\u0131\u015ft\u0131r. Toplum\u2019un en g\u00fc\u00e7l\u00fc sava\u015f\u00e7\u0131lar\u0131n\u0131 yenip r\u00fctbesini y\u00fckseltmi\u015ftir. Ancak hiyerar\u015fiyi i\u00e7eriden \u00e7\u00f6kertecek devrime ad\u0131m ad\u0131m yakla\u015f\u0131rken aniden s\u0131rt\u0131ndan vurulmu\u015ftur. T\u00fcm hayat\u0131n\u0131n birikmi\u015f \u00f6fkesine ihanetin ac\u0131s\u0131 eklenmi\u015fken karanl\u0131\u011fa kap\u0131lmamaya \u00e7al\u0131\u015fan, bu s\u00fcre\u00e7te Alt\u0131n dostlar\u0131na sadakati ve \u00f6zg\u00fcrl\u00fck arzusu aras\u0131nda h\u0131rpalanan Darrow, G\u00fcne\u015f Sistemi\u2019nin kaderi omuzlar\u0131ndayken her zamankinden daha savunmas\u0131zd\u0131r. Onun ger\u00e7ek kimli\u011fini bilen eski m\u00fcttefikleri, sadakatlerini koruyacak m\u0131d\u0131r? Alt\u0131nlara kar\u015f\u0131 ayaklanmas\u0131 ba\u015far\u0131ya ula\u015fabilecek midir? Darrow ba\u015flatt\u0131\u011f\u0131 i\u00e7 sava\u015f\u0131 mutlak zafere ta\u015f\u0131maya \u00e7abalarken Alt\u0131n tiranlara kar\u015f\u0131 direnen milyonlarca insan\u0131n hayat\u0131n\u0131 de\u011fi\u015ftirecek se\u00e7imler yapacakt\u0131r.   \u201cM\u00fckemmel\u2026 Y\u0131ld\u0131zlararas\u0131 i\u00e7 sava\u015f\u0131 \u00e7ok tatmin edici bir sona ula\u015ft\u0131r\u0131rken co\u015fkulu nutuklar\u0131, par\u00e7alanan ailelerin hik\u00e2yelerini ve \u00e7arp\u0131c\u0131 \u00e7at\u0131\u015fma sahnelerini okura \u00f6n s\u0131radan izletiyor.\u201d Publishers Weekly   \u201cY\u0131ld\u0131z Sava\u015flar\u0131\u2019nda Jedi\u2019\u0131n D\u00f6n\u00fc\u015f\u00fc neyse, K\u0131z\u0131l \u0130syan \u00fc\u00e7lemesinde de  Sabah Y\u0131ld\u0131z\u0131 o\u2026\u201d Torcom<\/p>\n","protected":false},"excerpt":{"rendered":"<p>Her \u015fey kaybedildi\u011finde onur \u00f6l\u00fcm\u00fc emreder ama ya\u015fayanlar i\u00e7in h\u00e2l\u00e2 umut var. Alt\u0131nlar t\u00fcm evrene h\u00fckmedebilsin diye zincire vurulmu\u015f t\u00fcm renkler i\u00e7in. Yaln\u0131z de\u011filim. Kurban de\u011filim.<span class=\"excerpt-hellip\"> [\u2026]<\/span><\/p>\n","protected":false},"featured_media":0,"template":"","meta":{"_monsterinsights_skip_tracking":false,"_monsterinsights_sitenote_active":false,"_monsterinsights_sitenote_note":"","_monsterinsights_sitenote_category":0},"product_brand":[],"product_cat":[12291,14777],"product_tag":[],"class_list":{"0":"post-774748","1":"product","2":"type-product","3":"status-publish","5":"product_cat-edebiyat","6":"product_cat-fantastik","7":"pa_cilt-ciltsiz","8":"pa_tur-kitap","9":"pa_yayinevi-pegasus-yayinlari","10":"pa_yazar-pierce-brown","12":"first","13":"instock","14":"sale","15":"shipping-taxable","16":"purchasable","17":"product-type-simple"},"_links":{"self":[{"href":"https:\/\/roveyayinevi.com.tr\/index.php\/wp-json\/wp\/v2\/product\/774748","targetHints":{"allow":["GET"]}}],"collection":[{"href":"https:\/\/roveyayinevi.com.tr\/index.php\/wp-json\/wp\/v2\/product"}],"about":[{"href":"https:\/\/roveyayinevi.com.tr\/index.php\/wp-json\/wp\/v2\/types\/product"}],"wp:attachment":[{"href":"https:\/\/roveyayinevi.com.tr\/index.php\/wp-json\/wp\/v2\/media?parent=774748"}],"wp:term":[{"taxonomy":"product_brand","embeddable":true,"href":"https:\/\/roveyayinevi.com.tr\/index.php\/wp-json\/wp\/v2\/product_brand?post=774748"},{"taxonomy":"product_cat","embeddable":true,"href":"https:\/\/roveyayinevi.com.tr\/index.php\/wp-json\/wp\/v2\/product_cat?post=774748"},{"taxonomy":"product_tag","embeddable":true,"href":"https:\/\/roveyayinevi.com.tr\/index.php\/wp-json\/wp\/v2\/product_tag?post=774748"}],"curies":[{"name":"wp","href":"https:\/\/api.w.org\/{rel}","templated":true}]}}