{"id":774747,"date":"2025-09-09T10:59:08","date_gmt":"2025-09-09T07:59:08","guid":{"rendered":"https:\/\/roveyayinevi.com.tr\/index.php\/urun\/kazanmak-yetmez\/"},"modified":"2026-04-16T02:16:23","modified_gmt":"2026-04-15T23:16:23","slug":"kazanmak-yetmez","status":"publish","type":"product","link":"https:\/\/roveyayinevi.com.tr\/index.php\/urun\/kazanmak-yetmez\/","title":{"rendered":"Kazanmak Yetmez"},"content":{"rendered":"<p>Modern Avrupa basketbolunun en \u00f6nemli isimlerinden \u0160ar\u016bnas Jasikevi\u010dius (nam\u0131di\u011fer \u201c\u0160aras\u201d), Kaunas\u2019ta ba\u015flay\u0131p yine ayn\u0131 \u015fehirde sonlanan unutulmaz kariyerini bu otobiyografik kitapta bizzat ve en samimi \u015fekilde anlat\u0131yor. \u0130talyan gazeteci Pietro Scibetta ile birlikte kaleme al\u0131nan Kazanmak Yetmez, s\u0131ra d\u0131\u015f\u0131 bir ya\u015fam \u00f6yk\u00fcs\u00fcn\u00fc g\u00f6zler \u00f6n\u00fcne seriyor. \u00c7ocukluk y\u0131llar\u0131ndan ba\u015flayarak altyap\u0131dan zirveye uzanan basketbol ser\u00fcveni; Avrupa ve Amerika aras\u0131nda ge\u00e7en oyunculuk d\u00f6nemi; Barcelona, Maccabi, Panathinaikos ve Fenerbah\u00e7e\u2019de kazan\u0131lan \u015fampiyonluklar; Litvanya Mill\u00ee Tak\u0131m\u0131\u2019yla elde edilen madalyalar\u2026 Hepsi, Jasikevi\u010dius\u2019un akl\u0131, y\u00fcre\u011fi ve bitmek bilmeyen kazanma arzusu e\u015fli\u011finde bu sayfalarda canlan\u0131yor. NCAA ve NBA\u2019deki deneyimlerinden T\u00fcrkiye\u2019de ge\u00e7irdi\u011fi g\u00fcnlere, Litvanya\u2019n\u0131n yak\u0131n siyasi tarihine dair g\u00f6zlemlerinden, d\u00fcnya basketboluna y\u00f6n veren efsanelerle yollar\u0131n\u0131n nas\u0131l kesi\u015fti\u011fine kadar pek \u00e7ok ayr\u0131nt\u0131, bu kitapta okurla bulu\u015fuyor. Bu eser, Jasikevi\u010dius\u2019un \u017dalgiris\u2019teki asistan ko\u00e7luk g\u00f6reviyle noktalanan oyunculuk kariyerini kaps\u0131yor ve yenilenmi\u015f \u00e7evirisiyle yap\u0131lan bu \u00f6zel bask\u0131da metne ayr\u0131ca, kendisinin son on y\u0131ldaki ba\u015fantren\u00f6rl\u00fck ser\u00fcveni ve \u00f6zellikle bu sezon Fenerbah\u00e7e ile elde etti\u011fi tarih\u00ee ba\u015far\u0131lar\u0131n \u00f6yk\u00fcs\u00fc de ekleniyor. Magic Johnson\u2019dan Arvydas Sabonis\u2019e, Michael Jordan\u2019dan Dra\u017een Petrovi\u0107\u2019e, \u017deljko Obradovi\u0107\u2019ten Larry Bird\u2019e, LeBron James\u2019ten Svetislav Pe\u0161i\u0107\u2019e, Pini Gershon\u2019dan Gregg Popovich\u2019e kadar bir\u00e7ok efsane ismin Jasikevi\u010dius\u2019un hayat\u0131ndaki yerini, do\u011frudan onun ifadeleriyle ke\u015ffedeceksiniz. Ayr\u0131ca T\u00fcrk vatanda\u015fl\u0131\u011f\u0131na ge\u00e7menin nas\u0131l k\u0131y\u0131s\u0131ndan d\u00f6nd\u00fc\u011f\u00fcn\u00fc ve T\u00fcrkiye ile yollar\u0131n\u0131n ilk ne zaman kesi\u015fti\u011fini de \u00f6\u011frenme f\u0131rsat\u0131 bulacaks\u0131n\u0131z. \u0160aras efsanesine daha yak\u0131ndan tan\u0131kl\u0131k etmeye haz\u0131r olun! <\/p>\n","protected":false},"excerpt":{"rendered":"<p>Modern Avrupa basketbolunun en \u00f6nemli isimlerinden \u0160ar\u016bnas Jasikevi\u010dius (nam\u0131di\u011fer \u201c\u0160aras\u201d), Kaunas\u2019ta ba\u015flay\u0131p yine ayn\u0131 \u015fehirde sonlanan unutulmaz kariyerini bu otobiyografik kitapta bizzat ve en samimi \u015fekilde<span class=\"excerpt-hellip\"> [\u2026]<\/span><\/p>\n","protected":false},"featured_media":0,"template":"","meta":{"_monsterinsights_skip_tracking":false,"_monsterinsights_sitenote_active":false,"_monsterinsights_sitenote_note":"","_monsterinsights_sitenote_category":0},"product_brand":[],"product_cat":[15563,15564],"product_tag":[],"class_list":{"0":"post-774747","1":"product","2":"type-product","3":"status-publish","5":"product_cat-hobi","6":"product_cat-spor","7":"pa_cilt-ciltsiz","8":"pa_tur-kitap","9":"pa_yayinevi-profil-kitap","10":"pa_yazar-sarunas-jasikevicius","12":"first","13":"instock","14":"sale","15":"shipping-taxable","16":"purchasable","17":"product-type-simple"},"_links":{"self":[{"href":"https:\/\/roveyayinevi.com.tr\/index.php\/wp-json\/wp\/v2\/product\/774747","targetHints":{"allow":["GET"]}}],"collection":[{"href":"https:\/\/roveyayinevi.com.tr\/index.php\/wp-json\/wp\/v2\/product"}],"about":[{"href":"https:\/\/roveyayinevi.com.tr\/index.php\/wp-json\/wp\/v2\/types\/product"}],"wp:attachment":[{"href":"https:\/\/roveyayinevi.com.tr\/index.php\/wp-json\/wp\/v2\/media?parent=774747"}],"wp:term":[{"taxonomy":"product_brand","embeddable":true,"href":"https:\/\/roveyayinevi.com.tr\/index.php\/wp-json\/wp\/v2\/product_brand?post=774747"},{"taxonomy":"product_cat","embeddable":true,"href":"https:\/\/roveyayinevi.com.tr\/index.php\/wp-json\/wp\/v2\/product_cat?post=774747"},{"taxonomy":"product_tag","embeddable":true,"href":"https:\/\/roveyayinevi.com.tr\/index.php\/wp-json\/wp\/v2\/product_tag?post=774747"}],"curies":[{"name":"wp","href":"https:\/\/api.w.org\/{rel}","templated":true}]}}