{"id":774740,"date":"2025-09-09T10:49:23","date_gmt":"2025-09-09T07:49:23","guid":{"rendered":"https:\/\/roveyayinevi.com.tr\/index.php\/urun\/guz-alacakaranligi-ejderhalari-ejderha-mizragi-destani-1-kitap\/"},"modified":"2026-04-13T02:19:04","modified_gmt":"2026-04-12T23:19:04","slug":"guz-alacakaranligi-ejderhalari-ejderha-mizragi-destani-1-kitap","status":"publish","type":"product","link":"https:\/\/roveyayinevi.com.tr\/index.php\/urun\/guz-alacakaranligi-ejderhalari-ejderha-mizragi-destani-1-kitap\/","title":{"rendered":"G\u00fcz Alacakaranl\u0131\u011f\u0131 Ejderhalar\u0131: Ejderha M\u0131zra\u011f\u0131 Destan\u0131 1. Kitap"},"content":{"rendered":"<p>New York Times \u00e7oksatan\u0131, fantastik edebiyat\u0131n ba\u015fucu eserlerinden bu kitap, efsanevi bir maceran\u0131n kap\u0131lar\u0131n\u0131 aral\u0131yor.Eski dostlar, ayr\u0131 yollara gitmi\u015flerdi. \u015eimdi, birbirlerinden sakl\u0131 s\u0131rlar\u0131na ra\u011fmen yeniden bir aradalar. Sava\u015f dedikodular\u0131yla g\u00f6lgelenmi\u015f bir d\u00fcnyadan s\u00f6z ediyorlard\u0131. Tuhaf yarat\u0131klar\u0131n, mitik varl\u0131klar\u0131n, efsanevi yarat\u0131klar\u0131n hik\u00e2yelerinden s\u00f6z ediyorlard\u0131. S\u0131rlar\u0131ndan bahsetmiyorlard\u0131. Ta ki bir g\u00fcn kar\u015f\u0131la\u015ft\u0131klar\u0131, b\u00fcy\u00fcl\u00fc kristal asa ta\u015f\u0131yan, kederli ve g\u00fczel bir kad\u0131n onlar\u0131 g\u00f6lgelerin derinliklerine g\u00f6t\u00fcr\u00fcp hayatlar\u0131n\u0131 sonsuza kadar de\u011fi\u015ftirerek d\u00fcnyan\u0131n kaderini \u015fekillendirene kadar.Kimse kahraman olmalar\u0131n\u0131 beklemiyordu.En \u00e7ok da, kendileri.\u201cKenderlerin, k\u00fc\u00e7\u00fck \u015feyleri ba\u015farabilmek i\u00e7in k\u00fc\u00e7\u00fck yarat\u0131ld\u0131klar\u0131n\u0131 s\u00f6ylerdi. \u2018E\u011fer d\u00fcnyadaki b\u00fcy\u00fck \u015feylere yak\u0131ndan bakacak olursan,\u2019 demi\u015fti, \u2018bunlar\u0131n bir araya gelmi\u015f ufak \u015feylerden olu\u015ftu\u011funu g\u00f6r\u00fcrs\u00fcn.\u2019 O a\u015fa\u011f\u0131daki koca ejderha, kan damlalar\u0131ndan ba\u015fka bir \u015fey de\u011fildir belki de. Ve b\u00fct\u00fcn fark\u0131 yaratan da k\u00fc\u00e7\u00fck de\u011fi\u015fikliklerdir.\u201dEjderha M\u0131zra\u011f\u0131 d\u00fcnyas\u0131na ho\u015f geldiniz. <\/p>\n","protected":false},"excerpt":{"rendered":"<p>New York Times \u00e7oksatan\u0131, fantastik edebiyat\u0131n ba\u015fucu eserlerinden bu kitap, efsanevi bir maceran\u0131n kap\u0131lar\u0131n\u0131 aral\u0131yor.Eski dostlar, ayr\u0131 yollara gitmi\u015flerdi. \u015eimdi, birbirlerinden sakl\u0131 s\u0131rlar\u0131na ra\u011fmen yeniden bir<span class=\"excerpt-hellip\"> [\u2026]<\/span><\/p>\n","protected":false},"featured_media":0,"template":"","meta":{"_monsterinsights_skip_tracking":false,"_monsterinsights_sitenote_active":false,"_monsterinsights_sitenote_note":"","_monsterinsights_sitenote_category":0},"product_brand":[],"product_cat":[12291,12711],"product_tag":[],"class_list":{"0":"post-774740","1":"product","2":"type-product","3":"status-publish","5":"product_cat-edebiyat","6":"product_cat-roman-oyku","7":"pa_cilt-ciltsiz","8":"pa_tur-kitap","9":"pa_yayinevi-ithaki-yayinlari","10":"pa_yazar-margaret-weis","11":"pa_yazar-tracy-hickman","13":"first","14":"instock","15":"sale","16":"shipping-taxable","17":"purchasable","18":"product-type-simple"},"_links":{"self":[{"href":"https:\/\/roveyayinevi.com.tr\/index.php\/wp-json\/wp\/v2\/product\/774740","targetHints":{"allow":["GET"]}}],"collection":[{"href":"https:\/\/roveyayinevi.com.tr\/index.php\/wp-json\/wp\/v2\/product"}],"about":[{"href":"https:\/\/roveyayinevi.com.tr\/index.php\/wp-json\/wp\/v2\/types\/product"}],"wp:attachment":[{"href":"https:\/\/roveyayinevi.com.tr\/index.php\/wp-json\/wp\/v2\/media?parent=774740"}],"wp:term":[{"taxonomy":"product_brand","embeddable":true,"href":"https:\/\/roveyayinevi.com.tr\/index.php\/wp-json\/wp\/v2\/product_brand?post=774740"},{"taxonomy":"product_cat","embeddable":true,"href":"https:\/\/roveyayinevi.com.tr\/index.php\/wp-json\/wp\/v2\/product_cat?post=774740"},{"taxonomy":"product_tag","embeddable":true,"href":"https:\/\/roveyayinevi.com.tr\/index.php\/wp-json\/wp\/v2\/product_tag?post=774740"}],"curies":[{"name":"wp","href":"https:\/\/api.w.org\/{rel}","templated":true}]}}