{"id":774735,"date":"2025-09-09T10:42:18","date_gmt":"2025-09-09T07:42:18","guid":{"rendered":"https:\/\/roveyayinevi.com.tr\/index.php\/urun\/kizil-isyan-2-altin-ogul\/"},"modified":"2025-09-09T10:42:18","modified_gmt":"2025-09-09T07:42:18","slug":"kizil-isyan-2-altin-ogul","status":"publish","type":"product","link":"https:\/\/roveyayinevi.com.tr\/index.php\/urun\/kizil-isyan-2-altin-ogul\/","title":{"rendered":"K\u0131z\u0131l \u0130syan 2 &#8211; Alt\u0131n O\u011ful"},"content":{"rendered":"<p>Alt\u0131n y\u00fczlerden olu\u015fan bir denizde s\u00fcr\u00fckleniyorum. Burada sadece g\u00fc\u00e7l\u00fc olan hayatta kalabilir. Sadece ak\u0131ll\u0131 olan y\u00f6netebilir. H\u00e2l\u00e2 oyun oynuyorum ama bu, oyunlar\u0131n en \u00f6l\u00fcmc\u00fcl\u00fc. Ben y\u00fczy\u0131llard\u0131r k\u00f6lele\u015ftirilen halk\u0131m\u0131n k\u0131l\u0131c\u0131y\u0131m. Ba\u011f\u0131\u015flamayaca\u011f\u0131m. Ve unutmayaca\u011f\u0131m. <\/p>\n","protected":false},"excerpt":{"rendered":"<p>Alt\u0131n y\u00fczlerden olu\u015fan bir denizde s\u00fcr\u00fckleniyorum. Burada sadece g\u00fc\u00e7l\u00fc olan hayatta kalabilir. Sadece ak\u0131ll\u0131 olan y\u00f6netebilir. H\u00e2l\u00e2 oyun oynuyorum ama bu, oyunlar\u0131n en \u00f6l\u00fcmc\u00fcl\u00fc. Ben y\u00fczy\u0131llard\u0131r<span class=\"excerpt-hellip\"> [\u2026]<\/span><\/p>\n","protected":false},"featured_media":0,"template":"","meta":{"_monsterinsights_skip_tracking":false,"_monsterinsights_sitenote_active":false,"_monsterinsights_sitenote_note":"","_monsterinsights_sitenote_category":0},"product_brand":[],"product_cat":[12540,12291],"product_tag":[],"class_list":{"0":"post-774735","1":"product","2":"type-product","3":"status-publish","5":"product_cat-bilim-kurgu","6":"product_cat-edebiyat","7":"pa_tur-kitap","8":"pa_yayinevi-pegasus-yayinlari","9":"pa_yazar-pierce-brown","11":"first","12":"instock","13":"sale","14":"shipping-taxable","15":"purchasable","16":"product-type-simple"},"_links":{"self":[{"href":"https:\/\/roveyayinevi.com.tr\/index.php\/wp-json\/wp\/v2\/product\/774735","targetHints":{"allow":["GET"]}}],"collection":[{"href":"https:\/\/roveyayinevi.com.tr\/index.php\/wp-json\/wp\/v2\/product"}],"about":[{"href":"https:\/\/roveyayinevi.com.tr\/index.php\/wp-json\/wp\/v2\/types\/product"}],"wp:attachment":[{"href":"https:\/\/roveyayinevi.com.tr\/index.php\/wp-json\/wp\/v2\/media?parent=774735"}],"wp:term":[{"taxonomy":"product_brand","embeddable":true,"href":"https:\/\/roveyayinevi.com.tr\/index.php\/wp-json\/wp\/v2\/product_brand?post=774735"},{"taxonomy":"product_cat","embeddable":true,"href":"https:\/\/roveyayinevi.com.tr\/index.php\/wp-json\/wp\/v2\/product_cat?post=774735"},{"taxonomy":"product_tag","embeddable":true,"href":"https:\/\/roveyayinevi.com.tr\/index.php\/wp-json\/wp\/v2\/product_tag?post=774735"}],"curies":[{"name":"wp","href":"https:\/\/api.w.org\/{rel}","templated":true}]}}