{"id":774734,"date":"2025-09-09T10:42:01","date_gmt":"2025-09-09T07:42:01","guid":{"rendered":"https:\/\/roveyayinevi.com.tr\/index.php\/urun\/aslan-asker-svayk\/"},"modified":"2026-04-16T02:13:59","modified_gmt":"2026-04-15T23:13:59","slug":"aslan-asker-svayk","status":"publish","type":"product","link":"https:\/\/roveyayinevi.com.tr\/index.php\/urun\/aslan-asker-svayk\/","title":{"rendered":"Aslan Asker \u015evayk"},"content":{"rendered":"<p>\u00c7ek Yazar Yaroslav Ha\u015fek\u00b4in (1883-1923) Aslan Asker \u015evayk\u00b4\u0131, 1960\u00b4lardan bu yana hi\u00e7 de yabanc\u0131miz de\u011fil. Tiyatro tutkunlar\u0131, sahne uyarlamalar\u0131nda, Genco Erkala ve \u015eener \u015een\u00b4den izlediler \u015evayk\u00b4\u0131. Mizah ustas\u0131 Ha\u015fek\u00b4in, 1. D\u00fcnya Sava\u015f\u0131\u00b4n\u0131n hemen ard\u0131ndan yazd\u0131\u011f\u0131 bu roman, sava\u015f\u0131, t\u00fcm ac\u0131mas\u0131zl\u0131klar\u0131 ve sa\u00e7mal\u0131klar\u0131yla yerden yere vuran bir yergi ba\u015fyap\u0131t\u0131. (Arka Kapak\u00b4tan)<\/p>\n","protected":false},"excerpt":{"rendered":"<p>\u00c7ek Yazar Yaroslav Ha\u015fek\u00b4in (1883-1923) Aslan Asker \u015evayk\u00b4\u0131, 1960\u00b4lardan bu yana hi\u00e7 de yabanc\u0131miz de\u011fil. Tiyatro tutkunlar\u0131, sahne uyarlamalar\u0131nda, Genco Erkala ve \u015eener \u015een\u00b4den izlediler \u015evayk\u00b4\u0131.<span class=\"excerpt-hellip\"> [\u2026]<\/span><\/p>\n","protected":false},"featured_media":0,"template":"","meta":{"_monsterinsights_skip_tracking":false,"_monsterinsights_sitenote_active":false,"_monsterinsights_sitenote_note":"","_monsterinsights_sitenote_category":0},"product_brand":[],"product_cat":[13661,12291],"product_tag":[],"class_list":{"0":"post-774734","1":"product","2":"type-product","3":"status-publish","5":"product_cat-diger-ulke-edebiyatlari","6":"product_cat-edebiyat","7":"pa_cilt-ciltsiz","8":"pa_tur-kitap","9":"pa_yayinevi-can-yayinlari","10":"pa_yazar-jaroslav-hasek","12":"first","13":"instock","14":"sale","15":"shipping-taxable","16":"purchasable","17":"product-type-simple"},"_links":{"self":[{"href":"https:\/\/roveyayinevi.com.tr\/index.php\/wp-json\/wp\/v2\/product\/774734","targetHints":{"allow":["GET"]}}],"collection":[{"href":"https:\/\/roveyayinevi.com.tr\/index.php\/wp-json\/wp\/v2\/product"}],"about":[{"href":"https:\/\/roveyayinevi.com.tr\/index.php\/wp-json\/wp\/v2\/types\/product"}],"wp:attachment":[{"href":"https:\/\/roveyayinevi.com.tr\/index.php\/wp-json\/wp\/v2\/media?parent=774734"}],"wp:term":[{"taxonomy":"product_brand","embeddable":true,"href":"https:\/\/roveyayinevi.com.tr\/index.php\/wp-json\/wp\/v2\/product_brand?post=774734"},{"taxonomy":"product_cat","embeddable":true,"href":"https:\/\/roveyayinevi.com.tr\/index.php\/wp-json\/wp\/v2\/product_cat?post=774734"},{"taxonomy":"product_tag","embeddable":true,"href":"https:\/\/roveyayinevi.com.tr\/index.php\/wp-json\/wp\/v2\/product_tag?post=774734"}],"curies":[{"name":"wp","href":"https:\/\/api.w.org\/{rel}","templated":true}]}}