{"id":774731,"date":"2025-09-09T10:41:36","date_gmt":"2025-09-09T07:41:36","guid":{"rendered":"https:\/\/roveyayinevi.com.tr\/index.php\/urun\/hz-musa-ve-tek-tanricilik\/"},"modified":"2026-04-16T02:13:58","modified_gmt":"2026-04-15T23:13:58","slug":"hz-musa-ve-tek-tanricilik","status":"publish","type":"product","link":"https:\/\/roveyayinevi.com.tr\/index.php\/urun\/hz-musa-ve-tek-tanricilik\/","title":{"rendered":"Hz. Musa ve Tek Tanr\u0131c\u0131l\u0131k"},"content":{"rendered":"<p>Avusturyal\u0131 n\u00f6rolog ve psikanalist Sigmund Freud (1856-1939); Viyana \u00dcniversitesi&#8217;ndeki t\u0131p \u00f6\u011freniminin ard\u0131ndan ruhsal k\u00f6kenli hastal\u0131klar, \u00f6zellikle isteri \u00fczerine ara\u015ft\u0131rmalara y\u00f6neldi. Bir s\u00fcre Viyanal\u0131 t\u0131p doktoru Josef Breuer ile \u00e7al\u0131\u015ft\u0131. 1900&#8217;lerde psikanalitik kuram\u0131n\u0131 geli\u015ftirdi ve nevrozlar\u0131n tedavisiyle u\u011fra\u015ft\u0131. 1902&#8217;de profes\u00f6r oldu. 1908&#8217;de, sonraki y\u0131llarda bir\u00e7ok \u00fcnl\u00fc psikanalist yeti\u015ftirecek olan Viyana Psikanaliz Enstit\u00fcs\u00fc&#8217;n\u00fc kurdu. \u00c7\u00f6z\u00fcmlemelerinde cinselli\u011fe belirleyici bir yer ay\u0131ran Freud, \u00e7a\u011f\u0131m\u0131z\u0131n k\u00fclt\u00fcrel ve toplumsal sorunlar\u0131n\u0131n \u00e7\u00f6z\u00fcm\u00fcne bak\u0131\u015f a\u00e7\u0131s\u0131yla \u00f6nemli katk\u0131larda bulundu. 1930&#8217;da Goethe Arma\u011fan\u0131&#8217;n\u0131 kazand\u0131. Avusturya&#8217;n\u0131n Nazilerce i\u015fgalinden sonra 1938&#8217;de Londra&#8217;ya g\u00f6\u00e7 etti ve burada \u00f6ld\u00fc. &#8230;Nas\u0131l oluyor da bir tek adam b\u00f6ylesine ola\u011fan\u00fcst\u00fc bir i\u015fi ba\u015farabiliyor, de\u011fi\u015fik bireyleri bir araya getirip bir ulus yaratabiliyor ve kesin karakter \u00f6zellikleriyle donatabiliyor onu, yazg\u0131s\u0131n\u0131 biny\u0131llar boyu bir s\u00fcre i\u00e7in belirleyebiliyor? B\u00f6yle bir varsay\u0131m\u0131 benimsemek, yarat\u0131c\u0131 mitlerin ve kahraman k\u00fcltlerinin do\u011fmas\u0131n\u0131 sa\u011flayan d\u00fc\u015f\u00fcn\u00fc bi\u00e7imine yeniden bir uzan\u0131\u015f, tarih yazarl\u0131\u011f\u0131n\u0131n tek tek ki\u015filere \u00f6zg\u00fc i\u015flevi ve ya\u015fam ser\u00fcvenlerini \u00f6yk\u00fclemekten \u00f6teye ge\u00e7medi\u011fi \u00e7a\u011flara d\u00f6n\u00fc\u015f de\u011fil midir? \ufffcTan\u0131t\u0131m Metni<\/p>\n","protected":false},"excerpt":{"rendered":"<p>Avusturyal\u0131 n\u00f6rolog ve psikanalist Sigmund Freud (1856-1939); Viyana \u00dcniversitesi&#8217;ndeki t\u0131p \u00f6\u011freniminin ard\u0131ndan ruhsal k\u00f6kenli hastal\u0131klar, \u00f6zellikle isteri \u00fczerine ara\u015ft\u0131rmalara y\u00f6neldi. Bir s\u00fcre Viyanal\u0131 t\u0131p doktoru Josef<span class=\"excerpt-hellip\"> [\u2026]<\/span><\/p>\n","protected":false},"featured_media":0,"template":"","meta":{"_monsterinsights_skip_tracking":false,"_monsterinsights_sitenote_active":false,"_monsterinsights_sitenote_note":"","_monsterinsights_sitenote_category":0},"product_brand":[],"product_cat":[12718,16794],"product_tag":[],"class_list":{"0":"post-774731","1":"product","2":"type-product","3":"status-publish","5":"product_cat-din","6":"product_cat-dinler-tarihi","7":"pa_cilt-ciltsiz","8":"pa_tur-kitap","9":"pa_yayinevi-cem-yayinevi","10":"pa_yazar-sigmund-freud","12":"first","13":"instock","14":"sale","15":"shipping-taxable","16":"purchasable","17":"product-type-simple"},"_links":{"self":[{"href":"https:\/\/roveyayinevi.com.tr\/index.php\/wp-json\/wp\/v2\/product\/774731","targetHints":{"allow":["GET"]}}],"collection":[{"href":"https:\/\/roveyayinevi.com.tr\/index.php\/wp-json\/wp\/v2\/product"}],"about":[{"href":"https:\/\/roveyayinevi.com.tr\/index.php\/wp-json\/wp\/v2\/types\/product"}],"wp:attachment":[{"href":"https:\/\/roveyayinevi.com.tr\/index.php\/wp-json\/wp\/v2\/media?parent=774731"}],"wp:term":[{"taxonomy":"product_brand","embeddable":true,"href":"https:\/\/roveyayinevi.com.tr\/index.php\/wp-json\/wp\/v2\/product_brand?post=774731"},{"taxonomy":"product_cat","embeddable":true,"href":"https:\/\/roveyayinevi.com.tr\/index.php\/wp-json\/wp\/v2\/product_cat?post=774731"},{"taxonomy":"product_tag","embeddable":true,"href":"https:\/\/roveyayinevi.com.tr\/index.php\/wp-json\/wp\/v2\/product_tag?post=774731"}],"curies":[{"name":"wp","href":"https:\/\/api.w.org\/{rel}","templated":true}]}}