{"id":774730,"date":"2025-09-09T10:41:31","date_gmt":"2025-09-09T07:41:31","guid":{"rendered":"https:\/\/roveyayinevi.com.tr\/index.php\/urun\/bizim-sinifin-halleri\/"},"modified":"2026-04-03T02:18:57","modified_gmt":"2026-04-02T23:18:57","slug":"bizim-sinifin-halleri","status":"publish","type":"product","link":"https:\/\/roveyayinevi.com.tr\/index.php\/urun\/bizim-sinifin-halleri\/","title":{"rendered":"Bizim S\u0131n\u0131f\u0131n Halleri"},"content":{"rendered":"<p>3-E s\u0131n\u0131f\u0131na giden Togancan\u2019\u0131n arkada\u015flar\u0131 bir alem do\u011frusu! Bunu anlamak i\u00e7in s\u0131n\u0131f isim listesine \u015f\u00f6yle bir g\u00f6z gezdirmeniz bile yeterli asl\u0131nda. Mertefe, Bilgenaz, Bestesu, Sakincan, Bo\u011fa\u00e7han, Atakcan, Kalbinaz, Servetcan, Do\u011fadan, Cilvenaz, Berraksu, Uzayhan ve \u201cadam\u0131m\u0131z\u201d Togancan!.. Her biri ad\u0131n\u0131n hakk\u0131n\u0131 veren ki\u015fisel \u00f6zelliklere sahip olan s\u0131n\u0131f ahalisi i\u00e7in muz\u0131rl\u0131k daima \u00f6n planda. T\u00fcm bu \u015famataya bazen m\u00fcdahale etmek zorunda kalan, ara s\u0131ra tutan migrenini saymazsak durumdan \u015fikayeti olmayan \u00f6\u011fretmenleri bayan Sinirbasan&#8217;\u0131 da unutmayal\u0131m. <\/p>\n","protected":false},"excerpt":{"rendered":"<p>3-E s\u0131n\u0131f\u0131na giden Togancan\u2019\u0131n arkada\u015flar\u0131 bir alem do\u011frusu! Bunu anlamak i\u00e7in s\u0131n\u0131f isim listesine \u015f\u00f6yle bir g\u00f6z gezdirmeniz bile yeterli asl\u0131nda. Mertefe, Bilgenaz, Bestesu, Sakincan, Bo\u011fa\u00e7han,<span class=\"excerpt-hellip\"> [\u2026]<\/span><\/p>\n","protected":false},"featured_media":0,"template":"","meta":{"_monsterinsights_skip_tracking":false,"_monsterinsights_sitenote_active":false,"_monsterinsights_sitenote_note":"","_monsterinsights_sitenote_category":0},"product_brand":[],"product_cat":[12274,12284],"product_tag":[],"class_list":{"0":"post-774730","1":"product","2":"type-product","3":"status-publish","5":"product_cat-cocuk-ve-genclik-kitaplari","6":"product_cat-hikayeler","7":"pa_tur-kitap","8":"pa_yayinevi-tudem-yayinlari","9":"pa_yazar-pelin-gunes","11":"first","12":"instock","13":"sale","14":"shipping-taxable","15":"purchasable","16":"product-type-simple"},"_links":{"self":[{"href":"https:\/\/roveyayinevi.com.tr\/index.php\/wp-json\/wp\/v2\/product\/774730","targetHints":{"allow":["GET"]}}],"collection":[{"href":"https:\/\/roveyayinevi.com.tr\/index.php\/wp-json\/wp\/v2\/product"}],"about":[{"href":"https:\/\/roveyayinevi.com.tr\/index.php\/wp-json\/wp\/v2\/types\/product"}],"wp:attachment":[{"href":"https:\/\/roveyayinevi.com.tr\/index.php\/wp-json\/wp\/v2\/media?parent=774730"}],"wp:term":[{"taxonomy":"product_brand","embeddable":true,"href":"https:\/\/roveyayinevi.com.tr\/index.php\/wp-json\/wp\/v2\/product_brand?post=774730"},{"taxonomy":"product_cat","embeddable":true,"href":"https:\/\/roveyayinevi.com.tr\/index.php\/wp-json\/wp\/v2\/product_cat?post=774730"},{"taxonomy":"product_tag","embeddable":true,"href":"https:\/\/roveyayinevi.com.tr\/index.php\/wp-json\/wp\/v2\/product_tag?post=774730"}],"curies":[{"name":"wp","href":"https:\/\/api.w.org\/{rel}","templated":true}]}}