{"id":774729,"date":"2025-09-09T10:41:13","date_gmt":"2025-09-09T07:41:13","guid":{"rendered":"https:\/\/roveyayinevi.com.tr\/index.php\/urun\/duisburg-treni\/"},"modified":"2026-04-08T02:18:32","modified_gmt":"2026-04-07T23:18:32","slug":"duisburg-treni","status":"publish","type":"product","link":"https:\/\/roveyayinevi.com.tr\/index.php\/urun\/duisburg-treni\/","title":{"rendered":"Duisburg Treni"},"content":{"rendered":"<p>Fakir Baykurt, \u00f6yk\u00fclerinde k\u00f6y ya\u015fam\u0131n\u0131n sertli\u011fi, yoksulluk, cahillik, taassup, bat\u0131l inan\u00e7, s\u00f6m\u00fcr\u00fc gibi sorunlar\u0131 ele alarak k\u00f6yl\u00fcn\u00fcn maddi ve manevi d\u00fcnyas\u0131n\u0131 toplumsalc\u0131 ve ger\u00e7ek\u00e7i bir bak\u0131\u015ftan i\u015fliyor. G\u00f6zlemlerden, canl\u0131 tan\u0131kl\u0131klardan yola \u00e7\u0131kan yazar, g\u00fcnl\u00fck konu\u015fma dilini \u00f6yk\u00fcye ta\u015f\u0131yarak zaman zaman mizahi bir dil kullan\u0131yor; b\u00fcrokrasinin \u00e7arklar\u0131 aras\u0131nda s\u0131k\u0131\u015fan ama i\u00e7inde de bir umudu bar\u0131nd\u0131ran \u201cs\u0131radan insan\u0131\u201d, ya\u015fad\u0131\u011f\u0131 yerin atmosferiyle birlikte \u00e7arp\u0131c\u0131 bir bi\u00e7imde betimliyor. \u0130lk bas\u0131m\u0131 1982\u2019de yap\u0131lan Duisburg Treni\u2019ni yeniden okurla bulu\u015fturuyoruz: \u201cBu yan\u0131t\u0131 do\u011fru bulmuyorum. 18 ya\u015f\u0131nday\u0131m. On d\u00f6rt y\u0131ld\u0131r bu \u00fclkedeyim. Bir meslek \u00f6\u011frenmek istiyorum&#8230;\u201d \u201cYerimiz yok demi\u015ftim size..\u201d \u201cBenden \u00f6nce Polonyal\u0131 Tamara\u2019ya bulundu ama! O da kara sa\u00e7l\u0131 de\u011fil miydi?\u201d Herr Walder durdu biraz. \u201cPolonya ba\u015fka!\u201d dedi sonra. \u201cH\u00fck\u00fcmet, Polonya\u2019dan gelenlere kar\u015f\u0131 esneklik istiyor&#8230;\u201d Nereden geldi, nas\u0131l olduysa, \u201c(Aman devam et! Bug\u00fcn sonu\u00e7 alacaks\u0131n!)\u201d diye bir umut do\u011fdu i\u00e7ine. B\u00f6l\u00fcm \u015fefi Herr Walder\u2019le konu\u015fmas\u0131n\u0131 s\u00fcrd\u00fcrd\u00fc: \u201cAz \u00f6nce Almancam\u0131n iyi oldu\u011funu, ama Alman m\u00fc\u015fterilerin kara sa\u00e7l\u0131 berber istemedi\u011fini s\u00f6ylemi\u015ftiniz. Beni geri g\u00f6ndermeden bu noktay\u0131 biraz daha a\u00e7\u0131klaman\u0131z\u0131 rica ediyorum..\u201d \u201cEvet Almancan\u0131z iyi. Berberlik yapabilirsiniz. \u00c7\u00fcnk\u00fc bu meslekte \u00e7al\u0131\u015fanlar\u0131n her konuda d\u00fczg\u00fcn konu\u015fabilmesi gerekir. Kara sa\u00e7l\u0131lar\u0131n istenmeyi\u015fi ise, son y\u0131llarda geli\u015fen yabanc\u0131 d\u00fc\u015fmanl\u0131\u011f\u0131 ile ilgili. Meslek se\u00e7imlerini y\u00f6nlendirebilmek i\u00e7in kamuoyu e\u011filimlerine dikkat ediyoruz. Almanya\u2019da kara sa\u00e7l\u0131 berberlerle sat\u0131c\u0131lara tepki art\u0131yor&#8230;\u201d <\/p>\n","protected":false},"excerpt":{"rendered":"<p>Fakir Baykurt, \u00f6yk\u00fclerinde k\u00f6y ya\u015fam\u0131n\u0131n sertli\u011fi, yoksulluk, cahillik, taassup, bat\u0131l inan\u00e7, s\u00f6m\u00fcr\u00fc gibi sorunlar\u0131 ele alarak k\u00f6yl\u00fcn\u00fcn maddi ve manevi d\u00fcnyas\u0131n\u0131 toplumsalc\u0131 ve ger\u00e7ek\u00e7i bir bak\u0131\u015ftan<span class=\"excerpt-hellip\"> [\u2026]<\/span><\/p>\n","protected":false},"featured_media":0,"template":"","meta":{"_monsterinsights_skip_tracking":false,"_monsterinsights_sitenote_active":false,"_monsterinsights_sitenote_note":"","_monsterinsights_sitenote_category":0},"product_brand":[],"product_cat":[12291,12711],"product_tag":[],"class_list":{"0":"post-774729","1":"product","2":"type-product","3":"status-publish","5":"product_cat-edebiyat","6":"product_cat-roman-oyku","7":"pa_cilt-ciltsiz","8":"pa_tur-kitap","9":"pa_yayinevi-literatur-yayinevi","10":"pa_yazar-fakir-baykurt","12":"first","13":"instock","14":"sale","15":"shipping-taxable","16":"purchasable","17":"product-type-simple"},"_links":{"self":[{"href":"https:\/\/roveyayinevi.com.tr\/index.php\/wp-json\/wp\/v2\/product\/774729","targetHints":{"allow":["GET"]}}],"collection":[{"href":"https:\/\/roveyayinevi.com.tr\/index.php\/wp-json\/wp\/v2\/product"}],"about":[{"href":"https:\/\/roveyayinevi.com.tr\/index.php\/wp-json\/wp\/v2\/types\/product"}],"wp:attachment":[{"href":"https:\/\/roveyayinevi.com.tr\/index.php\/wp-json\/wp\/v2\/media?parent=774729"}],"wp:term":[{"taxonomy":"product_brand","embeddable":true,"href":"https:\/\/roveyayinevi.com.tr\/index.php\/wp-json\/wp\/v2\/product_brand?post=774729"},{"taxonomy":"product_cat","embeddable":true,"href":"https:\/\/roveyayinevi.com.tr\/index.php\/wp-json\/wp\/v2\/product_cat?post=774729"},{"taxonomy":"product_tag","embeddable":true,"href":"https:\/\/roveyayinevi.com.tr\/index.php\/wp-json\/wp\/v2\/product_tag?post=774729"}],"curies":[{"name":"wp","href":"https:\/\/api.w.org\/{rel}","templated":true}]}}