{"id":774728,"date":"2025-09-09T10:40:56","date_gmt":"2025-09-09T07:40:56","guid":{"rendered":"https:\/\/roveyayinevi.com.tr\/index.php\/urun\/arka-bahcede-neler-oldu\/"},"modified":"2026-03-05T02:22:19","modified_gmt":"2026-03-04T23:22:19","slug":"arka-bahcede-neler-oldu","status":"publish","type":"product","link":"https:\/\/roveyayinevi.com.tr\/index.php\/urun\/arka-bahcede-neler-oldu\/","title":{"rendered":"Arka Bah\u00e7ede Neler Oldu"},"content":{"rendered":"<p>Tarihi sadece tarih\u00e7iler yazmaz. Gazeteciler de tarihe \u0131\u015f\u0131t tutar; kalemiyle, objektifiyle \u00f6nemli rol oynarlar. Yaz\u0131lar\u0131 renklendirense foto\u011fraflard\u0131r. Bah\u00e7eler vard\u0131r; mor s\u00fcmb\u00fcll\u00fc, g\u00fcll\u00fc, \u00f6tesinde kap\u0131 aral\u0131\u011f\u0131nda, tahmin edilemeyecek oranda dram \u00e7\u0131kar kar\u015f\u0131n\u0131za\u2026 \u00c7ak\u0131r Beyli \u00c7iftli\u011fi\u2019nden, \u00e7ak\u0131r dikenli yollarda y\u00fcr\u00fcyen, g\u00fcn\u00fcm\u00fczde su\u00e7lulu\u011fu ile su\u00e7suzlu\u011fu tart\u0131\u015f\u0131lan, bir devre imza atm\u0131\u015f, bir imzayla da idam sehpas\u0131nda sonlanan \u00f6mr\u00fcn ad\u0131 Menderes! <\/p>\n","protected":false},"excerpt":{"rendered":"<p>Tarihi sadece tarih\u00e7iler yazmaz. Gazeteciler de tarihe \u0131\u015f\u0131t tutar; kalemiyle, objektifiyle \u00f6nemli rol oynarlar. Yaz\u0131lar\u0131 renklendirense foto\u011fraflard\u0131r. Bah\u00e7eler vard\u0131r; mor s\u00fcmb\u00fcll\u00fc, g\u00fcll\u00fc, \u00f6tesinde kap\u0131 aral\u0131\u011f\u0131nda, tahmin<span class=\"excerpt-hellip\"> [\u2026]<\/span><\/p>\n","protected":false},"featured_media":0,"template":"","meta":{"_monsterinsights_skip_tracking":false,"_monsterinsights_sitenote_active":false,"_monsterinsights_sitenote_note":"","_monsterinsights_sitenote_category":0},"product_brand":[],"product_cat":[12337,14543],"product_tag":[],"class_list":{"0":"post-774728","1":"product","2":"type-product","3":"status-publish","5":"product_cat-politika-siyaset","6":"product_cat-turkiye-siyaseti-ve-politikasi","7":"pa_cilt-ciltsiz","8":"pa_tur-kitap","9":"pa_yayinevi-kultur-ajans-yayinlari","10":"pa_yazar-tugrul-saritas","12":"first","13":"instock","14":"sale","15":"shipping-taxable","16":"purchasable","17":"product-type-simple"},"_links":{"self":[{"href":"https:\/\/roveyayinevi.com.tr\/index.php\/wp-json\/wp\/v2\/product\/774728","targetHints":{"allow":["GET"]}}],"collection":[{"href":"https:\/\/roveyayinevi.com.tr\/index.php\/wp-json\/wp\/v2\/product"}],"about":[{"href":"https:\/\/roveyayinevi.com.tr\/index.php\/wp-json\/wp\/v2\/types\/product"}],"wp:attachment":[{"href":"https:\/\/roveyayinevi.com.tr\/index.php\/wp-json\/wp\/v2\/media?parent=774728"}],"wp:term":[{"taxonomy":"product_brand","embeddable":true,"href":"https:\/\/roveyayinevi.com.tr\/index.php\/wp-json\/wp\/v2\/product_brand?post=774728"},{"taxonomy":"product_cat","embeddable":true,"href":"https:\/\/roveyayinevi.com.tr\/index.php\/wp-json\/wp\/v2\/product_cat?post=774728"},{"taxonomy":"product_tag","embeddable":true,"href":"https:\/\/roveyayinevi.com.tr\/index.php\/wp-json\/wp\/v2\/product_tag?post=774728"}],"curies":[{"name":"wp","href":"https:\/\/api.w.org\/{rel}","templated":true}]}}