{"id":774726,"date":"2025-09-09T10:39:48","date_gmt":"2025-09-09T07:39:48","guid":{"rendered":"https:\/\/roveyayinevi.com.tr\/index.php\/urun\/apiterapi-ariyla-gelen-sifa\/"},"modified":"2026-04-16T02:13:54","modified_gmt":"2026-04-15T23:13:54","slug":"apiterapi-ariyla-gelen-sifa","status":"publish","type":"product","link":"https:\/\/roveyayinevi.com.tr\/index.php\/urun\/apiterapi-ariyla-gelen-sifa\/","title":{"rendered":"Apiterapi &#8211; Ar\u0131yla Gelen \u015eifa"},"content":{"rendered":"<p>Albert Einstein, y\u0131llar \u00f6nce \u201cE\u011fer ar\u0131lar yery\u00fcz\u00fcnden kaybolursa insan\u0131n sadece 4 y\u0131l \u00f6mr\u00fc kal\u0131r. Ar\u0131 olmazsa do\u011fada d\u00f6llenme ve dolay\u0131s\u0131yla bitki, hayvan, insan olmaz.\u201d s\u00f6z\u00fcyle ar\u0131 ile ya\u015fam aras\u0131ndaki ili\u015fkiye dikkat \u00e7ekmi\u015fti. Peki, bizler ar\u0131 \u00fcr\u00fcnlerinin hayati \u00f6neminin ne kadar fark\u0131nday\u0131z?S\u00f6zgelimi bir insan\u0131n sadece ar\u0131 poleni ile beslenerek sa\u011fl\u0131kl\u0131 ya\u015fayabilece\u011fini biliyor muyuz?Bal\u0131n, yaralar\u0131n temizlenmesinde yararlan\u0131lan \u2018oksijenli su\u2019 gibi mikrop \u00f6ld\u00fcr\u00fcc\u00fc etkiye sahip oldu\u011funu&#8230; Ar\u0131 s\u00fct\u00fcn\u00fcn erkeklerde cinsel istek ve performans\u0131, kad\u0131nlarda do\u011furganl\u0131k oran\u0131n\u0131 art\u0131rd\u0131\u011f\u0131n\u0131&#8230; Propolisin bozulan karaci\u011fer enzim de\u011ferlerini d\u00fczeltilebildi\u011fini&#8230;Ar\u0131 \u00fcr\u00fcnleri insan sa\u011fl\u0131\u011f\u0131n\u0131n korunmas\u0131nda ve hastal\u0131klar\u0131n tedavisinde 5000 y\u0131ld\u0131r kullan\u0131l\u0131yor. Bu kadim bilgi ve halk aras\u0131ndaki geleneksel uygulamalar bilimsel ara\u015ft\u0131rma sonu\u00e7lar\u0131yla da desteklenince, son y\u0131llarda ar\u0131 \u00fcr\u00fcnlerine ra\u011fbet artt\u0131.\u0130\u015fte bu kitap ar\u0131 \u00fcr\u00fcnlerinin insan sa\u011fl\u0131\u011f\u0131 \u00fczerindeki olumlu etkilerini bilim temeline dayand\u0131ran bir \u2018ilk\u2019.43 y\u0131ll\u0131k meslek hayat\u0131n\u0131 do\u011fa kaynakl\u0131 ila\u00e7 bilimi \u2018Farmakognozi\u2019ye adam\u0131\u015f \u00fcnl\u00fc bilim adam\u0131 Prof. Dr. Erdem Ye\u015filada imzas\u0131n\u0131 ta\u015f\u0131yor.Ye\u015filada, bu alandaki en g\u00fcvenilir ara\u015ft\u0131rmalar\u0131 inceledi ve ortaya 7\u2019den 70\u2019e herkesin faydalanabilece\u011fi, sa\u011fl\u0131k alan\u0131nda \u00e7al\u0131\u015fan uzmanlar\u0131n, \u00f6\u011frenci ve ara\u015ft\u0131rmac\u0131lar\u0131n da kaynak olarak kullanabilece\u011fi e\u015fsiz bir kaynak \u00e7\u0131kt\u0131.Okuyun ve bal, ar\u0131 s\u00fct\u00fc, ar\u0131 poleni, propolisten bilin\u00e7li olarak faydalan\u0131n\u2026 <\/p>\n","protected":false},"excerpt":{"rendered":"<p>Albert Einstein, y\u0131llar \u00f6nce \u201cE\u011fer ar\u0131lar yery\u00fcz\u00fcnden kaybolursa insan\u0131n sadece 4 y\u0131l \u00f6mr\u00fc kal\u0131r. Ar\u0131 olmazsa do\u011fada d\u00f6llenme ve dolay\u0131s\u0131yla bitki, hayvan, insan olmaz.\u201d s\u00f6z\u00fcyle ar\u0131<span class=\"excerpt-hellip\"> [\u2026]<\/span><\/p>\n","protected":false},"featured_media":0,"template":"","meta":{"_monsterinsights_skip_tracking":false,"_monsterinsights_sitenote_active":false,"_monsterinsights_sitenote_note":"","_monsterinsights_sitenote_category":0},"product_brand":[],"product_cat":[13397,13365],"product_tag":[],"class_list":{"0":"post-774726","1":"product","2":"type-product","3":"status-publish","5":"product_cat-alternatif-tip-sifali-bitkiler","6":"product_cat-saglik","7":"pa_cilt-ciltsiz","8":"pa_tur-kitap","9":"pa_yayinevi-hayykitap","10":"pa_yazar-erdem-yesilada","12":"first","13":"instock","14":"sale","15":"shipping-taxable","16":"purchasable","17":"product-type-simple"},"_links":{"self":[{"href":"https:\/\/roveyayinevi.com.tr\/index.php\/wp-json\/wp\/v2\/product\/774726","targetHints":{"allow":["GET"]}}],"collection":[{"href":"https:\/\/roveyayinevi.com.tr\/index.php\/wp-json\/wp\/v2\/product"}],"about":[{"href":"https:\/\/roveyayinevi.com.tr\/index.php\/wp-json\/wp\/v2\/types\/product"}],"wp:attachment":[{"href":"https:\/\/roveyayinevi.com.tr\/index.php\/wp-json\/wp\/v2\/media?parent=774726"}],"wp:term":[{"taxonomy":"product_brand","embeddable":true,"href":"https:\/\/roveyayinevi.com.tr\/index.php\/wp-json\/wp\/v2\/product_brand?post=774726"},{"taxonomy":"product_cat","embeddable":true,"href":"https:\/\/roveyayinevi.com.tr\/index.php\/wp-json\/wp\/v2\/product_cat?post=774726"},{"taxonomy":"product_tag","embeddable":true,"href":"https:\/\/roveyayinevi.com.tr\/index.php\/wp-json\/wp\/v2\/product_tag?post=774726"}],"curies":[{"name":"wp","href":"https:\/\/api.w.org\/{rel}","templated":true}]}}