{"id":774725,"date":"2025-09-09T10:39:28","date_gmt":"2025-09-09T07:39:28","guid":{"rendered":"https:\/\/roveyayinevi.com.tr\/index.php\/urun\/her-sey-hakikati-gormekle-baslar\/"},"modified":"2026-04-08T02:18:30","modified_gmt":"2026-04-07T23:18:30","slug":"her-sey-hakikati-gormekle-baslar","status":"publish","type":"product","link":"https:\/\/roveyayinevi.com.tr\/index.php\/urun\/her-sey-hakikati-gormekle-baslar\/","title":{"rendered":"Her \u015eey Hakikati G\u00f6rmekle Ba\u015flar"},"content":{"rendered":"<p>Evrenin ilahi d\u00fczeniyle birlikte, do\u011fadaki her canl\u0131 kendi tekam\u00fcl s\u00fcrecinde yarat\u0131c\u0131s\u0131na do\u011fru muhte\u015fem bir uyum i\u00e7erisinde ilerler.Bu canl\u0131lar i\u00e7erisinde bir tek insano\u011flu, sistemi kontrol edebilme arzusuyla, tekam\u00fcl s\u00fcre\u00e7lerinin d\u0131\u015f\u0131na \u00e7\u0131kmaya ba\u015flad\u0131.Fark\u0131nda olmadan, s\u0131n\u0131rl\u0131 d\u00fcnya \u00f6mr\u00fcm\u00fczde Allah hakikatinden uzakla\u015f\u0131p korkular\u0131m\u0131zla d\u00fcnyal\u0131klara tutunmaya ba\u015flad\u0131k. Hak ile bat\u0131l birbirine kar\u0131\u015f\u0131rken, zihinlerimiz de kar\u0131\u015fmaya ba\u015flad\u0131!Dikkatimiz nerede da\u011f\u0131ld\u0131? Y\u0131llard\u0131r nerelerde oyaland\u0131k? Ruhlar\u0131m\u0131z\u0131 yarat\u0131c\u0131m\u0131za ula\u015ft\u0131rmaya \u00e7al\u0131\u015f\u0131rken, \u015feytan\u0131n hileleriyle ne zaman yoldan \u00e7\u0131kt\u0131k?Zihin s\u00fcrekli bir ill\u00fczyon i\u00e7erisinde, \u00e7ocukken ekilenler, b\u00fcy\u00fcrken edindi\u011fimiz tecr\u00fcbeler, subliminal mesajlarla bilin\u00e7alt\u0131m\u0131za sokulmaya \u00e7al\u0131\u015f\u0131lan y\u00f6nlendirme teknikleri. Ba\u015fkalar\u0131n\u0131n zihnindeki telepatik sinyallerin bizim zihnimizdeki yans\u0131malar\u0131. Geneti\u011fiyle oynanm\u0131\u015f g\u0131dalar\u0131n duygular\u0131m\u0131z \u00fczerindeki etkisi&#8230; Ellerimizle in\u015fa etti\u011fimiz d\u00fczensiz hayatlar.Tam bir \u00e7\u0131kmazday\u0131z! Bu kitapta bug\u00fcne kadar ya\u015fad\u0131\u011f\u0131n\u0131z ama anlam veremedi\u011finiz bir\u00e7ok \u015feyin cevaplar\u0131n\u0131 bulacaks\u0131n\u0131z. En \u00f6nemlisi de insano\u011flunun b\u00fcy\u00fck bir oyun i\u00e7erisinde nas\u0131l da oyalanmaya terk edildi\u011fini g\u00f6recek ve bunu kimin yapt\u0131\u011f\u0131n\u0131 \u00f6\u011freneceksiniz&#8230;Uyanma vakti geldi! B\u00fcy\u00fck bir ill\u00fczyonun i\u00e7inde uyutuluyoruz! \u201cAllah\u0131m senin yolunda ilerlemeye niyet edenler, ilerleyenler ve seni bulanlarla bulu\u015fmay\u0131, onlarla ayn\u0131 yolda y\u00fcr\u00fcmeyi nasip eyle.\u201dB\u00fct\u00fcne \u015fifa olsun.<\/p>\n","protected":false},"excerpt":{"rendered":"<p>Evrenin ilahi d\u00fczeniyle birlikte, do\u011fadaki her canl\u0131 kendi tekam\u00fcl s\u00fcrecinde yarat\u0131c\u0131s\u0131na do\u011fru muhte\u015fem bir uyum i\u00e7erisinde ilerler.Bu canl\u0131lar i\u00e7erisinde bir tek insano\u011flu, sistemi kontrol edebilme arzusuyla,<span class=\"excerpt-hellip\"> [\u2026]<\/span><\/p>\n","protected":false},"featured_media":0,"template":"","meta":{"_monsterinsights_skip_tracking":false,"_monsterinsights_sitenote_active":false,"_monsterinsights_sitenote_note":"","_monsterinsights_sitenote_category":0},"product_brand":[],"product_cat":[12364,12376],"product_tag":[],"class_list":{"0":"post-774725","1":"product","2":"type-product","3":"status-publish","5":"product_cat-genel-konular","6":"product_cat-kisisel-gelisim","7":"pa_cilt-ciltsiz","8":"pa_tur-kitap","9":"pa_yayinevi-destek-yayinlari","10":"pa_yazar-bulent-gardiyanoglu","12":"first","13":"instock","14":"sale","15":"shipping-taxable","16":"purchasable","17":"product-type-simple"},"_links":{"self":[{"href":"https:\/\/roveyayinevi.com.tr\/index.php\/wp-json\/wp\/v2\/product\/774725","targetHints":{"allow":["GET"]}}],"collection":[{"href":"https:\/\/roveyayinevi.com.tr\/index.php\/wp-json\/wp\/v2\/product"}],"about":[{"href":"https:\/\/roveyayinevi.com.tr\/index.php\/wp-json\/wp\/v2\/types\/product"}],"wp:attachment":[{"href":"https:\/\/roveyayinevi.com.tr\/index.php\/wp-json\/wp\/v2\/media?parent=774725"}],"wp:term":[{"taxonomy":"product_brand","embeddable":true,"href":"https:\/\/roveyayinevi.com.tr\/index.php\/wp-json\/wp\/v2\/product_brand?post=774725"},{"taxonomy":"product_cat","embeddable":true,"href":"https:\/\/roveyayinevi.com.tr\/index.php\/wp-json\/wp\/v2\/product_cat?post=774725"},{"taxonomy":"product_tag","embeddable":true,"href":"https:\/\/roveyayinevi.com.tr\/index.php\/wp-json\/wp\/v2\/product_tag?post=774725"}],"curies":[{"name":"wp","href":"https:\/\/api.w.org\/{rel}","templated":true}]}}