{"id":774724,"date":"2025-09-09T10:38:32","date_gmt":"2025-09-09T07:38:32","guid":{"rendered":"https:\/\/roveyayinevi.com.tr\/index.php\/urun\/son-dunya-duzeni\/"},"modified":"2026-04-16T02:13:34","modified_gmt":"2026-04-15T23:13:34","slug":"son-dunya-duzeni","status":"publish","type":"product","link":"https:\/\/roveyayinevi.com.tr\/index.php\/urun\/son-dunya-duzeni\/","title":{"rendered":"Son D\u00fcnya D\u00fczeni"},"content":{"rendered":"<p>Osmanl\u0131 \u0130mparatorlu\u011fu, tarihin g\u00f6rd\u00fc\u011f\u00fc en b\u00fcy\u00fck imparatorluklardan birisiydi. Ancak tarihi tam olarak yaz\u0131lamad\u0131\u011f\u0131 gibi, eksik ve yanl\u0131\u015f yaz\u0131lm\u0131\u015ft\u0131r. Bu y\u00fczden Osmanl\u0131 tarihi hakk\u0131nda bir\u00e7ok \u015feyi bilmeyiz.G\u00fcn\u00fcm\u00fczde, \u00f6zellikle son 20-25 y\u0131lda Afrika\u2019da, Balkanlar\u2019da, Kafkasya\u2019da ve Ortado\u011fu\u2019da kald\u0131r\u0131lan her ta\u015f\u0131n alt\u0131ndan Osmanl\u0131 \u0130mparatorlu\u011fu\u2019nun izleri \u00e7\u0131k\u0131yor. Osmanl\u0131 \u0130mparatorlu\u011fu, tarihin g\u00f6rd\u00fc\u011f\u00fc en b\u00fcy\u00fck iki imparatorluktan birisiydi. Roma \u0130mparatorlu\u011fu gibi Osmanl\u0131 \u0130mparatorlu\u011fu da, tarih sahnesinden kalkmas\u0131na ra\u011fmen tesirleri devam ediyor. Osmanl\u0131lar\u2019\u0131n izledi\u011fi siyasi ve dini politikalar g\u00fcn\u00fcm\u00fcz modern d\u00fcnyas\u0131n\u0131n \u015fekillenmesinde \u00f6nemli rol oynam\u0131\u015ft\u0131r. Alt\u0131 as\u0131r s\u00fcren Osmanl\u0131 \u0130mparatorlu\u011fu, son d\u00fcnya d\u00fczeniydi ve yenisi de kurulamad\u0131. <\/p>\n","protected":false},"excerpt":{"rendered":"<p>Osmanl\u0131 \u0130mparatorlu\u011fu, tarihin g\u00f6rd\u00fc\u011f\u00fc en b\u00fcy\u00fck imparatorluklardan birisiydi. Ancak tarihi tam olarak yaz\u0131lamad\u0131\u011f\u0131 gibi, eksik ve yanl\u0131\u015f yaz\u0131lm\u0131\u015ft\u0131r. Bu y\u00fczden Osmanl\u0131 tarihi hakk\u0131nda bir\u00e7ok \u015feyi bilmeyiz.G\u00fcn\u00fcm\u00fczde,<span class=\"excerpt-hellip\"> [\u2026]<\/span><\/p>\n","protected":false},"featured_media":0,"template":"","meta":{"_monsterinsights_skip_tracking":false,"_monsterinsights_sitenote_active":false,"_monsterinsights_sitenote_note":"","_monsterinsights_sitenote_category":0},"product_brand":[],"product_cat":[13517,12304],"product_tag":[],"class_list":{"0":"post-774724","1":"product","2":"type-product","3":"status-publish","5":"product_cat-osmanli-tarihi","6":"product_cat-tarih","7":"pa_cilt-ciltsiz","8":"pa_tur-kitap","9":"pa_yayinevi-yeditepe-yayinevi","10":"pa_yazar-erhan-afyoncu","12":"first","13":"instock","14":"sale","15":"shipping-taxable","16":"purchasable","17":"product-type-simple"},"_links":{"self":[{"href":"https:\/\/roveyayinevi.com.tr\/index.php\/wp-json\/wp\/v2\/product\/774724","targetHints":{"allow":["GET"]}}],"collection":[{"href":"https:\/\/roveyayinevi.com.tr\/index.php\/wp-json\/wp\/v2\/product"}],"about":[{"href":"https:\/\/roveyayinevi.com.tr\/index.php\/wp-json\/wp\/v2\/types\/product"}],"wp:attachment":[{"href":"https:\/\/roveyayinevi.com.tr\/index.php\/wp-json\/wp\/v2\/media?parent=774724"}],"wp:term":[{"taxonomy":"product_brand","embeddable":true,"href":"https:\/\/roveyayinevi.com.tr\/index.php\/wp-json\/wp\/v2\/product_brand?post=774724"},{"taxonomy":"product_cat","embeddable":true,"href":"https:\/\/roveyayinevi.com.tr\/index.php\/wp-json\/wp\/v2\/product_cat?post=774724"},{"taxonomy":"product_tag","embeddable":true,"href":"https:\/\/roveyayinevi.com.tr\/index.php\/wp-json\/wp\/v2\/product_tag?post=774724"}],"curies":[{"name":"wp","href":"https:\/\/api.w.org\/{rel}","templated":true}]}}