{"id":774723,"date":"2025-09-09T10:38:00","date_gmt":"2025-09-09T07:38:00","guid":{"rendered":"https:\/\/roveyayinevi.com.tr\/index.php\/urun\/eyvah-formalar-kayip\/"},"modified":"2026-04-16T02:13:33","modified_gmt":"2026-04-15T23:13:33","slug":"eyvah-formalar-kayip","status":"publish","type":"product","link":"https:\/\/roveyayinevi.com.tr\/index.php\/urun\/eyvah-formalar-kayip\/","title":{"rendered":"Eyvah Formalar Kay\u0131p!"},"content":{"rendered":"<p>Cumali, Mehmet, Ferhat, Ayd\u0131n ve K\u00f6fteci\u2026 Birbirlerinden ayr\u0131lamayan be\u015f arkada\u015f. Dostluklar\u0131, hayalleri ve azimleri sayesinde ba\u015faramayacaklar\u0131 hi\u00e7bir \u015fey yok\u2026 Demek isterdim ama Patatesspor efsanesi tarihe kar\u0131\u015fmak \u00fczere!\u00c7ocuklar\u0131n i\u015fleri bu sefer baya\u011f\u0131 zor hani. Kafadanyumurtalar\u2019\u0131 yenmek, yeni formalar bulmak, dev k\u00f6pek bal\u0131klar\u0131 ve dev y\u0131lanlarla dolu bir koyda (tamamen K\u00f6fteci\u2019nin abartmas\u0131!) kamp yapmak ve tabii ki de t\u00fcm rakiplerini yenip kupay\u0131 kazanmak.\u0130\u015fte yine be\u015f kitap, yeni be\u015f macera\u2026<\/p>\n","protected":false},"excerpt":{"rendered":"<p>Cumali, Mehmet, Ferhat, Ayd\u0131n ve K\u00f6fteci\u2026 Birbirlerinden ayr\u0131lamayan be\u015f arkada\u015f. Dostluklar\u0131, hayalleri ve azimleri sayesinde ba\u015faramayacaklar\u0131 hi\u00e7bir \u015fey yok\u2026 Demek isterdim ama Patatesspor efsanesi tarihe kar\u0131\u015fmak<span class=\"excerpt-hellip\"> [\u2026]<\/span><\/p>\n","protected":false},"featured_media":0,"template":"","meta":{"_monsterinsights_skip_tracking":false,"_monsterinsights_sitenote_active":false,"_monsterinsights_sitenote_note":"","_monsterinsights_sitenote_category":0},"product_brand":[],"product_cat":[12274,12284],"product_tag":[],"class_list":{"0":"post-774723","1":"product","2":"type-product","3":"status-publish","5":"product_cat-cocuk-ve-genclik-kitaplari","6":"product_cat-hikayeler","7":"pa_cilt-ciltsiz","8":"pa_tur-kitap","9":"pa_yayinevi-nesil-cocuk-yayinlari","10":"pa_yazar-yusuf-asal","12":"first","13":"instock","14":"sale","15":"shipping-taxable","16":"purchasable","17":"product-type-simple"},"_links":{"self":[{"href":"https:\/\/roveyayinevi.com.tr\/index.php\/wp-json\/wp\/v2\/product\/774723","targetHints":{"allow":["GET"]}}],"collection":[{"href":"https:\/\/roveyayinevi.com.tr\/index.php\/wp-json\/wp\/v2\/product"}],"about":[{"href":"https:\/\/roveyayinevi.com.tr\/index.php\/wp-json\/wp\/v2\/types\/product"}],"wp:attachment":[{"href":"https:\/\/roveyayinevi.com.tr\/index.php\/wp-json\/wp\/v2\/media?parent=774723"}],"wp:term":[{"taxonomy":"product_brand","embeddable":true,"href":"https:\/\/roveyayinevi.com.tr\/index.php\/wp-json\/wp\/v2\/product_brand?post=774723"},{"taxonomy":"product_cat","embeddable":true,"href":"https:\/\/roveyayinevi.com.tr\/index.php\/wp-json\/wp\/v2\/product_cat?post=774723"},{"taxonomy":"product_tag","embeddable":true,"href":"https:\/\/roveyayinevi.com.tr\/index.php\/wp-json\/wp\/v2\/product_tag?post=774723"}],"curies":[{"name":"wp","href":"https:\/\/api.w.org\/{rel}","templated":true}]}}