{"id":774722,"date":"2025-09-09T10:37:44","date_gmt":"2025-09-09T07:37:44","guid":{"rendered":"https:\/\/roveyayinevi.com.tr\/index.php\/urun\/kizil-isyan-2-altin-ogul-ciltli\/"},"modified":"2025-09-09T10:37:44","modified_gmt":"2025-09-09T07:37:44","slug":"kizil-isyan-2-altin-ogul-ciltli","status":"publish","type":"product","link":"https:\/\/roveyayinevi.com.tr\/index.php\/urun\/kizil-isyan-2-altin-ogul-ciltli\/","title":{"rendered":"K\u0131z\u0131l \u0130syan &#8211; 2 Alt\u0131n O\u011ful (Ciltli)"},"content":{"rendered":"<p>Mars Enstit\u00fcs\u00fc\u2019ndeki amans\u0131z rekabetten zaferle \u00e7\u0131kan Darrow, nam\u0131 di\u011fer Azrail, y\u00f6netici se\u00e7kinler aras\u0131nda sayg\u0131n bir konuma y\u00fckselmi\u015f, en zalim ve zeki Alt\u0131nlara; E\u015fsiz Yaral\u0131lara kat\u0131lm\u0131\u015ft\u0131r. Ancak Darrow onlardan biri de\u011fildir: Gelece\u011fin yalanlar \u00fczerine kurulu oldu\u011fu, trajediyle dolu, unutamayaca\u011f\u0131 ve affedemeyece\u011fi bir ge\u00e7mi\u015fi vard\u0131r. <\/p>\n","protected":false},"excerpt":{"rendered":"<p>Mars Enstit\u00fcs\u00fc\u2019ndeki amans\u0131z rekabetten zaferle \u00e7\u0131kan Darrow, nam\u0131 di\u011fer Azrail, y\u00f6netici se\u00e7kinler aras\u0131nda sayg\u0131n bir konuma y\u00fckselmi\u015f, en zalim ve zeki Alt\u0131nlara; E\u015fsiz Yaral\u0131lara kat\u0131lm\u0131\u015ft\u0131r. Ancak<span class=\"excerpt-hellip\"> [\u2026]<\/span><\/p>\n","protected":false},"featured_media":0,"template":"","meta":{"_monsterinsights_skip_tracking":false,"_monsterinsights_sitenote_active":false,"_monsterinsights_sitenote_note":"","_monsterinsights_sitenote_category":0},"product_brand":[],"product_cat":[12540,12291],"product_tag":[],"class_list":{"0":"post-774722","1":"product","2":"type-product","3":"status-publish","5":"product_cat-bilim-kurgu","6":"product_cat-edebiyat","7":"pa_cilt-ciltli","8":"pa_tur-kitap","9":"pa_yayinevi-pegasus-yayinlari","10":"pa_yazar-pierce-brown","12":"first","13":"instock","14":"sale","15":"shipping-taxable","16":"purchasable","17":"product-type-simple"},"_links":{"self":[{"href":"https:\/\/roveyayinevi.com.tr\/index.php\/wp-json\/wp\/v2\/product\/774722","targetHints":{"allow":["GET"]}}],"collection":[{"href":"https:\/\/roveyayinevi.com.tr\/index.php\/wp-json\/wp\/v2\/product"}],"about":[{"href":"https:\/\/roveyayinevi.com.tr\/index.php\/wp-json\/wp\/v2\/types\/product"}],"wp:attachment":[{"href":"https:\/\/roveyayinevi.com.tr\/index.php\/wp-json\/wp\/v2\/media?parent=774722"}],"wp:term":[{"taxonomy":"product_brand","embeddable":true,"href":"https:\/\/roveyayinevi.com.tr\/index.php\/wp-json\/wp\/v2\/product_brand?post=774722"},{"taxonomy":"product_cat","embeddable":true,"href":"https:\/\/roveyayinevi.com.tr\/index.php\/wp-json\/wp\/v2\/product_cat?post=774722"},{"taxonomy":"product_tag","embeddable":true,"href":"https:\/\/roveyayinevi.com.tr\/index.php\/wp-json\/wp\/v2\/product_tag?post=774722"}],"curies":[{"name":"wp","href":"https:\/\/api.w.org\/{rel}","templated":true}]}}