{"id":774720,"date":"2025-09-09T10:36:13","date_gmt":"2025-09-09T07:36:13","guid":{"rendered":"https:\/\/roveyayinevi.com.tr\/index.php\/urun\/portakalli-kurabiye-sokagi\/"},"modified":"2026-04-16T02:13:25","modified_gmt":"2026-04-15T23:13:25","slug":"portakalli-kurabiye-sokagi","status":"publish","type":"product","link":"https:\/\/roveyayinevi.com.tr\/index.php\/urun\/portakalli-kurabiye-sokagi\/","title":{"rendered":"Portakall\u0131 Kurabiye Soka\u011f\u0131"},"content":{"rendered":"<p>Haneleri tatl\u0131 dilli \u00f6yk\u00fclere a\u00e7\u0131lan bir sokak d\u00fc\u015f\u00fcn\u00fcn. \u0130\u015fte Portakall\u0131 Kurabiye Soka\u011f\u0131, tad\u0131na doyum olmayan hayat dolu \u00f6yk\u00fcleriyle, yepyeni d\u00fcnyalarla bulu\u015fturuyor bizi. Pelin Ossmann, \u00e7ocuklu\u011fundan s\u00fcz\u00fclenleri ustal\u0131kla g\u00fcn\u00fcm\u00fcz diline uyarlarken sadeli\u011fin g\u00fcc\u00fcn\u00fc, ayr\u0131nt\u0131n\u0131n bar\u0131nd\u0131rd\u0131\u011f\u0131 s\u00fcrprizleri \u00f6zenle \u00f6n\u00fcm\u00fcze seriyor. Bu kitap, denizlere \u00e7\u0131kan sokaklar gibi! Portakall\u0131 Kurabiye Soka\u011f\u0131&#8217;nda gezinirken bir dolu hik\u00e2ye kolunuza girecek, size e\u015flik edecek. Her ad\u0131mda tatl\u0131 bir duygunun i\u00e7inde yol alacaks\u0131n\u0131z \u00e7\u00fcnk\u00fc k\u0131sa \u00f6yk\u00fcler okumak \u015fahanedir! \u00d6zellikle de bu kadar ne\u015feli anlat\u0131lm\u0131\u015flarsa\u2026 Peki, bu soka\u011f\u0131n sakinleri kimler acaba? Kitaplar\u0131n i\u00e7inde ya\u015fayan \u00e7i\u00e7ekler, ku\u015flar\u0131 sevindiren gizemli pamuk eller, g\u00fcler y\u00fczl\u00fc e\u015fyalar, gezmeyi \u00e7ok seven trenler, gizlice tutulan tak\u0131mlar, masaldan teyzeler, saklamba\u00e7 merakl\u0131s\u0131 hayvanlar ve daha nicesi\u2026 Hepsi bu \u0131\u015f\u0131l \u0131\u015f\u0131l kitapta yolunuzu g\u00f6zl\u00fcyor. Onlara misafir olmaya ne dersiniz? <\/p>\n","protected":false},"excerpt":{"rendered":"<p>Haneleri tatl\u0131 dilli \u00f6yk\u00fclere a\u00e7\u0131lan bir sokak d\u00fc\u015f\u00fcn\u00fcn. \u0130\u015fte Portakall\u0131 Kurabiye Soka\u011f\u0131, tad\u0131na doyum olmayan hayat dolu \u00f6yk\u00fcleriyle, yepyeni d\u00fcnyalarla bulu\u015fturuyor bizi. Pelin Ossmann, \u00e7ocuklu\u011fundan s\u00fcz\u00fclenleri<span class=\"excerpt-hellip\"> [\u2026]<\/span><\/p>\n","protected":false},"featured_media":0,"template":"","meta":{"_monsterinsights_skip_tracking":false,"_monsterinsights_sitenote_active":false,"_monsterinsights_sitenote_note":"","_monsterinsights_sitenote_category":0},"product_brand":[],"product_cat":[12275,12274],"product_tag":[],"class_list":{"0":"post-774720","1":"product","2":"type-product","3":"status-publish","5":"product_cat-6-12-yas-kitaplari","6":"product_cat-cocuk-ve-genclik-kitaplari","7":"pa_cilt-ciltsiz","8":"pa_tur-kitap","9":"pa_yayinevi-elma-cocuk","10":"pa_yazar-pelin-ossmann","12":"first","13":"instock","14":"sale","15":"shipping-taxable","16":"purchasable","17":"product-type-simple"},"_links":{"self":[{"href":"https:\/\/roveyayinevi.com.tr\/index.php\/wp-json\/wp\/v2\/product\/774720","targetHints":{"allow":["GET"]}}],"collection":[{"href":"https:\/\/roveyayinevi.com.tr\/index.php\/wp-json\/wp\/v2\/product"}],"about":[{"href":"https:\/\/roveyayinevi.com.tr\/index.php\/wp-json\/wp\/v2\/types\/product"}],"wp:attachment":[{"href":"https:\/\/roveyayinevi.com.tr\/index.php\/wp-json\/wp\/v2\/media?parent=774720"}],"wp:term":[{"taxonomy":"product_brand","embeddable":true,"href":"https:\/\/roveyayinevi.com.tr\/index.php\/wp-json\/wp\/v2\/product_brand?post=774720"},{"taxonomy":"product_cat","embeddable":true,"href":"https:\/\/roveyayinevi.com.tr\/index.php\/wp-json\/wp\/v2\/product_cat?post=774720"},{"taxonomy":"product_tag","embeddable":true,"href":"https:\/\/roveyayinevi.com.tr\/index.php\/wp-json\/wp\/v2\/product_tag?post=774720"}],"curies":[{"name":"wp","href":"https:\/\/api.w.org\/{rel}","templated":true}]}}