{"id":774717,"date":"2025-09-09T10:35:03","date_gmt":"2025-09-09T07:35:03","guid":{"rendered":"https:\/\/roveyayinevi.com.tr\/index.php\/urun\/delikanli-5\/"},"modified":"2026-02-03T02:23:03","modified_gmt":"2026-02-02T23:23:03","slug":"delikanli-5","status":"publish","type":"product","link":"https:\/\/roveyayinevi.com.tr\/index.php\/urun\/delikanli-5\/","title":{"rendered":"Delikanl\u0131"},"content":{"rendered":"<p>Ergin Altay \u00e7evirisi, Joseph Frank\u2019\u0131n \u00f6ns\u00f6z\u00fc, Edward Hallet Carr\u2019\u0131n sons\u00f6z\u00fcyle, Yazar ve d\u00f6nem kronolojisiyle, Dostoyevski, Delikanl\u0131\u2019da baba-o\u011ful aras\u0131nda ya\u015fanan de\u011fer \u00e7at\u0131\u015fmas\u0131 ekseninde, 19. y\u00fczy\u0131l ortas\u0131 Rus toplumunun ge\u00e7irdi\u011fi ideolojik d\u00f6n\u00fc\u015f\u00fcm\u00fcn izini s\u00fcr\u00fcyor. Delikanl\u0131, kad\u0131n d\u00fc\u015fk\u00fcn\u00fc bir toprak sahibinin gayrime\u015fru \u00e7ocu\u011fu olan on dokuz ya\u015f\u0131ndaki Dolgorukiy\u2019in, St. Petersburg\u2019da bir araya geldi\u011fi babas\u0131 Versilov\u2019la ya\u015fad\u0131\u011f\u0131 \u00e7at\u0131\u015fmalar\u0131n anlat\u0131s\u0131d\u0131r. Baba ve o\u011flun duygusal, ideolojik ve ahl\u00e2ki tart\u0131\u015fmalar\u0131 etraf\u0131nda \u015fekillenen uyu\u015fmazl\u0131klar, Dolgorukiy\u2019in z\u0131tl\u0131klarla dolu ya\u015fam \u00f6yk\u00fcs\u00fcn\u00fc ortaya koyar. Dostoyevski\u2019nin son roman\u0131 olan Karamazov Karde\u015fler\u2019den \u00f6nce kaleme ald\u0131\u011f\u0131 Delikanl\u0131, yazar\u0131n di\u011fer eserlerindeki felsefi ve politik sorunlardan uzak olmakla birlikte, oda\u011f\u0131ndaki insanlar aras\u0131 ili\u015fkilerle ve psikolojik incelemelerle \u00f6ne \u00e7\u0131k\u0131yor. \u201cDostoyevski\u2019nin t\u00fcm b\u00fcy\u00fck romanlar\u0131 bir yana, Delikanl\u0131 farkl\u0131 bir yerde durmaktad\u0131r. B\u00fcy\u00fck sorunlar\u0131 ve \u00e7eli\u015fkileri tart\u0131\u015fmaz yazar burada. Basit, g\u00fcndelik durumlar\u0131 ve yayg\u0131n insani tutkular\u0131 kullanarak olu\u015fturulan bu roman, incelikli, gerilim dolu ve nefes kesici bir ba\u015fyap\u0131tt\u0131r.\u201d ALEKSANDR SOLJEN\u0130TS\u0130N<\/p>\n","protected":false},"excerpt":{"rendered":"<p>Ergin Altay \u00e7evirisi, Joseph Frank\u2019\u0131n \u00f6ns\u00f6z\u00fc, Edward Hallet Carr\u2019\u0131n sons\u00f6z\u00fcyle, Yazar ve d\u00f6nem kronolojisiyle, Dostoyevski, Delikanl\u0131\u2019da baba-o\u011ful aras\u0131nda ya\u015fanan de\u011fer \u00e7at\u0131\u015fmas\u0131 ekseninde, 19. y\u00fczy\u0131l ortas\u0131 Rus<span class=\"excerpt-hellip\"> [\u2026]<\/span><\/p>\n","protected":false},"featured_media":0,"template":"","meta":{"_monsterinsights_skip_tracking":false,"_monsterinsights_sitenote_active":false,"_monsterinsights_sitenote_note":"","_monsterinsights_sitenote_category":0},"product_brand":[],"product_cat":[12312,12304],"product_tag":[],"class_list":{"0":"post-774717","1":"product","2":"type-product","3":"status-publish","5":"product_cat-diger","6":"product_cat-tarih","7":"pa_cilt-ciltsiz","8":"pa_tur-kitap","9":"pa_yayinevi-iletisim-yayinlari","10":"pa_yazar-fyodor-mihaylovic-dostoyevski","12":"first","13":"instock","14":"sale","15":"shipping-taxable","16":"purchasable","17":"product-type-simple"},"_links":{"self":[{"href":"https:\/\/roveyayinevi.com.tr\/index.php\/wp-json\/wp\/v2\/product\/774717","targetHints":{"allow":["GET"]}}],"collection":[{"href":"https:\/\/roveyayinevi.com.tr\/index.php\/wp-json\/wp\/v2\/product"}],"about":[{"href":"https:\/\/roveyayinevi.com.tr\/index.php\/wp-json\/wp\/v2\/types\/product"}],"wp:attachment":[{"href":"https:\/\/roveyayinevi.com.tr\/index.php\/wp-json\/wp\/v2\/media?parent=774717"}],"wp:term":[{"taxonomy":"product_brand","embeddable":true,"href":"https:\/\/roveyayinevi.com.tr\/index.php\/wp-json\/wp\/v2\/product_brand?post=774717"},{"taxonomy":"product_cat","embeddable":true,"href":"https:\/\/roveyayinevi.com.tr\/index.php\/wp-json\/wp\/v2\/product_cat?post=774717"},{"taxonomy":"product_tag","embeddable":true,"href":"https:\/\/roveyayinevi.com.tr\/index.php\/wp-json\/wp\/v2\/product_tag?post=774717"}],"curies":[{"name":"wp","href":"https:\/\/api.w.org\/{rel}","templated":true}]}}