{"id":774716,"date":"2025-09-09T10:34:07","date_gmt":"2025-09-09T07:34:07","guid":{"rendered":"https:\/\/roveyayinevi.com.tr\/index.php\/urun\/psikanalize-giris-nevrozlarin-genel-kurami\/"},"modified":"2026-04-06T02:22:00","modified_gmt":"2026-04-05T23:22:00","slug":"psikanalize-giris-nevrozlarin-genel-kurami","status":"publish","type":"product","link":"https:\/\/roveyayinevi.com.tr\/index.php\/urun\/psikanalize-giris-nevrozlarin-genel-kurami\/","title":{"rendered":"Psikanalize Giri\u015f &#8211; Nevrozlar\u0131n Genel Kuram\u0131"},"content":{"rendered":"<p>Psikanaliz kuram\u0131n\u0131n kurucusu olan Freud (1856-1939), bu kuram\u0131yla ilgili ilk notlar\u0131n\u0131 \u00f6\u011frencilerine aktard\u0131\u011f\u0131 derslerle kitapla\u015ft\u0131rd\u0131.Freud\u2019un derslerinin \u201cHatal\u0131 Eylemler\u201d ve \u201cR\u00fcya\u201d ad\u0131n\u0131 ta\u015f\u0131yan ilk b\u00f6l\u00fcmlerini daha \u00f6nce sunmu\u015ftuk.Elinizdeki \u201cNevrozlar\u0131n Genel Kuram\u0131\u201dnda Freud, psikanalizin psikiyatri ile ili\u015fkisini, nevroz belirtilerinin anlam\u0131n\u0131, bilin\u00e7d\u0131\u015f\u0131 kavram\u0131n\u0131, insan\u0131n cinsel ya\u015fam\u0131n\u0131n yerini, libidonun geli\u015fimini ve libido teorisini, sinirlilik, korku ve kayg\u0131 durumunu, narsisizmi, analitik tedaviyi irdeliyor. Freud, bu irdelemesinde, ele ald\u0131\u011f\u0131 konularla ilgili psikiyatri d\u00fcnyas\u0131ndaki geli\u015fmelere de g\u00f6nderme yap\u0131yor ve bilimsel saptama ve \u00f6nermelerini sundu\u011fu yap\u0131t\u0131yla nevrozlar konusundaki \u00f6nc\u00fcl\u00fc\u011f\u00fcn\u00fc bir kez daha kan\u0131tl\u0131yor. <\/p>\n","protected":false},"excerpt":{"rendered":"<p>Psikanaliz kuram\u0131n\u0131n kurucusu olan Freud (1856-1939), bu kuram\u0131yla ilgili ilk notlar\u0131n\u0131 \u00f6\u011frencilerine aktard\u0131\u011f\u0131 derslerle kitapla\u015ft\u0131rd\u0131.Freud\u2019un derslerinin \u201cHatal\u0131 Eylemler\u201d ve \u201cR\u00fcya\u201d ad\u0131n\u0131 ta\u015f\u0131yan ilk b\u00f6l\u00fcmlerini daha \u00f6nce<span class=\"excerpt-hellip\"> [\u2026]<\/span><\/p>\n","protected":false},"featured_media":0,"template":"","meta":{"_monsterinsights_skip_tracking":false,"_monsterinsights_sitenote_active":false,"_monsterinsights_sitenote_note":"","_monsterinsights_sitenote_category":0},"product_brand":[],"product_cat":[38801,12357],"product_tag":[],"class_list":{"0":"post-774716","1":"product","2":"type-product","3":"status-publish","5":"product_cat-ekoller-ve-yaklasimlar","6":"product_cat-psikoloji","7":"pa_cilt-ciltsiz","8":"pa_tur-kitap","9":"pa_yayinevi-cem-yayinevi","10":"pa_yazar-sigmund-freud","12":"first","13":"instock","14":"sale","15":"shipping-taxable","16":"purchasable","17":"product-type-simple"},"_links":{"self":[{"href":"https:\/\/roveyayinevi.com.tr\/index.php\/wp-json\/wp\/v2\/product\/774716","targetHints":{"allow":["GET"]}}],"collection":[{"href":"https:\/\/roveyayinevi.com.tr\/index.php\/wp-json\/wp\/v2\/product"}],"about":[{"href":"https:\/\/roveyayinevi.com.tr\/index.php\/wp-json\/wp\/v2\/types\/product"}],"wp:attachment":[{"href":"https:\/\/roveyayinevi.com.tr\/index.php\/wp-json\/wp\/v2\/media?parent=774716"}],"wp:term":[{"taxonomy":"product_brand","embeddable":true,"href":"https:\/\/roveyayinevi.com.tr\/index.php\/wp-json\/wp\/v2\/product_brand?post=774716"},{"taxonomy":"product_cat","embeddable":true,"href":"https:\/\/roveyayinevi.com.tr\/index.php\/wp-json\/wp\/v2\/product_cat?post=774716"},{"taxonomy":"product_tag","embeddable":true,"href":"https:\/\/roveyayinevi.com.tr\/index.php\/wp-json\/wp\/v2\/product_tag?post=774716"}],"curies":[{"name":"wp","href":"https:\/\/api.w.org\/{rel}","templated":true}]}}