{"id":774714,"date":"2025-09-09T10:33:36","date_gmt":"2025-09-09T07:33:36","guid":{"rendered":"https:\/\/roveyayinevi.com.tr\/index.php\/urun\/uygarligin-huzursuzlugu-3\/"},"modified":"2026-04-16T02:13:05","modified_gmt":"2026-04-15T23:13:05","slug":"uygarligin-huzursuzlugu-3","status":"publish","type":"product","link":"https:\/\/roveyayinevi.com.tr\/index.php\/urun\/uygarligin-huzursuzlugu-3\/","title":{"rendered":"Uygarl\u0131\u011f\u0131n Huzursuzlu\u011fu"},"content":{"rendered":"<p>\u0130nsan t\u00fcr\u00fcn\u00fcn kaderiyle ili\u015fkili \u015fu soruyu sorman\u0131n zaman\u0131: Uygarl\u0131\u011f\u0131n geli\u015fimi, birlikte ya\u015faman\u0131n getirdi\u011fi sald\u0131rganl\u0131k ve kendini yok etme i\u00e7g\u00fcd\u00fcs\u00fcn\u00fcn sebep oldu\u011fu huzursuzlu\u011fun \u00fcstesinden tamamen ya da en az\u0131ndan k\u0131smen gelebilecek mi? Bu noktada, bug\u00fcnk\u00fc \u00e7a\u011f belki \u00f6zel bir dikkat istiyor.Bug\u00fcnk\u00fc insanlar do\u011fa kuvvetlerini kontrol etmede o kadar ileri gittiler ki kar\u015f\u0131l\u0131kl\u0131 olarak birbirlerini tamamen yok etmeleri de kolayla\u015ft\u0131. Bunu gayet iyi biliyorlar ve \u015fu anki huzursuzluklar\u0131n\u0131n, moral bozukluklar\u0131n\u0131n, kayg\u0131lar\u0131n\u0131n b\u00fcy\u00fck k\u0131sm\u0131 buna dayan\u0131yor. Ve \u015fimdi \u201cTanr\u0131sal g\u00fc\u00e7lerin\u201d ikincisinin, yani edebi Eros\u2019un kendisi gibi \u00f6l\u00fcms\u00fcz olan rakibinin yan\u0131nda yer alabilmek i\u00e7in b\u00fct\u00fcn g\u00fcc\u00fcn\u00fc kullanmas\u0131 beklenebilir. <\/p>\n","protected":false},"excerpt":{"rendered":"<p>\u0130nsan t\u00fcr\u00fcn\u00fcn kaderiyle ili\u015fkili \u015fu soruyu sorman\u0131n zaman\u0131: Uygarl\u0131\u011f\u0131n geli\u015fimi, birlikte ya\u015faman\u0131n getirdi\u011fi sald\u0131rganl\u0131k ve kendini yok etme i\u00e7g\u00fcd\u00fcs\u00fcn\u00fcn sebep oldu\u011fu huzursuzlu\u011fun \u00fcstesinden tamamen ya da<span class=\"excerpt-hellip\"> [\u2026]<\/span><\/p>\n","protected":false},"featured_media":0,"template":"","meta":{"_monsterinsights_skip_tracking":false,"_monsterinsights_sitenote_active":false,"_monsterinsights_sitenote_note":"","_monsterinsights_sitenote_category":0},"product_brand":[],"product_cat":[20502,12357],"product_tag":[],"class_list":{"0":"post-774714","1":"product","2":"type-product","3":"status-publish","5":"product_cat-basvuru-kitaplari-psikoloji","6":"product_cat-psikoloji","7":"pa_cilt-ciltsiz","8":"pa_tur-kitap","9":"pa_yayinevi-cem-yayinevi","10":"pa_yazar-sigmund-freud","12":"first","13":"instock","14":"sale","15":"shipping-taxable","16":"purchasable","17":"product-type-simple"},"_links":{"self":[{"href":"https:\/\/roveyayinevi.com.tr\/index.php\/wp-json\/wp\/v2\/product\/774714","targetHints":{"allow":["GET"]}}],"collection":[{"href":"https:\/\/roveyayinevi.com.tr\/index.php\/wp-json\/wp\/v2\/product"}],"about":[{"href":"https:\/\/roveyayinevi.com.tr\/index.php\/wp-json\/wp\/v2\/types\/product"}],"wp:attachment":[{"href":"https:\/\/roveyayinevi.com.tr\/index.php\/wp-json\/wp\/v2\/media?parent=774714"}],"wp:term":[{"taxonomy":"product_brand","embeddable":true,"href":"https:\/\/roveyayinevi.com.tr\/index.php\/wp-json\/wp\/v2\/product_brand?post=774714"},{"taxonomy":"product_cat","embeddable":true,"href":"https:\/\/roveyayinevi.com.tr\/index.php\/wp-json\/wp\/v2\/product_cat?post=774714"},{"taxonomy":"product_tag","embeddable":true,"href":"https:\/\/roveyayinevi.com.tr\/index.php\/wp-json\/wp\/v2\/product_tag?post=774714"}],"curies":[{"name":"wp","href":"https:\/\/api.w.org\/{rel}","templated":true}]}}