{"id":774713,"date":"2025-09-09T10:32:56","date_gmt":"2025-09-09T07:32:56","guid":{"rendered":"https:\/\/roveyayinevi.com.tr\/index.php\/urun\/sakaci-kuslar-sokagi\/"},"modified":"2026-04-16T02:13:02","modified_gmt":"2026-04-15T23:13:02","slug":"sakaci-kuslar-sokagi","status":"publish","type":"product","link":"https:\/\/roveyayinevi.com.tr\/index.php\/urun\/sakaci-kuslar-sokagi\/","title":{"rendered":"\u015eakac\u0131 Ku\u015flar Soka\u011f\u0131"},"content":{"rendered":"<p>\u015eakam\u0131z yok; dostlu\u011fun soka\u011f\u0131n\u0131 \u00e7ok seveceksiniz. Sabah co\u015fku dolu ku\u015f sesleriyle uyand\u0131\u011f\u0131n\u0131z\u0131 hayal edin. Yaln\u0131zca ku\u015flar\u0131n ya\u015fad\u0131\u011f\u0131, onlar kadar renkli bir sokaktas\u0131n\u0131z. \u015eaka yapmaya bay\u0131l\u0131yor, ne\u015feyle g\u00fcl\u00fc\u015f\u00fcyor hepsi. \u015eakac\u0131 Ku\u015flar Soka\u011f\u0131&#8217;nda bir kahkahad\u0131r gidiyor anlayaca\u011f\u0131n\u0131z. Ne dersiniz, birlikte dola\u015fal\u0131m m\u0131 bu soka\u011f\u0131?  O halde tan\u0131\u015ft\u0131ral\u0131m; kahraman\u0131m\u0131z Ser\u00e7e, soka\u011f\u0131m\u0131z\u0131n yeni sakini. Buraya gelmeden \u00f6nce bir s\u00fcr\u00fc tehlike atlatt\u0131. \u015eimdi, konuksever A\u011fa\u00e7kakan, taklit\u00e7i Lir Ku\u015fu, merakl\u0131 Karga ve di\u011ferleriyle oradan oraya ko\u015fturuyor. B\u00fcy\u00fck bir heyecanla\u2026 Ne var ki g\u00f6z kama\u015ft\u0131ran meyve a\u011fac\u0131 ve onun korku salan bek\u00e7isi hep akl\u0131nda. Hayat\u0131n\u0131n maceras\u0131na at\u0131lmas\u0131naysa \u00e7ok az kald\u0131\u2026 <\/p>\n","protected":false},"excerpt":{"rendered":"<p>\u015eakam\u0131z yok; dostlu\u011fun soka\u011f\u0131n\u0131 \u00e7ok seveceksiniz. Sabah co\u015fku dolu ku\u015f sesleriyle uyand\u0131\u011f\u0131n\u0131z\u0131 hayal edin. Yaln\u0131zca ku\u015flar\u0131n ya\u015fad\u0131\u011f\u0131, onlar kadar renkli bir sokaktas\u0131n\u0131z. \u015eaka yapmaya bay\u0131l\u0131yor, ne\u015feyle<span class=\"excerpt-hellip\"> [\u2026]<\/span><\/p>\n","protected":false},"featured_media":0,"template":"","meta":{"_monsterinsights_skip_tracking":false,"_monsterinsights_sitenote_active":false,"_monsterinsights_sitenote_note":"","_monsterinsights_sitenote_category":0},"product_brand":[],"product_cat":[12275,12274],"product_tag":[],"class_list":{"0":"post-774713","1":"product","2":"type-product","3":"status-publish","5":"product_cat-6-12-yas-kitaplari","6":"product_cat-cocuk-ve-genclik-kitaplari","7":"pa_cilt-ciltsiz","8":"pa_tur-kitap","9":"pa_yayinevi-elma-cocuk","10":"pa_yazar-petek-sinem-dulun","12":"first","13":"instock","14":"sale","15":"shipping-taxable","16":"purchasable","17":"product-type-simple"},"_links":{"self":[{"href":"https:\/\/roveyayinevi.com.tr\/index.php\/wp-json\/wp\/v2\/product\/774713","targetHints":{"allow":["GET"]}}],"collection":[{"href":"https:\/\/roveyayinevi.com.tr\/index.php\/wp-json\/wp\/v2\/product"}],"about":[{"href":"https:\/\/roveyayinevi.com.tr\/index.php\/wp-json\/wp\/v2\/types\/product"}],"wp:attachment":[{"href":"https:\/\/roveyayinevi.com.tr\/index.php\/wp-json\/wp\/v2\/media?parent=774713"}],"wp:term":[{"taxonomy":"product_brand","embeddable":true,"href":"https:\/\/roveyayinevi.com.tr\/index.php\/wp-json\/wp\/v2\/product_brand?post=774713"},{"taxonomy":"product_cat","embeddable":true,"href":"https:\/\/roveyayinevi.com.tr\/index.php\/wp-json\/wp\/v2\/product_cat?post=774713"},{"taxonomy":"product_tag","embeddable":true,"href":"https:\/\/roveyayinevi.com.tr\/index.php\/wp-json\/wp\/v2\/product_tag?post=774713"}],"curies":[{"name":"wp","href":"https:\/\/api.w.org\/{rel}","templated":true}]}}