{"id":774712,"date":"2025-09-09T10:32:31","date_gmt":"2025-09-09T07:32:31","guid":{"rendered":"https:\/\/roveyayinevi.com.tr\/index.php\/urun\/ezgimizi-kim-caldi\/"},"modified":"2026-04-16T02:13:00","modified_gmt":"2026-04-15T23:13:00","slug":"ezgimizi-kim-caldi","status":"publish","type":"product","link":"https:\/\/roveyayinevi.com.tr\/index.php\/urun\/ezgimizi-kim-caldi\/","title":{"rendered":"Ezgimizi Kim \u00c7ald\u0131?"},"content":{"rendered":"<p>Hayalhane sakinimiz Ahmet \u00d6nel iyi ki var! Birileri bize a\u011fa\u00e7lar\u0131n h\u0131\u015f\u0131rt\u0131lar\u0131n\u0131, soka\u011f\u0131n sesini, suskun insanlar\u0131n m\u00fczi\u011fini hissettirmeli, \u00f6yle de\u011fil mi? Ne de olsa g\u00fczel bir ezgiye kimse kay\u0131ts\u0131z kalamaz! Hele bu ezgi, usta ellerden s\u00fcz\u00fcl\u00fcyorsa  Esenlik Bey, can\u0131m \u00e7ellosunu bir s\u00fcreli\u011fine O\u011fuzlara b\u0131rak\u0131r \u00e7\u00fcnk\u00fc \u015fehir d\u0131\u015f\u0131na \u00e7\u0131kmal\u0131d\u0131r. B\u00f6ylelikle konu\u015fkan arkada\u015f\u0131 yaln\u0131z kalmayacakt\u0131r. O\u011fuz ve kedisi Kekik&#8217;in de onu yaln\u0131z b\u0131rakmaya pek niyetleri yoktur zaten. Yeni dostlar\u0131yla bir ezgi bulmak i\u00e7in kollar\u0131 s\u0131varlar. G\u00fcnler s\u00fcren denemeler olumlu sonu\u00e7 verir. Ho\u015f bir ezgi \u00e7ellonun yay\u0131na tak\u0131l\u0131vermi\u015ftir i\u015fte. Ama o da nesi? Ezgi onu saklad\u0131klar\u0131 yerde de\u011fildir art\u0131k, biri onu \u00e7alm\u0131\u015ft\u0131r. Yani ezgilerini tekrar \u00e7alamazlar \u00e7\u00fcnk\u00fc ezgileri \u00e7al\u0131nm\u0131\u015ft\u0131r. Ne garip Peki bir ezgiyi kim, neden \u00e7alar ki? Bu ho\u015fsohbet kitab\u0131 okurken fon m\u00fczi\u011fimiz s\u0131cac\u0131k po\u011fa\u00e7alar, sazl\u0131 d\u00fc\u015fl\u00fc karakterler, konuksever asans\u00f6rler, m\u00fczik kula\u011f\u0131 olan kediler ve daha niceleri olacak. Yeri gelmi\u015fken \u015funu da belirtelim isteriz: Etraf\u0131m\u0131zdaki her ayr\u0131nt\u0131 bize \u015fark\u0131lar s\u00f6yleyen b\u00fclb\u00fcl sesli bir \u015fark\u0131c\u0131, hi\u00e7 durmadan \u015fak\u0131yan bestek\u00e2r bir ser\u00e7e gibidir. Bir de i\u00e7imizin \u015fark\u0131lar\u0131 var elbette. B\u00fct\u00fcn i\u015f t\u00fcm bu \u015fark\u0131lar\u0131 duyabilmekte!<\/p>\n","protected":false},"excerpt":{"rendered":"<p>Hayalhane sakinimiz Ahmet \u00d6nel iyi ki var! Birileri bize a\u011fa\u00e7lar\u0131n h\u0131\u015f\u0131rt\u0131lar\u0131n\u0131, soka\u011f\u0131n sesini, suskun insanlar\u0131n m\u00fczi\u011fini hissettirmeli, \u00f6yle de\u011fil mi? Ne de olsa g\u00fczel bir ezgiye<span class=\"excerpt-hellip\"> [\u2026]<\/span><\/p>\n","protected":false},"featured_media":0,"template":"","meta":{"_monsterinsights_skip_tracking":false,"_monsterinsights_sitenote_active":false,"_monsterinsights_sitenote_note":"","_monsterinsights_sitenote_category":0},"product_brand":[],"product_cat":[12274,12284],"product_tag":[],"class_list":{"0":"post-774712","1":"product","2":"type-product","3":"status-publish","5":"product_cat-cocuk-ve-genclik-kitaplari","6":"product_cat-hikayeler","7":"pa_cilt-ciltsiz","8":"pa_tur-kitap","9":"pa_yayinevi-elma-cocuk","10":"pa_yazar-ahmet-onel","12":"first","13":"instock","14":"sale","15":"shipping-taxable","16":"purchasable","17":"product-type-simple"},"_links":{"self":[{"href":"https:\/\/roveyayinevi.com.tr\/index.php\/wp-json\/wp\/v2\/product\/774712","targetHints":{"allow":["GET"]}}],"collection":[{"href":"https:\/\/roveyayinevi.com.tr\/index.php\/wp-json\/wp\/v2\/product"}],"about":[{"href":"https:\/\/roveyayinevi.com.tr\/index.php\/wp-json\/wp\/v2\/types\/product"}],"wp:attachment":[{"href":"https:\/\/roveyayinevi.com.tr\/index.php\/wp-json\/wp\/v2\/media?parent=774712"}],"wp:term":[{"taxonomy":"product_brand","embeddable":true,"href":"https:\/\/roveyayinevi.com.tr\/index.php\/wp-json\/wp\/v2\/product_brand?post=774712"},{"taxonomy":"product_cat","embeddable":true,"href":"https:\/\/roveyayinevi.com.tr\/index.php\/wp-json\/wp\/v2\/product_cat?post=774712"},{"taxonomy":"product_tag","embeddable":true,"href":"https:\/\/roveyayinevi.com.tr\/index.php\/wp-json\/wp\/v2\/product_tag?post=774712"}],"curies":[{"name":"wp","href":"https:\/\/api.w.org\/{rel}","templated":true}]}}