{"id":774711,"date":"2025-09-09T10:31:46","date_gmt":"2025-09-09T07:31:46","guid":{"rendered":"https:\/\/roveyayinevi.com.tr\/index.php\/urun\/suikast-burosu-3\/"},"modified":"2026-04-16T02:12:58","modified_gmt":"2026-04-15T23:12:58","slug":"suikast-burosu-3","status":"publish","type":"product","link":"https:\/\/roveyayinevi.com.tr\/index.php\/urun\/suikast-burosu-3\/","title":{"rendered":"Suikast B\u00fcrosu"},"content":{"rendered":"<p>New York Times kitap ekinde, Bu kitap b\u00fcy\u00fck bir keyifle okunmas\u0131n\u0131n yan\u0131 s\u0131ra y\u0131llard\u0131r yaz\u0131lm\u0131\u015f en b\u00fcy\u00fck gerilim roman\u0131d\u0131r, diye tan\u0131t\u0131lan Suikast B\u00fcrosu, 20. y\u00fczy\u0131l\u0131n en \u00f6nemli yazarlar\u0131ndan Jack London&#8217;\u0131n siyaset d\u00fcnyas\u0131na g\u00f6ndermeler yapt\u0131\u011f\u0131 ironik bir yap\u0131t\u0131d\u0131r. <\/p>\n","protected":false},"excerpt":{"rendered":"<p>New York Times kitap ekinde, Bu kitap b\u00fcy\u00fck bir keyifle okunmas\u0131n\u0131n yan\u0131 s\u0131ra y\u0131llard\u0131r yaz\u0131lm\u0131\u015f en b\u00fcy\u00fck gerilim roman\u0131d\u0131r, diye tan\u0131t\u0131lan Suikast B\u00fcrosu, 20. y\u00fczy\u0131l\u0131n en<span class=\"excerpt-hellip\"> [\u2026]<\/span><\/p>\n","protected":false},"featured_media":0,"template":"","meta":{"_monsterinsights_skip_tracking":false,"_monsterinsights_sitenote_active":false,"_monsterinsights_sitenote_note":"","_monsterinsights_sitenote_category":0},"product_brand":[],"product_cat":[12891,12291],"product_tag":[],"class_list":{"0":"post-774711","1":"product","2":"type-product","3":"status-publish","5":"product_cat-amerikan-edebiyati","6":"product_cat-edebiyat","7":"pa_cilt-ciltsiz","8":"pa_tur-kitap","9":"pa_yayinevi-can-yayinlari","10":"pa_yazar-jack-london","12":"first","13":"instock","14":"sale","15":"shipping-taxable","16":"purchasable","17":"product-type-simple"},"_links":{"self":[{"href":"https:\/\/roveyayinevi.com.tr\/index.php\/wp-json\/wp\/v2\/product\/774711","targetHints":{"allow":["GET"]}}],"collection":[{"href":"https:\/\/roveyayinevi.com.tr\/index.php\/wp-json\/wp\/v2\/product"}],"about":[{"href":"https:\/\/roveyayinevi.com.tr\/index.php\/wp-json\/wp\/v2\/types\/product"}],"wp:attachment":[{"href":"https:\/\/roveyayinevi.com.tr\/index.php\/wp-json\/wp\/v2\/media?parent=774711"}],"wp:term":[{"taxonomy":"product_brand","embeddable":true,"href":"https:\/\/roveyayinevi.com.tr\/index.php\/wp-json\/wp\/v2\/product_brand?post=774711"},{"taxonomy":"product_cat","embeddable":true,"href":"https:\/\/roveyayinevi.com.tr\/index.php\/wp-json\/wp\/v2\/product_cat?post=774711"},{"taxonomy":"product_tag","embeddable":true,"href":"https:\/\/roveyayinevi.com.tr\/index.php\/wp-json\/wp\/v2\/product_tag?post=774711"}],"curies":[{"name":"wp","href":"https:\/\/api.w.org\/{rel}","templated":true}]}}