{"id":774706,"date":"2025-09-09T10:28:37","date_gmt":"2025-09-09T07:28:37","guid":{"rendered":"https:\/\/roveyayinevi.com.tr\/index.php\/urun\/karsilastirmali-siyaset-temel-konular-ve-yaklasimlar\/"},"modified":"2026-04-16T02:12:33","modified_gmt":"2026-04-15T23:12:33","slug":"karsilastirmali-siyaset-temel-konular-ve-yaklasimlar","status":"publish","type":"product","link":"https:\/\/roveyayinevi.com.tr\/index.php\/urun\/karsilastirmali-siyaset-temel-konular-ve-yaklasimlar\/","title":{"rendered":"Kar\u015f\u0131la\u015ft\u0131rmal\u0131 Siyaset Temel Konular ve Yakla\u015f\u0131mlar"},"content":{"rendered":"<p>Siyaset biliminin ana dallar\u0131ndan biri olan kar\u015f\u0131la\u015ft\u0131rmal\u0131 siyaset, temel olarak d\u00fcnyadaki farkl\u0131 siyasal sistemlerin kar\u015f\u0131la\u015ft\u0131r\u0131lmas\u0131n\u0131 konu edinir. Son derece geni\u015f olan bu \u00e7al\u0131\u015fma alan\u0131; siyasal rejimlerden (demokrasiler, otoriter ve yar\u0131 otoriter sistemler) siyasal kurum ve s\u00fcre\u00e7lere (siyasi partiler, \u00e7\u0131kar gruplar\u0131, STK\u2019lar, siyasal k\u00fclt\u00fcr, se\u00e7imler, demokratikle\u015fme vb.) ve buradan toplumlar\u0131n ekonomi politi\u011fine kadar uzanan b\u00fcy\u00fck bir \u00e7er\u00e7eveyi i\u00e7ine al\u0131r. Siyaset biliminde kar\u015f\u0131la\u015ft\u0131rma yaparken, siyasal olay ve toplumsal olgular\u0131n ortaya \u00e7\u0131k\u0131\u015f\u0131, de\u011fi\u015fimi ve sosyal olarak sonlan\u0131\u015f\u0131 ele al\u0131n\u0131p, s\u00fcre\u00e7 i\u00e7inde de\u011fi\u015fkenleri tesbit edilerek, bunlar\u0131n bireyin dolay\u0131s\u0131yla toplumun ya\u015fam\u0131na olan etkisi incelenir. \ufffcTan\u0131t\u0131m Metni<\/p>\n","protected":false},"excerpt":{"rendered":"<p>Siyaset biliminin ana dallar\u0131ndan biri olan kar\u015f\u0131la\u015ft\u0131rmal\u0131 siyaset, temel olarak d\u00fcnyadaki farkl\u0131 siyasal sistemlerin kar\u015f\u0131la\u015ft\u0131r\u0131lmas\u0131n\u0131 konu edinir. Son derece geni\u015f olan bu \u00e7al\u0131\u015fma alan\u0131; siyasal rejimlerden<span class=\"excerpt-hellip\"> [\u2026]<\/span><\/p>\n","protected":false},"featured_media":0,"template":"","meta":{"_monsterinsights_skip_tracking":false,"_monsterinsights_sitenote_active":false,"_monsterinsights_sitenote_note":"","_monsterinsights_sitenote_category":0},"product_brand":[],"product_cat":[12573,12566],"product_tag":[],"class_list":{"0":"post-774706","1":"product","2":"type-product","3":"status-publish","5":"product_cat-akademik-kitaplar","6":"product_cat-egitim","7":"pa_cilt-ciltsiz","8":"pa_tur-kitap","9":"pa_yayinevi-bilgi-universitesi-yayinlari-akademik","10":"pa_yazar-hasret-dikici-bilgin","11":"pa_yazar-sabri-sayari","13":"first","14":"instock","15":"sale","16":"shipping-taxable","17":"purchasable","18":"product-type-simple"},"_links":{"self":[{"href":"https:\/\/roveyayinevi.com.tr\/index.php\/wp-json\/wp\/v2\/product\/774706","targetHints":{"allow":["GET"]}}],"collection":[{"href":"https:\/\/roveyayinevi.com.tr\/index.php\/wp-json\/wp\/v2\/product"}],"about":[{"href":"https:\/\/roveyayinevi.com.tr\/index.php\/wp-json\/wp\/v2\/types\/product"}],"wp:attachment":[{"href":"https:\/\/roveyayinevi.com.tr\/index.php\/wp-json\/wp\/v2\/media?parent=774706"}],"wp:term":[{"taxonomy":"product_brand","embeddable":true,"href":"https:\/\/roveyayinevi.com.tr\/index.php\/wp-json\/wp\/v2\/product_brand?post=774706"},{"taxonomy":"product_cat","embeddable":true,"href":"https:\/\/roveyayinevi.com.tr\/index.php\/wp-json\/wp\/v2\/product_cat?post=774706"},{"taxonomy":"product_tag","embeddable":true,"href":"https:\/\/roveyayinevi.com.tr\/index.php\/wp-json\/wp\/v2\/product_tag?post=774706"}],"curies":[{"name":"wp","href":"https:\/\/api.w.org\/{rel}","templated":true}]}}