{"id":774705,"date":"2025-09-09T10:28:23","date_gmt":"2025-09-09T07:28:23","guid":{"rendered":"https:\/\/roveyayinevi.com.tr\/index.php\/urun\/orgazmin-islevi\/"},"modified":"2026-04-16T02:12:32","modified_gmt":"2026-04-15T23:12:32","slug":"orgazmin-islevi","status":"publish","type":"product","link":"https:\/\/roveyayinevi.com.tr\/index.php\/urun\/orgazmin-islevi\/","title":{"rendered":"Orgazm\u0131n \u0130\u015flevi"},"content":{"rendered":"<p>Orgazm\u0131n \u0130\u015flevi\u2019nde Wilhelm Reich, cinsel ekonominin bireyler ve toplum a\u00e7\u0131s\u0131ndan ta\u015f\u0131d\u0131\u011f\u0131 belirleyici \u00f6nemi cinsellik konusunda kendisinden \u00f6nce ve sonra yap\u0131lm\u0131\u015f b\u00fct\u00fcn ele\u015ftirilerden daha k\u00f6kl\u00fc bi\u00e7imde g\u00f6rm\u00fc\u015ft\u00fcr. K\u00fclt\u00fcrel geli\u015fim i\u00e7in d\u00fcrt\u00fc uyar\u0131m\u0131n\u0131n elzem oldu\u011funu savunan Freud\u2019dan ileri giderek Reich, her nevrozun birikmi\u015f cinsel enerjinin sonucu oldu\u011funu ve otoriter aile yap\u0131s\u0131yla otoriter sosyal yap\u0131 taraf\u0131ndan s\u00fcrekli yeniden \u00fcretildi\u011fini kan\u0131tl\u0131yor. Ancak Reich\u2019a g\u00f6re orgazm olma g\u00fcc\u00fcne sahip olmak sosyal bak\u0131mdan g\u00fc\u00e7l\u00fc olmak demektir; insana yara\u015f\u0131r bir ya\u015fam\u0131 ve verimli \u00e7al\u0131\u015fmay\u0131 ancak bu g\u00fc\u00e7 garanti eder. Reich orgazmdaki biyolojik s\u00fcre\u00e7leri analiz ediyor ve bunlara dayanarak vejetoterapiyi geli\u015ftiriyor; bu terapinin hedefi kas ve karakter \u201cz\u0131rhlar\u0131n\u0131\u201d \u00e7\u00f6zmek ve bast\u0131r\u0131lm\u0131\u015f genital cinselli\u011fi serbest b\u0131rakmakt\u0131r. \ufffcTan\u0131t\u0131m Metni<\/p>\n","protected":false},"excerpt":{"rendered":"<p>Orgazm\u0131n \u0130\u015flevi\u2019nde Wilhelm Reich, cinsel ekonominin bireyler ve toplum a\u00e7\u0131s\u0131ndan ta\u015f\u0131d\u0131\u011f\u0131 belirleyici \u00f6nemi cinsellik konusunda kendisinden \u00f6nce ve sonra yap\u0131lm\u0131\u015f b\u00fct\u00fcn ele\u015ftirilerden daha k\u00f6kl\u00fc bi\u00e7imde g\u00f6rm\u00fc\u015ft\u00fcr.<span class=\"excerpt-hellip\"> [\u2026]<\/span><\/p>\n","protected":false},"featured_media":0,"template":"","meta":{"_monsterinsights_skip_tracking":false,"_monsterinsights_sitenote_active":false,"_monsterinsights_sitenote_note":"","_monsterinsights_sitenote_category":0},"product_brand":[],"product_cat":[12358,12357],"product_tag":[],"class_list":{"0":"post-774705","1":"product","2":"type-product","3":"status-publish","5":"product_cat-genel-psikoloji","6":"product_cat-psikoloji","7":"pa_tur-kitap","8":"pa_yayinevi-cem-yayinevi","9":"pa_yazar-wilhelm-reich","11":"first","12":"instock","13":"sale","14":"shipping-taxable","15":"purchasable","16":"product-type-simple"},"_links":{"self":[{"href":"https:\/\/roveyayinevi.com.tr\/index.php\/wp-json\/wp\/v2\/product\/774705","targetHints":{"allow":["GET"]}}],"collection":[{"href":"https:\/\/roveyayinevi.com.tr\/index.php\/wp-json\/wp\/v2\/product"}],"about":[{"href":"https:\/\/roveyayinevi.com.tr\/index.php\/wp-json\/wp\/v2\/types\/product"}],"wp:attachment":[{"href":"https:\/\/roveyayinevi.com.tr\/index.php\/wp-json\/wp\/v2\/media?parent=774705"}],"wp:term":[{"taxonomy":"product_brand","embeddable":true,"href":"https:\/\/roveyayinevi.com.tr\/index.php\/wp-json\/wp\/v2\/product_brand?post=774705"},{"taxonomy":"product_cat","embeddable":true,"href":"https:\/\/roveyayinevi.com.tr\/index.php\/wp-json\/wp\/v2\/product_cat?post=774705"},{"taxonomy":"product_tag","embeddable":true,"href":"https:\/\/roveyayinevi.com.tr\/index.php\/wp-json\/wp\/v2\/product_tag?post=774705"}],"curies":[{"name":"wp","href":"https:\/\/api.w.org\/{rel}","templated":true}]}}