{"id":774700,"date":"2025-09-09T10:19:58","date_gmt":"2025-09-09T07:19:58","guid":{"rendered":"https:\/\/roveyayinevi.com.tr\/index.php\/urun\/maddenin-en-son-yapitasi-higgs-bozonu\/"},"modified":"2026-04-16T02:11:20","modified_gmt":"2026-04-15T23:11:20","slug":"maddenin-en-son-yapitasi-higgs-bozonu","status":"publish","type":"product","link":"https:\/\/roveyayinevi.com.tr\/index.php\/urun\/maddenin-en-son-yapitasi-higgs-bozonu\/","title":{"rendered":"Maddenin En Son Yap\u0131tas\u0327\u0131 Higgs Bozonu"},"content":{"rendered":"<p>4 Temmuz 2012 tarihinde \u0130svi\u00e7re\u2019nin Cenevre kentindeki dev bilimsel ara\u015ft\u0131rma tesisi B\u00fcy\u00fck Hadron \u00c7arp\u0131\u015ft\u0131r\u0131c\u0131s\u0131\u2019nda \u00e7ok \u00f6nemli bir deney yap\u0131ld\u0131 ve yeni bir atomalt\u0131 par\u00e7ac\u0131\u011f\u0131n varl\u0131\u011f\u0131n\u0131n do\u011fruland\u0131\u011f\u0131 t\u00fcm d\u00fcnyaya duyuruldu. Ke\u015ffedilen Higgs bozonu maddenin en son yap\u0131ta\u015f\u0131 m\u0131? Bilginlerin atomu par\u00e7alamay\u0131 ba\u015fararak girdikleri yolun sonuna m\u0131 gelindi? Yazarlar bu sorulara evet yan\u0131t\u0131n\u0131 vermekten \u00e7ok maddenin i\u00e7yap\u0131s\u0131n\u0131n anla\u015f\u0131lmas\u0131 yolunda \u00e7ok \u00f6nemli bir etaba girildi\u011fini ancak hen\u00fcz bilinmeyen, ara\u015ft\u0131r\u0131lmas\u0131 gereken pek \u00e7ok \u015fey oldu\u011funu belirtiyorlar. Kitap, bu ke\u015ffin bilim d\u00fcnyas\u0131 a\u00e7\u0131s\u0131ndan ne t\u00fcr bir \u00f6nem ta\u015f\u0131d\u0131\u011f\u0131n\u0131 a\u00e7\u0131kl\u0131yor, atomalt\u0131 par\u00e7ac\u0131klar hakk\u0131nda ayr\u0131nt\u0131l\u0131 ve anla\u015f\u0131lmas\u0131 kolay bilgiler veriyor. Bilgilerinizi g\u00fcncellemenizde fayda var&#8230; \ufffcTan\u0131t\u0131m Metni<\/p>\n","protected":false},"excerpt":{"rendered":"<p>4 Temmuz 2012 tarihinde \u0130svi\u00e7re\u2019nin Cenevre kentindeki dev bilimsel ara\u015ft\u0131rma tesisi B\u00fcy\u00fck Hadron \u00c7arp\u0131\u015ft\u0131r\u0131c\u0131s\u0131\u2019nda \u00e7ok \u00f6nemli bir deney yap\u0131ld\u0131 ve yeni bir atomalt\u0131 par\u00e7ac\u0131\u011f\u0131n varl\u0131\u011f\u0131n\u0131n do\u011fruland\u0131\u011f\u0131<span class=\"excerpt-hellip\"> [\u2026]<\/span><\/p>\n","protected":false},"featured_media":0,"template":"","meta":{"_monsterinsights_skip_tracking":false,"_monsterinsights_sitenote_active":false,"_monsterinsights_sitenote_note":"","_monsterinsights_sitenote_category":0},"product_brand":[],"product_cat":[13590,12337],"product_tag":[],"class_list":{"0":"post-774700","1":"product","2":"type-product","3":"status-publish","5":"product_cat-arastirma-inceleme-politika-siyaset","6":"product_cat-politika-siyaset","7":"pa_cilt-ciltsiz","8":"pa_tur-kitap","9":"pa_yayinevi-say-yayinlari","10":"pa_yazar-laurent-vacavant","12":"first","13":"instock","14":"sale","15":"shipping-taxable","16":"purchasable","17":"product-type-simple"},"_links":{"self":[{"href":"https:\/\/roveyayinevi.com.tr\/index.php\/wp-json\/wp\/v2\/product\/774700","targetHints":{"allow":["GET"]}}],"collection":[{"href":"https:\/\/roveyayinevi.com.tr\/index.php\/wp-json\/wp\/v2\/product"}],"about":[{"href":"https:\/\/roveyayinevi.com.tr\/index.php\/wp-json\/wp\/v2\/types\/product"}],"wp:attachment":[{"href":"https:\/\/roveyayinevi.com.tr\/index.php\/wp-json\/wp\/v2\/media?parent=774700"}],"wp:term":[{"taxonomy":"product_brand","embeddable":true,"href":"https:\/\/roveyayinevi.com.tr\/index.php\/wp-json\/wp\/v2\/product_brand?post=774700"},{"taxonomy":"product_cat","embeddable":true,"href":"https:\/\/roveyayinevi.com.tr\/index.php\/wp-json\/wp\/v2\/product_cat?post=774700"},{"taxonomy":"product_tag","embeddable":true,"href":"https:\/\/roveyayinevi.com.tr\/index.php\/wp-json\/wp\/v2\/product_tag?post=774700"}],"curies":[{"name":"wp","href":"https:\/\/api.w.org\/{rel}","templated":true}]}}