{"id":774697,"date":"2025-09-09T10:18:00","date_gmt":"2025-09-09T07:18:00","guid":{"rendered":"https:\/\/roveyayinevi.com.tr\/index.php\/urun\/cadilar-3\/"},"modified":"2026-04-12T02:12:47","modified_gmt":"2026-04-11T23:12:47","slug":"cadilar-3","status":"publish","type":"product","link":"https:\/\/roveyayinevi.com.tr\/index.php\/urun\/cadilar-3\/","title":{"rendered":"Cad\u0131lar"},"content":{"rendered":"<p>&#8220;Ger\u00e7ek Cad\u0131lar s\u0131radan giysiler giyerler ve t\u0131pk\u0131 s\u0131radan kad\u0131nlara benzerler. S\u0131radan evlerde otururlar ve s\u0131radan i\u015flerde \u00e7al\u0131\u015f\u0131rlar. Onlar\u0131 yakalamak i\u015fte bu y\u00fczden \u00e7ok zordur. Ger\u00e7ek bir cad\u0131 \u00e7ocuklar\u0131 g\u00fcnah\u0131 kadar sevmez, \u00e7ocuklardan nefret eder, \u00e7ocuk g\u00f6r\u00fcnce kan ba\u015f\u0131na s\u0131\u00e7rar.&#8221;Cad\u0131lar\u0131n Cad\u0131s\u0131, \u0130ngiltere&#8217;deki t\u00fcm \u00e7ocuklardan kurtulmak i\u00e7in korkun\u00e7 bir plan yapar. \u00d6nce, cad\u0131lar \u015feker d\u00fckk\u00e2nlar\u0131n\u0131 ele ge\u00e7ireceklerdir. Sonra, d\u00fckk\u00e2nlar\u0131n vitrinine bir ilan yap\u0131\u015ft\u0131r\u0131p b\u00fcy\u00fck a\u00e7\u0131l\u0131\u015f g\u00fcn\u00fc b\u00fct\u00fcn \u00e7ocuklara bedava \u015feker ve \u00e7ikolata da\u011f\u0131t\u0131laca\u011f\u0131n\u0131 duyuracaklard\u0131r. \u0130\u00e7lerinde, Cad\u0131lar\u0131n Cad\u0131s\u0131&#8217;n\u0131n haz\u0131rlad\u0131\u011f\u0131 Form\u00fcl 86 Zaman Ayarl\u0131 Fareyapan \u0130ksiri olan bu \u015feker ve \u00e7ikolatalar \u00e7ocuklar\u0131 fareye \u00e7evirecektir! Sonra da gelsin fare kapanlar\u0131!Hikayemizin anlat\u0131c\u0131s\u0131 olan k\u00fc\u00e7\u00fck o\u011flan bu ac\u0131mas\u0131z plana kulak misafiri olur. Neyse ki b\u00fcy\u00fckannesi cad\u0131lar hakk\u0131nda her \u015feyi bilmektedir. Ne yaz\u0131k ki, b\u00fcy\u00fckannesine ak\u0131l dan\u0131\u015famadan kendisini fareye d\u00f6n\u00fc\u015fm\u00fc\u015f bulur. Cad\u0131lar zafer kazanacak m\u0131d\u0131r? \u0130ngiltere&#8217;deki \u00e7ocuklar\u0131n sonu mu gelecektir? Ve b\u00fcy\u00fckannenin eksik olan parma\u011f\u0131n\u0131n arkas\u0131ndaki s\u0131r nedir? Bu kitapta t\u00fcm bu sorular\u0131n yan\u0131tlar\u0131n\u0131 bulacaks\u0131n\u0131z&#8230; <\/p>\n","protected":false},"excerpt":{"rendered":"<p>&#8220;Ger\u00e7ek Cad\u0131lar s\u0131radan giysiler giyerler ve t\u0131pk\u0131 s\u0131radan kad\u0131nlara benzerler. S\u0131radan evlerde otururlar ve s\u0131radan i\u015flerde \u00e7al\u0131\u015f\u0131rlar. Onlar\u0131 yakalamak i\u015fte bu y\u00fczden \u00e7ok zordur. Ger\u00e7ek bir<span class=\"excerpt-hellip\"> [\u2026]<\/span><\/p>\n","protected":false},"featured_media":0,"template":"","meta":{"_monsterinsights_skip_tracking":false,"_monsterinsights_sitenote_active":false,"_monsterinsights_sitenote_note":"","_monsterinsights_sitenote_category":0},"product_brand":[],"product_cat":[12274,12284],"product_tag":[],"class_list":{"0":"post-774697","1":"product","2":"type-product","3":"status-publish","5":"product_cat-cocuk-ve-genclik-kitaplari","6":"product_cat-hikayeler","7":"pa_cilt-ciltsiz","8":"pa_tur-kitap","9":"pa_yayinevi-can-cocuk-yayinlari","10":"pa_yazar-roald-dahl","12":"first","13":"instock","14":"sale","15":"shipping-taxable","16":"purchasable","17":"product-type-simple"},"_links":{"self":[{"href":"https:\/\/roveyayinevi.com.tr\/index.php\/wp-json\/wp\/v2\/product\/774697","targetHints":{"allow":["GET"]}}],"collection":[{"href":"https:\/\/roveyayinevi.com.tr\/index.php\/wp-json\/wp\/v2\/product"}],"about":[{"href":"https:\/\/roveyayinevi.com.tr\/index.php\/wp-json\/wp\/v2\/types\/product"}],"wp:attachment":[{"href":"https:\/\/roveyayinevi.com.tr\/index.php\/wp-json\/wp\/v2\/media?parent=774697"}],"wp:term":[{"taxonomy":"product_brand","embeddable":true,"href":"https:\/\/roveyayinevi.com.tr\/index.php\/wp-json\/wp\/v2\/product_brand?post=774697"},{"taxonomy":"product_cat","embeddable":true,"href":"https:\/\/roveyayinevi.com.tr\/index.php\/wp-json\/wp\/v2\/product_cat?post=774697"},{"taxonomy":"product_tag","embeddable":true,"href":"https:\/\/roveyayinevi.com.tr\/index.php\/wp-json\/wp\/v2\/product_tag?post=774697"}],"curies":[{"name":"wp","href":"https:\/\/api.w.org\/{rel}","templated":true}]}}