{"id":774696,"date":"2025-09-09T10:17:10","date_gmt":"2025-09-09T07:17:10","guid":{"rendered":"https:\/\/roveyayinevi.com.tr\/index.php\/urun\/beyaz-prenses-sancaktar\/"},"modified":"2026-04-16T02:10:51","modified_gmt":"2026-04-15T23:10:51","slug":"beyaz-prenses-sancaktar","status":"publish","type":"product","link":"https:\/\/roveyayinevi.com.tr\/index.php\/urun\/beyaz-prenses-sancaktar\/","title":{"rendered":"Beyaz Prenses Sancaktar"},"content":{"rendered":"<p>Cem Yay\u0131nevi, Rainer Maria Rilke&#8217;nin b\u00fct\u00fcn \u015fiirleri dizisinde, \u015fairin kendi yay\u0131nlama s\u0131ras\u0131n\u0131 g\u00f6zeterek, bu be\u015finci kitapla Beyaz Prenses ve Sancaktar Christoph Rilke&#8217;nin A\u015fk ve \u00d6l\u00fcm Tarz\u0131 adl\u0131 yap\u0131tlar\u0131n\u0131 bir arada sunuyor. Birincisi bir \u015fiirsel oyun kurgusuna sahip. \u0130kincisi k\u00fc\u00e7\u00fck bir destan tarz\u0131nda. Bu ikincisi, Sancaktar, 1912 ve 1945 y\u0131llar\u0131 aras\u0131nda Alman edebiyat\u0131n\u0131n en fazla okunan kitaplar\u0131ndan biri oldu. \u00d6zellikle cepheye giden askerlerin \u00e7antalar\u0131ndan eksik etmedikleri bir k\u00fclt kitap. Bu kitap ayn\u0131 zamanda Rilke&#8217;nin \u00fcn\u00fcn\u00fc yayg\u0131nla\u015ft\u0131rd\u0131. Her iki yap\u0131t da \u015fairin gen\u00e7lik d\u00f6neminin doru\u011fu. \ufffcTan\u0131t\u0131m Metni<\/p>\n","protected":false},"excerpt":{"rendered":"<p>Cem Yay\u0131nevi, Rainer Maria Rilke&#8217;nin b\u00fct\u00fcn \u015fiirleri dizisinde, \u015fairin kendi yay\u0131nlama s\u0131ras\u0131n\u0131 g\u00f6zeterek, bu be\u015finci kitapla Beyaz Prenses ve Sancaktar Christoph Rilke&#8217;nin A\u015fk ve \u00d6l\u00fcm Tarz\u0131<span class=\"excerpt-hellip\"> [\u2026]<\/span><\/p>\n","protected":false},"featured_media":0,"template":"","meta":{"_monsterinsights_skip_tracking":false,"_monsterinsights_sitenote_active":false,"_monsterinsights_sitenote_note":"","_monsterinsights_sitenote_category":0},"product_brand":[],"product_cat":[12291,12509],"product_tag":[],"class_list":{"0":"post-774696","1":"product","2":"type-product","3":"status-publish","5":"product_cat-edebiyat","6":"product_cat-siir","7":"pa_tur-kitap","8":"pa_yayinevi-cem-yayinevi","9":"pa_yazar-rainer-maria-rilke","11":"first","12":"instock","13":"sale","14":"shipping-taxable","15":"purchasable","16":"product-type-simple"},"_links":{"self":[{"href":"https:\/\/roveyayinevi.com.tr\/index.php\/wp-json\/wp\/v2\/product\/774696","targetHints":{"allow":["GET"]}}],"collection":[{"href":"https:\/\/roveyayinevi.com.tr\/index.php\/wp-json\/wp\/v2\/product"}],"about":[{"href":"https:\/\/roveyayinevi.com.tr\/index.php\/wp-json\/wp\/v2\/types\/product"}],"wp:attachment":[{"href":"https:\/\/roveyayinevi.com.tr\/index.php\/wp-json\/wp\/v2\/media?parent=774696"}],"wp:term":[{"taxonomy":"product_brand","embeddable":true,"href":"https:\/\/roveyayinevi.com.tr\/index.php\/wp-json\/wp\/v2\/product_brand?post=774696"},{"taxonomy":"product_cat","embeddable":true,"href":"https:\/\/roveyayinevi.com.tr\/index.php\/wp-json\/wp\/v2\/product_cat?post=774696"},{"taxonomy":"product_tag","embeddable":true,"href":"https:\/\/roveyayinevi.com.tr\/index.php\/wp-json\/wp\/v2\/product_tag?post=774696"}],"curies":[{"name":"wp","href":"https:\/\/api.w.org\/{rel}","templated":true}]}}