{"id":774691,"date":"2025-09-09T10:15:55","date_gmt":"2025-09-09T07:15:55","guid":{"rendered":"https:\/\/roveyayinevi.com.tr\/index.php\/urun\/din-felsefe-tartismasi\/"},"modified":"2026-04-08T02:14:03","modified_gmt":"2026-04-07T23:14:03","slug":"din-felsefe-tartismasi","status":"publish","type":"product","link":"https:\/\/roveyayinevi.com.tr\/index.php\/urun\/din-felsefe-tartismasi\/","title":{"rendered":"Din-Felsefe Tart\u0131\u015fmas\u0131"},"content":{"rendered":"<p>Din-Felsefe Tart\u0131\u015fmas\u0131, en \u00f6nemli \u0130slam filozofu say\u0131lan ve Bat\u0131 skolastik d\u00fc\u015f\u00fcncesini etkiledi\u011fi s\u00f6ylenen \u0130bn R\u00fc\u015fd&#8217;\u00fcn k\u0131sa bir yap\u0131t\u0131. Orta\u00e7a\u011f&#8217;da insanlar\u0131n dinsel inan\u00e7 denizi i\u00e7inde y\u00fczd\u00fc\u011f\u00fc karanl\u0131k zamanlarda, birka\u00e7 \u0130slam alimi gibi \u0130bn R\u00fc\u015fd de Aristoteles&#8217;in Metafizik&#8217;i ile tart\u0131\u015f\u0131yor ve bu spek\u00fclatif d\u00fc\u015f\u00fcnceleri yorumluyor. Sonu\u00e7ta din y\u00f6netici \u00e7evresi hem \u0130bn R\u00fc\u015fd&#8217;\u00fc, hem onun d\u00fc\u015f\u00fcncelerini reddediyor. G\u00f6n\u00fcm\u00fczde \u0130slam d\u00fcnyas\u0131 felsefe ile yeniden tart\u0131\u015fma halindedir. Bu nedenle \u0130bn R\u00fc\u015fd&#8217;\u00fcn d\u00fc\u015f\u00fcnceleri yeniden g\u00fcncellik kazanm\u0131\u015ft\u0131r. Bu k\u0131sa yap\u0131t\u0131, \u00e7evirmeni H\u00fcsen Portakal geni\u015f bir sunu\u015f yaz\u0131s\u0131yla bize tan\u0131t\u0131yor ve g\u00fcn\u00fcm\u00fcz d\u00fcnya g\u00f6r\u00fc\u015f\u00fc a\u00e7\u0131s\u0131ndan yeniden de\u011ferlendiriyor. \ufffcTan\u0131t\u0131m Metni<\/p>\n","protected":false},"excerpt":{"rendered":"<p>Din-Felsefe Tart\u0131\u015fmas\u0131, en \u00f6nemli \u0130slam filozofu say\u0131lan ve Bat\u0131 skolastik d\u00fc\u015f\u00fcncesini etkiledi\u011fi s\u00f6ylenen \u0130bn R\u00fc\u015fd&#8217;\u00fcn k\u0131sa bir yap\u0131t\u0131. Orta\u00e7a\u011f&#8217;da insanlar\u0131n dinsel inan\u00e7 denizi i\u00e7inde y\u00fczd\u00fc\u011f\u00fc karanl\u0131k<span class=\"excerpt-hellip\"> [\u2026]<\/span><\/p>\n","protected":false},"featured_media":0,"template":"","meta":{"_monsterinsights_skip_tracking":false,"_monsterinsights_sitenote_active":false,"_monsterinsights_sitenote_note":"","_monsterinsights_sitenote_category":0},"product_brand":[],"product_cat":[12718,12719,13025],"product_tag":[],"class_list":{"0":"post-774691","1":"product","2":"type-product","3":"status-publish","5":"product_cat-din","6":"product_cat-islam","7":"product_cat-islam-ve-gunumuz-islam-dusuncesi","8":"pa_cilt-ciltsiz","9":"pa_tur-kitap","10":"pa_yayinevi-cem-yayinevi","11":"pa_yazar-ibn-rusd","13":"first","14":"instock","15":"sale","16":"shipping-taxable","17":"purchasable","18":"product-type-simple"},"_links":{"self":[{"href":"https:\/\/roveyayinevi.com.tr\/index.php\/wp-json\/wp\/v2\/product\/774691","targetHints":{"allow":["GET"]}}],"collection":[{"href":"https:\/\/roveyayinevi.com.tr\/index.php\/wp-json\/wp\/v2\/product"}],"about":[{"href":"https:\/\/roveyayinevi.com.tr\/index.php\/wp-json\/wp\/v2\/types\/product"}],"wp:attachment":[{"href":"https:\/\/roveyayinevi.com.tr\/index.php\/wp-json\/wp\/v2\/media?parent=774691"}],"wp:term":[{"taxonomy":"product_brand","embeddable":true,"href":"https:\/\/roveyayinevi.com.tr\/index.php\/wp-json\/wp\/v2\/product_brand?post=774691"},{"taxonomy":"product_cat","embeddable":true,"href":"https:\/\/roveyayinevi.com.tr\/index.php\/wp-json\/wp\/v2\/product_cat?post=774691"},{"taxonomy":"product_tag","embeddable":true,"href":"https:\/\/roveyayinevi.com.tr\/index.php\/wp-json\/wp\/v2\/product_tag?post=774691"}],"curies":[{"name":"wp","href":"https:\/\/api.w.org\/{rel}","templated":true}]}}