{"id":774690,"date":"2025-09-09T10:15:54","date_gmt":"2025-09-09T07:15:54","guid":{"rendered":"https:\/\/roveyayinevi.com.tr\/index.php\/urun\/dinle-kucuk-adam\/"},"modified":"2026-04-16T02:10:46","modified_gmt":"2026-04-15T23:10:46","slug":"dinle-kucuk-adam","status":"publish","type":"product","link":"https:\/\/roveyayinevi.com.tr\/index.php\/urun\/dinle-kucuk-adam\/","title":{"rendered":"Dinle, K\u00fc\u00e7\u00fck Adam"},"content":{"rendered":"<p>Wilhelm Reich, 1897 y\u0131l\u0131nda Gali\u00e7ya&#8217;n\u0131n Dobrzcynica kendinde do\u011fdu. 1920 y\u0131l\u0131nda Viyana Psikoanalitik Cemiyeti&#8217;ne (I.P.V.) kat\u0131ld\u0131. 1928 y\u0131l\u0131nda Viyana&#8217;da Seks\u00fcel Dan\u0131\u015fma ve Seks\u00fcel ara\u015ft\u0131rma Cemiyeti&#8217;nin bilimsel uzman y\u00f6netmeni oldu. Bir yandan kom\u00fcntern ile, Avusturya marksistleri ve Kom\u00fcnist Partisi ile, \u00f6te yandan Sigmund Freud okuluyla tart\u0131\u015fmalar\u0131n ard\u0131ndan, 1934 y\u0131l\u0131nda Kom\u00fcnist Partisi&#8217;nden ve Uluslararas\u0131 Psikoanalitik cemiyeti&#8217;nden at\u0131ld\u0131. ABD&#8217;ye g\u00f6\u00e7 ettikten sonkra, 1938-1940 y\u0131llar\u0131nda Kozmik Enerji yi (Orgon Energie) ke\u015ffetti ve 1957 y\u0131llar\u0131nda \u00f6l\u00fcm\u00fcne dek ara\u015ft\u0131rmalar\u0131n\u0131 bu alanda s\u00fcrd\u00fcrd\u00fc. Al\u0131\u015f\u0131lamad\u0131k sa\u011faltma y\u00f6ntemleri y\u00fcz\u00fcnden, Amerika&#8217;da at\u0131ld\u0131\u011f\u0131 cezaevinde \u00f6ld\u00fc.<\/p>\n","protected":false},"excerpt":{"rendered":"<p>Wilhelm Reich, 1897 y\u0131l\u0131nda Gali\u00e7ya&#8217;n\u0131n Dobrzcynica kendinde do\u011fdu. 1920 y\u0131l\u0131nda Viyana Psikoanalitik Cemiyeti&#8217;ne (I.P.V.) kat\u0131ld\u0131. 1928 y\u0131l\u0131nda Viyana&#8217;da Seks\u00fcel Dan\u0131\u015fma ve Seks\u00fcel ara\u015ft\u0131rma Cemiyeti&#8217;nin bilimsel uzman<span class=\"excerpt-hellip\"> [\u2026]<\/span><\/p>\n","protected":false},"featured_media":0,"template":"","meta":{"_monsterinsights_skip_tracking":false,"_monsterinsights_sitenote_active":false,"_monsterinsights_sitenote_note":"","_monsterinsights_sitenote_category":0},"product_brand":[],"product_cat":[14787,13488],"product_tag":[],"class_list":{"0":"post-774690","1":"product","2":"type-product","3":"status-publish","5":"product_cat-diger-toplum-ve-insan","6":"product_cat-toplum-ve-insan","7":"pa_cilt-ciltsiz","8":"pa_tur-kitap","9":"pa_yayinevi-cem-yayinevi","10":"pa_yazar-wilhelm-reich","12":"first","13":"instock","14":"sale","15":"shipping-taxable","16":"purchasable","17":"product-type-simple"},"_links":{"self":[{"href":"https:\/\/roveyayinevi.com.tr\/index.php\/wp-json\/wp\/v2\/product\/774690","targetHints":{"allow":["GET"]}}],"collection":[{"href":"https:\/\/roveyayinevi.com.tr\/index.php\/wp-json\/wp\/v2\/product"}],"about":[{"href":"https:\/\/roveyayinevi.com.tr\/index.php\/wp-json\/wp\/v2\/types\/product"}],"wp:attachment":[{"href":"https:\/\/roveyayinevi.com.tr\/index.php\/wp-json\/wp\/v2\/media?parent=774690"}],"wp:term":[{"taxonomy":"product_brand","embeddable":true,"href":"https:\/\/roveyayinevi.com.tr\/index.php\/wp-json\/wp\/v2\/product_brand?post=774690"},{"taxonomy":"product_cat","embeddable":true,"href":"https:\/\/roveyayinevi.com.tr\/index.php\/wp-json\/wp\/v2\/product_cat?post=774690"},{"taxonomy":"product_tag","embeddable":true,"href":"https:\/\/roveyayinevi.com.tr\/index.php\/wp-json\/wp\/v2\/product_tag?post=774690"}],"curies":[{"name":"wp","href":"https:\/\/api.w.org\/{rel}","templated":true}]}}