{"id":774688,"date":"2025-09-09T10:14:27","date_gmt":"2025-09-09T07:14:27","guid":{"rendered":"https:\/\/roveyayinevi.com.tr\/index.php\/urun\/sozcukler\/"},"modified":"2026-04-16T02:10:43","modified_gmt":"2026-04-15T23:10:43","slug":"sozcukler","status":"publish","type":"product","link":"https:\/\/roveyayinevi.com.tr\/index.php\/urun\/sozcukler\/","title":{"rendered":"S\u00f6zc\u00fckler"},"content":{"rendered":"<p>Nazik, kitapsever bir ailenin \u00e7ocu\u011fu olarak d\u00fcnyaya gelen, dul bir anne ile sevgi dolu b\u00fcy\u00fckanne ve b\u00fcy\u00fckbabas\u0131 taraf\u0131ndan b\u00fcy\u00fct\u00fclen Sartre S\u00f6zc\u00fckler\u2019de, \u00e7ocukluk an\u0131lar\u0131ndan yola \u00e7\u0131karak edebiyat\u0131n ve dilin, insan ya\u015fant\u0131s\u0131ndaki \u00f6nemine dikkat \u00e7eker. Ayr\u0131ca \u015fa\u015f\u0131 ve \u00e7elimsiz oldu\u011fu i\u00e7in ya\u015f\u0131tlar\u0131nca d\u0131\u015flanan k\u00fc\u00e7\u00fck bir o\u011flan olarak \u201cs\u00f6zc\u00fckler\u201de s\u0131\u011f\u0131nmas\u0131 ve kendisini d\u0131\u015flayan d\u00fcnyay\u0131 d\u00fc\u015flerinde yeniden yaratmaya \u00e7al\u0131\u015fmas\u0131, edebiyat ve felsefeyle ya\u015fam\u0131 boyunca s\u00fcrecek a\u015fk ili\u015fkisinin ipu\u00e7lar\u0131n\u0131 ta\u015f\u0131r ba\u011fr\u0131nda.    20. y\u00fczy\u0131l\u0131n en etkili d\u00fc\u015f\u00fcn\u00fcrlerinden Jean-Paul Sartre\u2019\u0131n g\u00f6z\u00fcpek ya\u015fam\u0131n\u0131n \u00f6yk\u00fcs\u00fc S\u00f6zc\u00fckler, \u00e7o\u011fu kez Jean-Jacques Rousseau\u2019nun \u0130tiraflar\u2019\u0131yla k\u0131yaslanm\u0131\u015ft\u0131r. Sartre\u2019\u0131n 59 ya\u015f\u0131nda kaleme ald\u0131\u011f\u0131 ve al\u0131\u015f\u0131lm\u0131\u015f otobiyografilerden \u00e7ok farkl\u0131 olan bu kitap, \u00e7a\u011f\u0131n\u0131n t\u00fcm yalanlar\u0131n\u0131 ve yan\u0131lsamalar\u0131 g\u00f6rm\u00fc\u015f bir adam\u0131n ironisiyle bir yazar\u0131n \u00e7ocukluk \u00e7a\u011f\u0131n\u0131, g\u00f6r\u00fclmemi\u015f bir cesaretle yorumlay\u0131\u015f\u0131 a\u00e7\u0131s\u0131ndan bir ba\u015fyap\u0131tt\u0131r. <\/p>\n","protected":false},"excerpt":{"rendered":"<p>Nazik, kitapsever bir ailenin \u00e7ocu\u011fu olarak d\u00fcnyaya gelen, dul bir anne ile sevgi dolu b\u00fcy\u00fckanne ve b\u00fcy\u00fckbabas\u0131 taraf\u0131ndan b\u00fcy\u00fct\u00fclen Sartre S\u00f6zc\u00fckler\u2019de, \u00e7ocukluk an\u0131lar\u0131ndan yola \u00e7\u0131karak edebiyat\u0131n<span class=\"excerpt-hellip\"> [\u2026]<\/span><\/p>\n","protected":false},"featured_media":0,"template":"","meta":{"_monsterinsights_skip_tracking":false,"_monsterinsights_sitenote_active":false,"_monsterinsights_sitenote_note":"","_monsterinsights_sitenote_category":0},"product_brand":[],"product_cat":[13946,12304],"product_tag":[],"class_list":{"0":"post-774688","1":"product","2":"type-product","3":"status-publish","5":"product_cat-biyografi-otobiyografi","6":"product_cat-tarih","7":"pa_cilt-ciltsiz","8":"pa_tur-kitap","9":"pa_yayinevi-can-yayinlari","10":"pa_yazar-jean-paul-sartre","12":"first","13":"instock","14":"sale","15":"shipping-taxable","16":"purchasable","17":"product-type-simple"},"_links":{"self":[{"href":"https:\/\/roveyayinevi.com.tr\/index.php\/wp-json\/wp\/v2\/product\/774688","targetHints":{"allow":["GET"]}}],"collection":[{"href":"https:\/\/roveyayinevi.com.tr\/index.php\/wp-json\/wp\/v2\/product"}],"about":[{"href":"https:\/\/roveyayinevi.com.tr\/index.php\/wp-json\/wp\/v2\/types\/product"}],"wp:attachment":[{"href":"https:\/\/roveyayinevi.com.tr\/index.php\/wp-json\/wp\/v2\/media?parent=774688"}],"wp:term":[{"taxonomy":"product_brand","embeddable":true,"href":"https:\/\/roveyayinevi.com.tr\/index.php\/wp-json\/wp\/v2\/product_brand?post=774688"},{"taxonomy":"product_cat","embeddable":true,"href":"https:\/\/roveyayinevi.com.tr\/index.php\/wp-json\/wp\/v2\/product_cat?post=774688"},{"taxonomy":"product_tag","embeddable":true,"href":"https:\/\/roveyayinevi.com.tr\/index.php\/wp-json\/wp\/v2\/product_tag?post=774688"}],"curies":[{"name":"wp","href":"https:\/\/api.w.org\/{rel}","templated":true}]}}