{"id":774686,"date":"2025-09-09T10:14:07","date_gmt":"2025-09-09T07:14:07","guid":{"rendered":"https:\/\/roveyayinevi.com.tr\/index.php\/urun\/aylakliga-ovgu\/"},"modified":"2026-04-16T02:10:42","modified_gmt":"2026-04-15T23:10:42","slug":"aylakliga-ovgu","status":"publish","type":"product","link":"https:\/\/roveyayinevi.com.tr\/index.php\/urun\/aylakliga-ovgu\/","title":{"rendered":"Aylakl\u0131\u011fa \u00d6vg\u00fc"},"content":{"rendered":"<p>\u00c7a\u011f\u0131m\u0131z\u0131n en b\u00fcy\u00fck filozof bilgin ve sosyal ele\u015ftirmenlerinden olan Bertrand Russell (1872-1970), \u0130ngiltere&#8217;nin tan\u0131nm\u0131\u015f, liberal ve soylu bir ailesinden gelir. \u00dc\u00e7 ya\u015f\u0131nda babas\u0131 \u00f6l\u00fcnce b\u00fcy\u00fckannesinin yan\u0131nda \u00f6zel e\u011fitim g\u00f6rerek yeti\u015fti. Cambridge&#8217;de \u00e7ok \u00fcst\u00fcn yetenekli bir \u00f6\u011frenciydi. Bilimsel \u00e7al\u0131\u015fmalar\u0131na 1895&#8217;de gitti\u011fi Almanya&#8217;da ba\u015flad\u0131. I. D\u00fcnya Sava\u015f\u0131&#8217;nda b\u00fct\u00fcn g\u00fcc\u00fcyle sava\u015fa kar\u015f\u0131 \u00e7\u0131kt\u0131. Bu y\u00fczden Cambridge&#8217;deki hocal\u0131\u011f\u0131na son verildi. Ayn\u0131 nedenle 1918&#8217;de 6 ay hapse mahk\u00fbm oldu ve en iyi eserlerinden birini, cezaevinde yazd\u0131. 1920&#8217;de SSCB&#8217;ye gitti; bu \u00fclkenin y\u00f6netiminden ho\u015flanmad\u0131. \u00c7in&#8217;de daha uzun s\u00fcre kald\u0131 ve oradaki k\u00f6kl\u00fc uygarl\u0131\u011f\u0131n akla uygunlu\u011funu be\u011fendi. 1950&#8217;de Nobel Edebiyat \u00d6d\u00fcl\u00fc&#8217;n\u00fc alan Russell, Aylakl\u0131\u011fa \u00d6vg\u00fc&#8217;de fa\u015fizm, e\u011fitim, felsefe gibi toplumsal konular\u0131 irdeliyor. \ufffc<\/p>\n","protected":false},"excerpt":{"rendered":"<p>\u00c7a\u011f\u0131m\u0131z\u0131n en b\u00fcy\u00fck filozof bilgin ve sosyal ele\u015ftirmenlerinden olan Bertrand Russell (1872-1970), \u0130ngiltere&#8217;nin tan\u0131nm\u0131\u015f, liberal ve soylu bir ailesinden gelir. \u00dc\u00e7 ya\u015f\u0131nda babas\u0131 \u00f6l\u00fcnce b\u00fcy\u00fckannesinin yan\u0131nda<span class=\"excerpt-hellip\"> [\u2026]<\/span><\/p>\n","protected":false},"featured_media":0,"template":"","meta":{"_monsterinsights_skip_tracking":false,"_monsterinsights_sitenote_active":false,"_monsterinsights_sitenote_note":"","_monsterinsights_sitenote_category":0},"product_brand":[],"product_cat":[12312,12304],"product_tag":[],"class_list":{"0":"post-774686","1":"product","2":"type-product","3":"status-publish","5":"product_cat-diger","6":"product_cat-tarih","7":"pa_cilt-ciltsiz","8":"pa_tur-kitap","9":"pa_yayinevi-cem-yayinevi","10":"pa_yazar-bertrand-russell","12":"first","13":"instock","14":"sale","15":"shipping-taxable","16":"purchasable","17":"product-type-simple"},"_links":{"self":[{"href":"https:\/\/roveyayinevi.com.tr\/index.php\/wp-json\/wp\/v2\/product\/774686","targetHints":{"allow":["GET"]}}],"collection":[{"href":"https:\/\/roveyayinevi.com.tr\/index.php\/wp-json\/wp\/v2\/product"}],"about":[{"href":"https:\/\/roveyayinevi.com.tr\/index.php\/wp-json\/wp\/v2\/types\/product"}],"wp:attachment":[{"href":"https:\/\/roveyayinevi.com.tr\/index.php\/wp-json\/wp\/v2\/media?parent=774686"}],"wp:term":[{"taxonomy":"product_brand","embeddable":true,"href":"https:\/\/roveyayinevi.com.tr\/index.php\/wp-json\/wp\/v2\/product_brand?post=774686"},{"taxonomy":"product_cat","embeddable":true,"href":"https:\/\/roveyayinevi.com.tr\/index.php\/wp-json\/wp\/v2\/product_cat?post=774686"},{"taxonomy":"product_tag","embeddable":true,"href":"https:\/\/roveyayinevi.com.tr\/index.php\/wp-json\/wp\/v2\/product_tag?post=774686"}],"curies":[{"name":"wp","href":"https:\/\/api.w.org\/{rel}","templated":true}]}}