{"id":774685,"date":"2025-09-09T10:12:50","date_gmt":"2025-09-09T07:12:50","guid":{"rendered":"https:\/\/roveyayinevi.com.tr\/index.php\/urun\/kirmizi-papagan\/"},"modified":"2026-04-16T02:10:10","modified_gmt":"2026-04-15T23:10:10","slug":"kirmizi-papagan","status":"publish","type":"product","link":"https:\/\/roveyayinevi.com.tr\/index.php\/urun\/kirmizi-papagan\/","title":{"rendered":"K\u0131rm\u0131z\u0131 Papa\u011fan"},"content":{"rendered":"<p>Arkada\u015flar\u0131 aras\u0131nda k\u0131saca Ze Mauro olarak tan\u0131nan, Jose Mauro de Vasconcelos 26 \u015eubat 1926&#8217;da Rio de Janeiro yak\u0131nlar\u0131nda Bangu&#8217;da do\u011fdu. K\u0131z\u0131lderili ve Portekizli kar\u0131\u015f\u0131m\u0131 bir ailenin \u00e7ocu\u011fuydu. Okumay\u0131 \u00e7ok gen\u00e7 ya\u015fta tek ba\u015f\u0131na \u00f6\u011frendi. T\u0131p, desen \u00e7izimi, hukuk ve felsefe \u00f6\u011frenimine ba\u015flay\u0131p yar\u0131da b\u0131rakt\u0131. \u00d6\u011frenim hayat\u0131nda oldu\u011fu gibi i\u015f hayat\u0131nda da bal\u0131k\u00e7\u0131l\u0131k, \u00f6\u011fretmenlik, modellik, dans\u00e7\u0131l\u0131k, garsonluk, tiyatro, sinema ve televizyon oyunculu\u011fu gibi \u00e7e\u015fitli meslekleri denedi. Hayat\u0131 boyunca K\u0131z\u0131lderili haklar\u0131n\u0131 korudu. Can Yay\u0131nlar\u0131 aras\u0131nda \u00e7\u0131kan &#8220;\u015eeker Portakal\u0131&#8221;, G\u00fcne\u015fi Uyand\u0131ral\u0131m, Delifi\u015fek, Kay\u0131\u011f\u0131m Rosinha, Yaban Muzu, \u00c7\u0131plak Sokak adl\u0131 yap\u0131tlar\u0131yla \u00fclkemizde \u00e7ok sevilen bu Brezilyal\u0131 yazar 24 Haziran 1984&#8217;te Sao Paulo&#8217;da \u00f6ld\u00fc. &#8220;K\u0131rm\u0131z\u0131 Papa\u011fan&#8221;\u0131 yazmak amac\u0131yla uzun s\u00fcre K\u0131z\u0131lderililerle ya\u015fad\u0131. Kitab\u0131 1953 y\u0131l\u0131nda bitirdi. Yazar, bu roman\u0131yla g\u00fcn\u00fcm\u00fcze dek s\u00fcregelen K\u0131z\u0131lderili sorunlar\u0131n\u0131, K\u0131z\u0131lderililerin gizemli ya\u015famlar\u0131n\u0131, &#8216;garimpeiro&#8217; ad\u0131 verilen maden aray\u0131c\u0131lar\u0131n\u0131n \u00e7al\u0131\u015fmalar\u0131n\u0131, ya\u011fmur ormanlar\u0131nda avlanan \u0131rmak avc\u0131lar\u0131n\u0131, K\u0131z\u0131lderili ger\u00e7e\u011fini, o y\u00f6reden uzakta oturan Brezilyal\u0131lara ve b\u00fct\u00fcn d\u00fcnyaya duyurmay\u0131 ama\u00e7lam\u0131\u015ft\u0131r.<\/p>\n","protected":false},"excerpt":{"rendered":"<p>Arkada\u015flar\u0131 aras\u0131nda k\u0131saca Ze Mauro olarak tan\u0131nan, Jose Mauro de Vasconcelos 26 \u015eubat 1926&#8217;da Rio de Janeiro yak\u0131nlar\u0131nda Bangu&#8217;da do\u011fdu. K\u0131z\u0131lderili ve Portekizli kar\u0131\u015f\u0131m\u0131 bir ailenin<span class=\"excerpt-hellip\"> [\u2026]<\/span><\/p>\n","protected":false},"featured_media":0,"template":"","meta":{"_monsterinsights_skip_tracking":false,"_monsterinsights_sitenote_active":false,"_monsterinsights_sitenote_note":"","_monsterinsights_sitenote_category":0},"product_brand":[],"product_cat":[12291,12711],"product_tag":[],"class_list":{"0":"post-774685","1":"product","2":"type-product","3":"status-publish","5":"product_cat-edebiyat","6":"product_cat-roman-oyku","7":"pa_cilt-ciltsiz","8":"pa_tur-kitap","9":"pa_yayinevi-can-yayinlari","10":"pa_yazar-jose-mauro-de-vasconcelos","12":"first","13":"instock","14":"sale","15":"shipping-taxable","16":"purchasable","17":"product-type-simple"},"_links":{"self":[{"href":"https:\/\/roveyayinevi.com.tr\/index.php\/wp-json\/wp\/v2\/product\/774685","targetHints":{"allow":["GET"]}}],"collection":[{"href":"https:\/\/roveyayinevi.com.tr\/index.php\/wp-json\/wp\/v2\/product"}],"about":[{"href":"https:\/\/roveyayinevi.com.tr\/index.php\/wp-json\/wp\/v2\/types\/product"}],"wp:attachment":[{"href":"https:\/\/roveyayinevi.com.tr\/index.php\/wp-json\/wp\/v2\/media?parent=774685"}],"wp:term":[{"taxonomy":"product_brand","embeddable":true,"href":"https:\/\/roveyayinevi.com.tr\/index.php\/wp-json\/wp\/v2\/product_brand?post=774685"},{"taxonomy":"product_cat","embeddable":true,"href":"https:\/\/roveyayinevi.com.tr\/index.php\/wp-json\/wp\/v2\/product_cat?post=774685"},{"taxonomy":"product_tag","embeddable":true,"href":"https:\/\/roveyayinevi.com.tr\/index.php\/wp-json\/wp\/v2\/product_tag?post=774685"}],"curies":[{"name":"wp","href":"https:\/\/api.w.org\/{rel}","templated":true}]}}