{"id":774684,"date":"2025-09-09T10:12:41","date_gmt":"2025-09-09T07:12:41","guid":{"rendered":"https:\/\/roveyayinevi.com.tr\/index.php\/urun\/advent\/"},"modified":"2026-04-16T02:10:10","modified_gmt":"2026-04-15T23:10:10","slug":"advent","status":"publish","type":"product","link":"https:\/\/roveyayinevi.com.tr\/index.php\/urun\/advent\/","title":{"rendered":"Advent"},"content":{"rendered":"<p>Rainer Maria Rilke, 1897 y\u0131l\u0131nda \u00fc\u00e7\u00fcnc\u00fc \u015fiir kitab\u0131n\u0131 Advent ad\u0131yla yay\u0131mlad\u0131. \u00c7eviride de de\u011fi\u015fmeyen Advent, Hazreti \u0130sa&#8217;n\u0131n do\u011fum g\u00fcn\u00fc olarak kutlanan Noel \u00f6ncesindeki d\u00f6rt pazar g\u00fcn\u00fcn\u00fc i\u00e7ine alan s\u00fcreye verilen add\u0131r, var\u0131\u015f, kavu\u015fma, vuslat anlamlar\u0131na gelir. Hazreti \u0130sa&#8217;ya kavu\u015fma \u00e7o\u015fkusu, bir ruh durumudur, sevgi ve sevin\u00e7, huzur ve bar\u0131\u015f doludur. Rilke&#8217;nin \u015fair duyargalar\u0131 ama ayn\u0131 zamanda, insanlar\u0131n h\u00fcz\u00fcn ve ac\u0131lar\u0131n\u0131, yoklu\u011fu ve \u00f6l\u00fcm\u00fc de hassas bi\u00e7imde kaydeder. Advent kitab\u0131n\u0131 Y\u00fcksel Pazarkaya&#8217;n\u0131n \u00e7evirisiyle T\u00fcrk\u00e7e&#8217;de ilk kez tam olarak sunuyoruz. \ufffcTan\u0131t\u0131m Metni<\/p>\n","protected":false},"excerpt":{"rendered":"<p>Rainer Maria Rilke, 1897 y\u0131l\u0131nda \u00fc\u00e7\u00fcnc\u00fc \u015fiir kitab\u0131n\u0131 Advent ad\u0131yla yay\u0131mlad\u0131. \u00c7eviride de de\u011fi\u015fmeyen Advent, Hazreti \u0130sa&#8217;n\u0131n do\u011fum g\u00fcn\u00fc olarak kutlanan Noel \u00f6ncesindeki d\u00f6rt pazar g\u00fcn\u00fcn\u00fc<span class=\"excerpt-hellip\"> [\u2026]<\/span><\/p>\n","protected":false},"featured_media":0,"template":"","meta":{"_monsterinsights_skip_tracking":false,"_monsterinsights_sitenote_active":false,"_monsterinsights_sitenote_note":"","_monsterinsights_sitenote_category":0},"product_brand":[],"product_cat":[12291,12509],"product_tag":[],"class_list":{"0":"post-774684","1":"product","2":"type-product","3":"status-publish","5":"product_cat-edebiyat","6":"product_cat-siir","7":"pa_tur-kitap","8":"pa_yayinevi-cem-yayinevi","9":"pa_yazar-rainer-maria-rilke","11":"first","12":"instock","13":"sale","14":"shipping-taxable","15":"purchasable","16":"product-type-simple"},"_links":{"self":[{"href":"https:\/\/roveyayinevi.com.tr\/index.php\/wp-json\/wp\/v2\/product\/774684","targetHints":{"allow":["GET"]}}],"collection":[{"href":"https:\/\/roveyayinevi.com.tr\/index.php\/wp-json\/wp\/v2\/product"}],"about":[{"href":"https:\/\/roveyayinevi.com.tr\/index.php\/wp-json\/wp\/v2\/types\/product"}],"wp:attachment":[{"href":"https:\/\/roveyayinevi.com.tr\/index.php\/wp-json\/wp\/v2\/media?parent=774684"}],"wp:term":[{"taxonomy":"product_brand","embeddable":true,"href":"https:\/\/roveyayinevi.com.tr\/index.php\/wp-json\/wp\/v2\/product_brand?post=774684"},{"taxonomy":"product_cat","embeddable":true,"href":"https:\/\/roveyayinevi.com.tr\/index.php\/wp-json\/wp\/v2\/product_cat?post=774684"},{"taxonomy":"product_tag","embeddable":true,"href":"https:\/\/roveyayinevi.com.tr\/index.php\/wp-json\/wp\/v2\/product_tag?post=774684"}],"curies":[{"name":"wp","href":"https:\/\/api.w.org\/{rel}","templated":true}]}}