{"id":774682,"date":"2025-09-09T10:11:33","date_gmt":"2025-09-09T07:11:33","guid":{"rendered":"https:\/\/roveyayinevi.com.tr\/index.php\/urun\/germinal-6\/"},"modified":"2026-04-16T02:10:06","modified_gmt":"2026-04-15T23:10:06","slug":"germinal-6","status":"publish","type":"product","link":"https:\/\/roveyayinevi.com.tr\/index.php\/urun\/germinal-6\/","title":{"rendered":"Germinal"},"content":{"rendered":"<p>1860\u2019larda Fransa\u2019n\u0131n kuzeyinde maden i\u015f\u00e7ileri, \u00e7etin ko\u015fullar alt\u0131nda ya\u015fam m\u00fccadelesi vermektedir. \u00c7al\u0131\u015ft\u0131klar\u0131 ocaklarda her an i\u00e7 i\u00e7e olduklar\u0131 g\u00f6\u00e7\u00fck ya da grizu patlamas\u0131 tehlikesinin yan\u0131 s\u0131ra, a\u00e7l\u0131k ve sefaletle bo\u011fu\u015fup dururlar. Son \u00e7are olarak g\u00f6rd\u00fckleri grev onlar i\u00e7in ka\u00e7\u0131n\u0131lmazd\u0131r art\u0131k. Her \u015feyi g\u00f6ze almaya haz\u0131rd\u0131rlar, i\u00e7lerinde filizlenen umut en b\u00fcy\u00fck destek\u00e7ileridir. Ne yaz\u0131k ki direni\u015fleri ac\u0131mas\u0131zca bast\u0131r\u0131l\u0131r. \u015eimdi geride sadece \u00f6l\u00fcm, kan, g\u00f6zya\u015f\u0131 ve yok olan hayaller kalm\u0131\u015ft\u0131r. Germinal d\u00fcnya edebiyat tarihinin en \u00f6nemli eserlerinden biri. \u0130nsanlar\u0131n \u00e7ekti\u011fi b\u00fcy\u00fck ac\u0131y\u0131 son derece ger\u00e7ek\u00e7i ve evrensel oldu\u011fu kadar etkileyici bir dille de kaleme alan Zola, bu roman\u0131yla adeta bir destan yaratm\u0131\u015f. Her sat\u0131r\u0131nda okuru duygudan duyguya s\u00fcr\u00fckleyen, k\u00e2h y\u00fcre\u011fini burkan, k\u00e2h \u00f6fkelendiren, k\u00e2h umutland\u0131ran, soluk solu\u011fa okunacak bir eser. <\/p>\n","protected":false},"excerpt":{"rendered":"<p>1860\u2019larda Fransa\u2019n\u0131n kuzeyinde maden i\u015f\u00e7ileri, \u00e7etin ko\u015fullar alt\u0131nda ya\u015fam m\u00fccadelesi vermektedir. \u00c7al\u0131\u015ft\u0131klar\u0131 ocaklarda her an i\u00e7 i\u00e7e olduklar\u0131 g\u00f6\u00e7\u00fck ya da grizu patlamas\u0131 tehlikesinin yan\u0131 s\u0131ra,<span class=\"excerpt-hellip\"> [\u2026]<\/span><\/p>\n","protected":false},"featured_media":0,"template":"","meta":{"_monsterinsights_skip_tracking":false,"_monsterinsights_sitenote_active":false,"_monsterinsights_sitenote_note":"","_monsterinsights_sitenote_category":0},"product_brand":[],"product_cat":[12291,13376],"product_tag":[],"class_list":{"0":"post-774682","1":"product","2":"type-product","3":"status-publish","5":"product_cat-edebiyat","6":"product_cat-fransiz-edebiyati","7":"pa_cilt-ciltsiz","8":"pa_tur-kitap","9":"pa_yayinevi-can-yayinlari","10":"pa_yazar-emile-zola","12":"first","13":"instock","14":"sale","15":"shipping-taxable","16":"purchasable","17":"product-type-simple"},"_links":{"self":[{"href":"https:\/\/roveyayinevi.com.tr\/index.php\/wp-json\/wp\/v2\/product\/774682","targetHints":{"allow":["GET"]}}],"collection":[{"href":"https:\/\/roveyayinevi.com.tr\/index.php\/wp-json\/wp\/v2\/product"}],"about":[{"href":"https:\/\/roveyayinevi.com.tr\/index.php\/wp-json\/wp\/v2\/types\/product"}],"wp:attachment":[{"href":"https:\/\/roveyayinevi.com.tr\/index.php\/wp-json\/wp\/v2\/media?parent=774682"}],"wp:term":[{"taxonomy":"product_brand","embeddable":true,"href":"https:\/\/roveyayinevi.com.tr\/index.php\/wp-json\/wp\/v2\/product_brand?post=774682"},{"taxonomy":"product_cat","embeddable":true,"href":"https:\/\/roveyayinevi.com.tr\/index.php\/wp-json\/wp\/v2\/product_cat?post=774682"},{"taxonomy":"product_tag","embeddable":true,"href":"https:\/\/roveyayinevi.com.tr\/index.php\/wp-json\/wp\/v2\/product_tag?post=774682"}],"curies":[{"name":"wp","href":"https:\/\/api.w.org\/{rel}","templated":true}]}}