{"id":774678,"date":"2025-09-09T10:07:52","date_gmt":"2025-09-09T07:07:52","guid":{"rendered":"https:\/\/roveyayinevi.com.tr\/index.php\/urun\/karakter-analizi\/"},"modified":"2025-11-13T03:11:22","modified_gmt":"2025-11-13T00:11:22","slug":"karakter-analizi","status":"publish","type":"product","link":"https:\/\/roveyayinevi.com.tr\/index.php\/urun\/karakter-analizi\/","title":{"rendered":"Karakter Analizi"},"content":{"rendered":"<p>Wilhelm Reich&#8217;\u0131n (1987 &#8211; 1957) Karakter Analizi adl\u0131 yap\u0131t\u0131 okuyucuya ilk kez sunuldu\u011funda, ele\u015ftirmenler taraf\u0131ndan o ana dek psikoloji konusunda s\u00f6ylenmi\u015f olanlar\u0131n en iyisi ve en k\u00f6kl\u00fc d\u00fc\u015f\u00fcn\u00fclm\u00fc\u015f\u00fc olarak tan\u0131mlanm\u0131\u015ft\u0131. Kitap \u00e7ok ge\u00e7meden Nazi Almanyas\u0131&#8217;nda yasakland\u0131. Karakter Analizi ancak 1945&#8217;te, ABD&#8217;de yeniden bas\u0131labildi. O g\u00fcnden bug\u00fcne, bu ba\u015fyap\u0131t psikoterapinin geli\u015fimine b\u00fcy\u00fck katk\u0131 yapm\u0131\u015ft\u0131r. De\u011fi\u015fiklikler yap\u0131lsa da, Reich&#8217;\u0131n kitab\u0131nda i\u015fledi\u011fi temel g\u00f6r\u00fc\u015fler pek \u00e7ok terapi y\u00f6nteminde benimsenmi\u015ftir. \ufffcTan\u0131t\u0131m Metni<\/p>\n","protected":false},"excerpt":{"rendered":"<p>Wilhelm Reich&#8217;\u0131n (1987 &#8211; 1957) Karakter Analizi adl\u0131 yap\u0131t\u0131 okuyucuya ilk kez sunuldu\u011funda, ele\u015ftirmenler taraf\u0131ndan o ana dek psikoloji konusunda s\u00f6ylenmi\u015f olanlar\u0131n en iyisi ve en<span class=\"excerpt-hellip\"> [\u2026]<\/span><\/p>\n","protected":false},"featured_media":0,"template":"","meta":{"_monsterinsights_skip_tracking":false,"_monsterinsights_sitenote_active":false,"_monsterinsights_sitenote_note":"","_monsterinsights_sitenote_category":0},"product_brand":[],"product_cat":[12358,12357],"product_tag":[],"class_list":{"0":"post-774678","1":"product","2":"type-product","3":"status-publish","5":"product_cat-genel-psikoloji","6":"product_cat-psikoloji","7":"pa_tur-kitap","8":"pa_yayinevi-cem-yayinevi","9":"pa_yazar-wilhelm-reich","11":"first","12":"instock","13":"sale","14":"shipping-taxable","15":"purchasable","16":"product-type-simple"},"_links":{"self":[{"href":"https:\/\/roveyayinevi.com.tr\/index.php\/wp-json\/wp\/v2\/product\/774678","targetHints":{"allow":["GET"]}}],"collection":[{"href":"https:\/\/roveyayinevi.com.tr\/index.php\/wp-json\/wp\/v2\/product"}],"about":[{"href":"https:\/\/roveyayinevi.com.tr\/index.php\/wp-json\/wp\/v2\/types\/product"}],"wp:attachment":[{"href":"https:\/\/roveyayinevi.com.tr\/index.php\/wp-json\/wp\/v2\/media?parent=774678"}],"wp:term":[{"taxonomy":"product_brand","embeddable":true,"href":"https:\/\/roveyayinevi.com.tr\/index.php\/wp-json\/wp\/v2\/product_brand?post=774678"},{"taxonomy":"product_cat","embeddable":true,"href":"https:\/\/roveyayinevi.com.tr\/index.php\/wp-json\/wp\/v2\/product_cat?post=774678"},{"taxonomy":"product_tag","embeddable":true,"href":"https:\/\/roveyayinevi.com.tr\/index.php\/wp-json\/wp\/v2\/product_tag?post=774678"}],"curies":[{"name":"wp","href":"https:\/\/api.w.org\/{rel}","templated":true}]}}