{"id":774676,"date":"2025-09-09T10:04:17","date_gmt":"2025-09-09T07:04:17","guid":{"rendered":"https:\/\/roveyayinevi.com.tr\/index.php\/urun\/can-avar-tirsak-hayvanlar-dukkani\/"},"modified":"2026-04-12T02:10:46","modified_gmt":"2026-04-11T23:10:46","slug":"can-avar-tirsak-hayvanlar-dukkani","status":"publish","type":"product","link":"https:\/\/roveyayinevi.com.tr\/index.php\/urun\/can-avar-tirsak-hayvanlar-dukkani\/","title":{"rendered":"Can Avar : T\u0131rsak Hayvanlar D\u00fckkan\u0131"},"content":{"rendered":"<p>Can Avar\u2026 Asl\u0131nda s\u0131radan bir \u00e7ocuk\u2026 Her g\u00fcn d\u00fcnyay\u0131 kurtarmas\u0131n\u0131 saymazsak tabii!<\/p>\n","protected":false},"excerpt":{"rendered":"<p>Can Avar\u2026 Asl\u0131nda s\u0131radan bir \u00e7ocuk\u2026 Her g\u00fcn d\u00fcnyay\u0131 kurtarmas\u0131n\u0131 saymazsak tabii!<\/p>\n","protected":false},"featured_media":0,"template":"","meta":{"_monsterinsights_skip_tracking":false,"_monsterinsights_sitenote_active":false,"_monsterinsights_sitenote_note":"","_monsterinsights_sitenote_category":0},"product_brand":[],"product_cat":[12274,12284],"product_tag":[],"class_list":{"0":"post-774676","1":"product","2":"type-product","3":"status-publish","5":"product_cat-cocuk-ve-genclik-kitaplari","6":"product_cat-hikayeler","7":"pa_cilt-ciltsiz","8":"pa_tur-kitap","9":"pa_yayinevi-timas-cocuk","10":"pa_yazar-haktan-kaan-icel","12":"first","13":"instock","14":"sale","15":"shipping-taxable","16":"purchasable","17":"product-type-simple"},"_links":{"self":[{"href":"https:\/\/roveyayinevi.com.tr\/index.php\/wp-json\/wp\/v2\/product\/774676","targetHints":{"allow":["GET"]}}],"collection":[{"href":"https:\/\/roveyayinevi.com.tr\/index.php\/wp-json\/wp\/v2\/product"}],"about":[{"href":"https:\/\/roveyayinevi.com.tr\/index.php\/wp-json\/wp\/v2\/types\/product"}],"wp:attachment":[{"href":"https:\/\/roveyayinevi.com.tr\/index.php\/wp-json\/wp\/v2\/media?parent=774676"}],"wp:term":[{"taxonomy":"product_brand","embeddable":true,"href":"https:\/\/roveyayinevi.com.tr\/index.php\/wp-json\/wp\/v2\/product_brand?post=774676"},{"taxonomy":"product_cat","embeddable":true,"href":"https:\/\/roveyayinevi.com.tr\/index.php\/wp-json\/wp\/v2\/product_cat?post=774676"},{"taxonomy":"product_tag","embeddable":true,"href":"https:\/\/roveyayinevi.com.tr\/index.php\/wp-json\/wp\/v2\/product_tag?post=774676"}],"curies":[{"name":"wp","href":"https:\/\/api.w.org\/{rel}","templated":true}]}}