{"id":774674,"date":"2025-09-09T10:02:51","date_gmt":"2025-09-09T07:02:51","guid":{"rendered":"https:\/\/roveyayinevi.com.tr\/index.php\/urun\/son-2000-yilin-en-buyuk-buluslari\/"},"modified":"2025-09-09T10:02:51","modified_gmt":"2025-09-09T07:02:51","slug":"son-2000-yilin-en-buyuk-buluslari","status":"publish","type":"product","link":"https:\/\/roveyayinevi.com.tr\/index.php\/urun\/son-2000-yilin-en-buyuk-buluslari\/","title":{"rendered":"Son 2000 Y\u0131l\u0131n En B\u00fcy\u00fck Bulu\u015flar\u0131"},"content":{"rendered":"<p>G\u00fcn\u00fcm\u00fcz\u00fcn \u00d6nde Gelen D\u00fc\u015f\u00fcn\u00fcrleri D\u00fcnyam\u0131z\u0131 \u015eekillendiren Bulu\u015flar\u0131 Anlat\u0131yor   Edit\u00f6r John Brockman, internet sitesinde misafir etti\u011fi bir salon dolusu bilim insan\u0131na d\u00fc\u015f\u00fcnd\u00fcr\u00fcc\u00fc bir soru sordu: \u201cSon 2.000 y\u0131l\u0131n en b\u00fcy\u00fck bulu\u015fu nedir?\u201d Sadece kendilerince do\u011fru olan cevab\u0131 vermekle yetinmeyen kat\u0131l\u0131mc\u0131lar \u00f6zg\u00fcnl\u00fck, k\u0131\u015fk\u0131rt\u0131c\u0131l\u0131k ve entelekt\u00fcel g\u00f6steri\u015f i\u00e7in yar\u0131\u015ft\u0131.   Bu kitap \u00e7ok \u00e7e\u015fitli, baz\u0131lar\u0131 kat\u0131l\u0131mc\u0131lar\u0131n kendileri kadar tuhaf 100\u2019den fazla yan\u0131ttan \u00f6rneklerin g\u00f6zler \u00f6n\u00fcne serildi\u011fi bir sergi alan\u0131 niteli\u011finde. N\u00f6robilimci Colin Blakemore ve di\u011ferleri do\u011fum kontrol hap\u0131n\u0131 savunurken, biyolog Richard Dawkins\u2019in spektroskobu aday g\u00f6sterdi\u011fi, fizik\u00e7i Freeman Dyson\u2019\u0131n saman\u0131n \u00f6nemini vurgulad\u0131\u011f\u0131 ve Nature\u2019\u0131n eski edit\u00f6r\u00fc John Maddox\u2019un kalk\u00fcl\u00fcs\u00fc tercih etti\u011fi bir t\u00fcr a\u00e7\u0131k oturuma haz\u0131r m\u0131s\u0131n\u0131z? Bilgisayar, genetik m\u00fchendisli\u011fi, atom bombas\u0131, masa oyunlar\u0131, ayna, anestezi, k\u00e2\u011f\u0131t, klasik Bat\u0131 m\u00fczi\u011fi ve okuma g\u00f6zl\u00fc\u011f\u00fc gibi bulu\u015flar\u0131n da bilimsel metot, demokrasi ve bilin\u00e7alt\u0131 fikri gibi kavramlar\u0131n da destek\u00e7i buldu\u011fu bu a\u00e7\u0131k oturumun sonucu ne mi?    \u0130lgi \u00e7ekici yeni fikirlerle ve eski fikirlere dair yeni bak\u0131\u015f a\u00e7\u0131lar\u0131yla dolu son derece se\u00e7kin, capcanl\u0131 ve ilgi \u00e7ekici bir koleksiyon\u2026     \u201cSon 2.000 y\u0131l\u0131n en b\u00fcy\u00fck bulu\u015flar\u0131n\u0131n ne oldu\u011fu sorusunu ortaya atan Edit\u00f6r John Brockman, y\u00fczden fazla sayg\u0131n d\u00fc\u015f\u00fcn\u00fcrden \u015fa\u015f\u0131rt\u0131c\u0131 ve d\u00fc\u015f\u00fcnd\u00fcr\u00fcc\u00fc yan\u0131tlar ald\u0131. Bu yan\u0131tlar\u0131 okumak bana ne kadar muhte\u015fem bir d\u00fcnyada ya\u015fad\u0131\u011f\u0131m\u0131z\u0131 hat\u0131rlat\u0131yor.\u201d Bill Gates   \u201cEdge internet sitesinin misafir bilim insanlar\u0131na son 2.000 y\u0131lda d\u00fcnyam\u0131z\u0131 en \u00e7ok de\u011fi\u015ftiren bulu\u015fun ne oldu\u011funu soran Edit\u00f6r John Brockman, kitab\u0131 i\u00e7in Stewart Brand, Richard Dawkins, Steven Pinker ve Murray Gell-Mann gibi b\u00fcy\u00fck entelekt\u00fcellerin en etkileyici yaz\u0131lar\u0131ndan y\u00fcz tanesini se\u00e7mi\u015f. Her bir bulu\u015f i\u00e7in kimisi pek \u00e7ok bilgiyle dolu bir makaleyi, kimisi de bir internet sitesi denemesini and\u0131ran yaz\u0131lar\u0131n payla\u015f\u0131ld\u0131\u011f\u0131 bu kitap, bu milenyumda okuma listenize mutlaka eklemeniz gereken keyifli bir eser.\u201d  Publishers Weekly   \u201cSon 2.000 y\u0131l\u0131n en b\u00fcy\u00fck bulu\u015flar\u0131 olarak y\u00fczden fazla kat\u0131l\u0131mc\u0131n\u0131n kimisi bariz (pe\u015f pe\u015fe \u00fc\u00e7 ki\u015finin \u00f6nerdi\u011fi kalk\u00fcl\u00fcs), kimisi beklenmedik (\u2018hatalar\u0131m\u0131z\u0131 d\u00fczeltmemizi sa\u011flayan\u2019 silgi), kimisi yarat\u0131c\u0131 (\u2018okuyan veya ince i\u015f\u00e7ilik yapan herkesin \u00e7al\u0131\u015fma hayat\u0131n\u0131 ikiye katlayan ve d\u00fcnyan\u0131n k\u0131rk ya\u015f\u0131n alt\u0131ndakiler taraf\u0131ndan y\u00f6netilmesini \u00f6nleyen\u2019 okuma g\u00f6zl\u00fc\u011f\u00fc) olan adaylar\u0131n\u0131 i\u00e7eren bu m\u00fcthi\u015f kitap, kapa\u011f\u0131n\u0131 a\u00e7an t\u00fcm okurlara, s\u00f6z konusu kat\u0131l\u0131mc\u0131larla hemfikir olsalar da olmasalar da entelekt\u00fcel s\u00fcrprizler sunuyor.\u201d  Library Journal   \u201cEdit\u00f6r John Brockman bu kitab\u0131yla ara\u015ft\u0131rmalar\u0131n y\u00fcr\u00fct\u00fclme bi\u00e7imindeki b\u00fcy\u00fck de\u011fi\u015fimi onayl\u0131yor. Kitab\u0131 matbaadan bilimsel metoda kadar de\u011fi\u015fkenlik g\u00f6steren y\u00fczden fazla d\u00fc\u015f\u00fcnd\u00fcr\u00fcc\u00fc bulu\u015f aday\u0131ndan \u00f6rnekleri i\u00e7eriyor. \u0130lk bak\u0131\u015fta bir bulu\u015f olarak g\u00f6r\u00fclmeyebilecek pek \u00e7ok adayla bu \u015fa\u015f\u0131rt\u0131c\u0131 ve ilgi \u00e7ekici koleksiyonda her kat\u0131l\u0131mc\u0131n\u0131n k\u0131sa bir biyografisi de bulunuyor. T\u00fcm halk k\u00fct\u00fcphanelerinde bulunmas\u0131 gereken bir eser.\u201d Dayne Sherman   \u201cY\u00fczden fazla akademisyenin, bilim insan\u0131n\u0131n ve yazar\u0131n Brockman\u2019\u0131n temel sorusuna verdikleri yan\u0131tlar\u0131n derlendi\u011fi bu eserin en g\u00fczel yan\u0131, bir kat\u0131l\u0131mc\u0131n\u0131n \u00e7ok s\u0131radan g\u00f6r\u00fcnen bir \u015feyi aday g\u00f6sterip sonra onun insanl\u0131\u011fa ilk sunuldu\u011fu andan itibaren tarihin ak\u0131\u015f\u0131n\u0131 nas\u0131l de\u011fi\u015ftirdi\u011fini anlatt\u0131\u011f\u0131 yerler olabilir. Analitik zihinlerden beklendi\u011fi \u00fczere s\u0131rf sorunun kendisini ele almak i\u00e7in bile az m\u00fcrekkep d\u00f6k\u00fclmemi\u015f. Kat\u0131l\u0131mc\u0131lar\u0131n kendi adaylar\u0131n\u0131 hararetle savundu\u011fu ve birbirlerini ele\u015ftirdi\u011fi bu tart\u0131\u015fmalar\u0131 canl\u0131 canl\u0131 dinlemek ne kadar heyecanl\u0131 olurdu. Neredeyse her cevapta bir n\u00fcktedanl\u0131\u011f\u0131n sezildi\u011fi bu kitab\u0131 okurken insan harika bir ak\u015fam yeme\u011fi partisine davet edilmi\u015f gibi hissediyor.\u201d The Industry Standard <\/p>\n","protected":false},"excerpt":{"rendered":"<p>G\u00fcn\u00fcm\u00fcz\u00fcn \u00d6nde Gelen D\u00fc\u015f\u00fcn\u00fcrleri D\u00fcnyam\u0131z\u0131 \u015eekillendiren Bulu\u015flar\u0131 Anlat\u0131yor Edit\u00f6r John Brockman, internet sitesinde misafir etti\u011fi bir salon dolusu bilim insan\u0131na d\u00fc\u015f\u00fcnd\u00fcr\u00fcc\u00fc bir soru sordu: \u201cSon 2.000<span class=\"excerpt-hellip\"> [\u2026]<\/span><\/p>\n","protected":false},"featured_media":0,"template":"","meta":{"_monsterinsights_skip_tracking":false,"_monsterinsights_sitenote_active":false,"_monsterinsights_sitenote_note":"","_monsterinsights_sitenote_category":0},"product_brand":[],"product_cat":[13005,15998],"product_tag":[],"class_list":{"0":"post-774674","1":"product","2":"type-product","3":"status-publish","5":"product_cat-bilim-muhendislik","6":"product_cat-bilim-tarihi","7":"pa_cilt-ciltsiz","8":"pa_tur-kitap","9":"pa_yayinevi-pegasus-yayinlari","10":"pa_yazar-john-brockman","12":"first","13":"instock","14":"sale","15":"shipping-taxable","16":"purchasable","17":"product-type-simple"},"_links":{"self":[{"href":"https:\/\/roveyayinevi.com.tr\/index.php\/wp-json\/wp\/v2\/product\/774674","targetHints":{"allow":["GET"]}}],"collection":[{"href":"https:\/\/roveyayinevi.com.tr\/index.php\/wp-json\/wp\/v2\/product"}],"about":[{"href":"https:\/\/roveyayinevi.com.tr\/index.php\/wp-json\/wp\/v2\/types\/product"}],"wp:attachment":[{"href":"https:\/\/roveyayinevi.com.tr\/index.php\/wp-json\/wp\/v2\/media?parent=774674"}],"wp:term":[{"taxonomy":"product_brand","embeddable":true,"href":"https:\/\/roveyayinevi.com.tr\/index.php\/wp-json\/wp\/v2\/product_brand?post=774674"},{"taxonomy":"product_cat","embeddable":true,"href":"https:\/\/roveyayinevi.com.tr\/index.php\/wp-json\/wp\/v2\/product_cat?post=774674"},{"taxonomy":"product_tag","embeddable":true,"href":"https:\/\/roveyayinevi.com.tr\/index.php\/wp-json\/wp\/v2\/product_tag?post=774674"}],"curies":[{"name":"wp","href":"https:\/\/api.w.org\/{rel}","templated":true}]}}