{"id":774672,"date":"2025-09-09T10:00:38","date_gmt":"2025-09-09T07:00:38","guid":{"rendered":"https:\/\/roveyayinevi.com.tr\/index.php\/urun\/arapca-dil-kartlari\/"},"modified":"2026-04-16T02:08:43","modified_gmt":"2026-04-15T23:08:43","slug":"arapca-dil-kartlari","status":"publish","type":"product","link":"https:\/\/roveyayinevi.com.tr\/index.php\/urun\/arapca-dil-kartlari\/","title":{"rendered":"Arap\u00e7a Dil Kartlar\u0131"},"content":{"rendered":"<p>Bu \u00e7al\u0131\u015fma; \u00d6zet gramer, genel ifadeler ve s\u0131k kullan\u0131lan kelimelerden se\u00e7ilen s\u00f6zl\u00fck b\u00f6l\u00fcm\u00fcnden olu\u015fmaktad\u0131r. S\u00f6zc\u00fcklerin anlam\u0131 ve telaffuzu ayn\u0131 numara ile arka sayfada bulunmaktad\u0131r. Bu metodla okuyucunun s\u00f6zc\u00fck da\u011farc\u0131\u011f\u0131n\u0131 zenginle\u015ftirmek ama\u00e7lanmaktad\u0131r. \ufffcTan\u0131t\u0131m Metni<\/p>\n","protected":false},"excerpt":{"rendered":"<p>Bu \u00e7al\u0131\u015fma; \u00d6zet gramer, genel ifadeler ve s\u0131k kullan\u0131lan kelimelerden se\u00e7ilen s\u00f6zl\u00fck b\u00f6l\u00fcm\u00fcnden olu\u015fmaktad\u0131r. S\u00f6zc\u00fcklerin anlam\u0131 ve telaffuzu ayn\u0131 numara ile arka sayfada bulunmaktad\u0131r. Bu metodla<span class=\"excerpt-hellip\"> [\u2026]<\/span><\/p>\n","protected":false},"featured_media":0,"template":"","meta":{"_monsterinsights_skip_tracking":false,"_monsterinsights_sitenote_active":false,"_monsterinsights_sitenote_note":"","_monsterinsights_sitenote_category":0},"product_brand":[],"product_cat":[31856,14597,12566],"product_tag":[],"class_list":{"0":"post-774672","1":"product","2":"type-product","3":"status-publish","5":"product_cat-arapca","6":"product_cat-dil-ogrenimi","7":"product_cat-egitim","8":"pa_cilt-ciltsiz","9":"pa_tur-kitap10","10":"pa_yayinevi-delta-kultur-yayinevi","11":"pa_yazar-murat-ozcan","13":"first","14":"instock","15":"sale","16":"shipping-taxable","17":"purchasable","18":"product-type-simple"},"_links":{"self":[{"href":"https:\/\/roveyayinevi.com.tr\/index.php\/wp-json\/wp\/v2\/product\/774672","targetHints":{"allow":["GET"]}}],"collection":[{"href":"https:\/\/roveyayinevi.com.tr\/index.php\/wp-json\/wp\/v2\/product"}],"about":[{"href":"https:\/\/roveyayinevi.com.tr\/index.php\/wp-json\/wp\/v2\/types\/product"}],"wp:attachment":[{"href":"https:\/\/roveyayinevi.com.tr\/index.php\/wp-json\/wp\/v2\/media?parent=774672"}],"wp:term":[{"taxonomy":"product_brand","embeddable":true,"href":"https:\/\/roveyayinevi.com.tr\/index.php\/wp-json\/wp\/v2\/product_brand?post=774672"},{"taxonomy":"product_cat","embeddable":true,"href":"https:\/\/roveyayinevi.com.tr\/index.php\/wp-json\/wp\/v2\/product_cat?post=774672"},{"taxonomy":"product_tag","embeddable":true,"href":"https:\/\/roveyayinevi.com.tr\/index.php\/wp-json\/wp\/v2\/product_tag?post=774672"}],"curies":[{"name":"wp","href":"https:\/\/api.w.org\/{rel}","templated":true}]}}