{"id":774671,"date":"2025-09-09T10:00:29","date_gmt":"2025-09-09T07:00:29","guid":{"rendered":"https:\/\/roveyayinevi.com.tr\/index.php\/urun\/kizil-yukselis\/"},"modified":"2025-09-09T10:00:29","modified_gmt":"2025-09-09T07:00:29","slug":"kizil-yukselis","status":"publish","type":"product","link":"https:\/\/roveyayinevi.com.tr\/index.php\/urun\/kizil-yukselis\/","title":{"rendered":"K\u0131z\u0131l Y\u00fckseli\u015f"},"content":{"rendered":"<p>Ben d\u00fcnyalar\u0131 ate\u015fe verecek k\u0131v\u0131lc\u0131m\u0131m. Ben zincirleri k\u0131racak \u00e7ekicim. Ben halk\u0131m\u0131n ve esaret i\u00e7inde ya\u015fayan herkesin umuduyum. \u00c7\u00fcnk\u00fc biliyorum ki insan kendini k\u00f6lele\u015ftiren adaletsizlikle \u00f6zg\u00fcrle\u015femez.Gelecekte, renk kodlar\u0131na g\u00f6re s\u0131n\u0131flara ayr\u0131lm\u0131\u015f Toplum\u2019un en alt s\u0131n\u0131f\u0131n\u0131 K\u0131z\u0131llar olu\u015fturmaktad\u0131r. Di\u011fer b\u00fct\u00fcn K\u0131z\u0131llar gibi Darrow da, Mars\u2019\u0131 yeni nesiller i\u00e7in ya\u015fan\u0131l\u0131r bir gezegen haline getirdikleri inanc\u0131yla g\u00fcnlerini madenlerde \u00e7al\u0131\u015farak ge\u00e7irmektedir. \u00dcstelik bunu severek ve isteyerek yapmakta, kan\u0131 ve teriyle \u00e7ocuklar\u0131na daha iyi bir d\u00fcnya b\u0131rakaca\u011f\u0131na inanmaktad\u0131r. Ancak K\u0131z\u0131llar kand\u0131r\u0131lm\u0131\u015ft\u0131r. Darrow, halk\u0131n\u0131n yozla\u015fm\u0131\u015f y\u00f6netici s\u0131n\u0131f\u0131n k\u00f6lesinden ba\u015fka bir \u015fey olmad\u0131\u011f\u0131n\u0131 ke\u015ffetti\u011finde adalet \u00f6zlemi ve kaybetti\u011fi a\u015fk\u0131n\u0131n an\u0131s\u0131yla h\u0131rslan\u0131r. \u0130nsanl\u0131\u011f\u0131n yeni nesil Alt\u0131n h\u00fck\u00fcmdarlar\u0131n\u0131n g\u00fc\u00e7 i\u00e7in m\u00fccadele etti\u011fi efsanevi Enstit\u00fc\u2019ye s\u0131zmak i\u00e7in her \u015feyden vazge\u00e7er. Hayat\u0131 ve medeniyetin gelece\u011fi pahas\u0131na en ba\u015far\u0131l\u0131 ve en vah\u015fi Alt\u0131nlarla rekabet etmek zorunda kalacak olan Darrow\u2019un d\u00fc\u015fmanlar\u0131n\u0131 yenmek i\u00e7in art\u0131k yapmayaca\u011f\u0131 \u015fey yoktur\u2026 Bu, onlardan birine d\u00f6n\u00fc\u015fmek anlam\u0131na gelse bile.\u201cOla\u011fan\u00fcst\u00fc bir macera, nabz\u0131n\u0131z\u0131 h\u0131zland\u0131racak bir ser\u00fcven\u2026 Pierce Brown\u2019\u0131n \u00e7arp\u0131c\u0131 ilk roman\u0131 A\u00e7l\u0131k Oyunlar\u0131, Sineklerin Tanr\u0131s\u0131 ve Ender\u2019in Oyunu\u2019nu an\u0131msat\u0131yor. Ba\u015f\u0131n\u0131z\u0131 d\u00f6nd\u00fcrmek i\u00e7in gereken her \u015feye sahip.\u201d- Entertainment Weekly\u201cEnder, Katniss ve \u015fimdi de Darrow\u2026 Pierce Brown\u2019\u0131n imparatorluklar\u0131 \u00e7\u00f6kerten bu ilk kitab\u0131, insanl\u0131\u011f\u0131n y\u0131ld\u0131zlara yay\u0131lma hayalini yeniden canland\u0131r\u0131yor.\u201d- Scott Sigler\u201cBir intikam, sava\u015f ve g\u00fc\u00e7 m\u00fccadelesi\u2026\u201d- Kirkus Reviews\u201cKlasik bilim kurgu hayranlar\u0131 ve yeni distopik destanlar\u0131n co\u015fkulu takip\u00e7ileri bu m\u00fcthi\u015f kitab\u0131 mutlaka okumal\u0131.\u201d- Examiner.com\u201cH\u0131rs dolu\u2026 Her ya\u015ftan A\u00e7l\u0131k Oyunlar\u0131 hayran\u0131 mutlaka okumal\u0131.\u201d- Booklist\u201cOkuyucuyu ele ge\u00e7irecek ve daha fazlas\u0131n\u0131 istetecek.\u201d- Library Journal\u201cPierce Brown, okurlar\u0131n\u0131n zihninde yer edecek m\u00fcthi\u015f ve g\u00fc\u00e7l\u00fc bir eser yaratm\u0131\u015f.\u201d- The Huffington Post\u201cHeyecan ve hareket dolu, sinemaya aktar\u0131lmaya haz\u0131r bir hikaye.\u201d- Publishers Weekly<\/p>\n","protected":false},"excerpt":{"rendered":"<p>Ben d\u00fcnyalar\u0131 ate\u015fe verecek k\u0131v\u0131lc\u0131m\u0131m. Ben zincirleri k\u0131racak \u00e7ekicim. Ben halk\u0131m\u0131n ve esaret i\u00e7inde ya\u015fayan herkesin umuduyum. \u00c7\u00fcnk\u00fc biliyorum ki insan kendini k\u00f6lele\u015ftiren adaletsizlikle \u00f6zg\u00fcrle\u015femez.Gelecekte, renk<span class=\"excerpt-hellip\"> [\u2026]<\/span><\/p>\n","protected":false},"featured_media":0,"template":"","meta":{"_monsterinsights_skip_tracking":false,"_monsterinsights_sitenote_active":false,"_monsterinsights_sitenote_note":"","_monsterinsights_sitenote_category":0},"product_brand":[],"product_cat":[12291,12711],"product_tag":[],"class_list":{"0":"post-774671","1":"product","2":"type-product","3":"status-publish","5":"product_cat-edebiyat","6":"product_cat-roman-oyku","7":"pa_cilt-ciltli","8":"pa_tur-kitap","9":"pa_yayinevi-pegasus-yayinlari","10":"pa_yazar-pierce-brown","12":"first","13":"instock","14":"sale","15":"shipping-taxable","16":"purchasable","17":"product-type-simple"},"_links":{"self":[{"href":"https:\/\/roveyayinevi.com.tr\/index.php\/wp-json\/wp\/v2\/product\/774671","targetHints":{"allow":["GET"]}}],"collection":[{"href":"https:\/\/roveyayinevi.com.tr\/index.php\/wp-json\/wp\/v2\/product"}],"about":[{"href":"https:\/\/roveyayinevi.com.tr\/index.php\/wp-json\/wp\/v2\/types\/product"}],"wp:attachment":[{"href":"https:\/\/roveyayinevi.com.tr\/index.php\/wp-json\/wp\/v2\/media?parent=774671"}],"wp:term":[{"taxonomy":"product_brand","embeddable":true,"href":"https:\/\/roveyayinevi.com.tr\/index.php\/wp-json\/wp\/v2\/product_brand?post=774671"},{"taxonomy":"product_cat","embeddable":true,"href":"https:\/\/roveyayinevi.com.tr\/index.php\/wp-json\/wp\/v2\/product_cat?post=774671"},{"taxonomy":"product_tag","embeddable":true,"href":"https:\/\/roveyayinevi.com.tr\/index.php\/wp-json\/wp\/v2\/product_tag?post=774671"}],"curies":[{"name":"wp","href":"https:\/\/api.w.org\/{rel}","templated":true}]}}