{"id":774669,"date":"2025-09-09T10:00:04","date_gmt":"2025-09-09T07:00:04","guid":{"rendered":"https:\/\/roveyayinevi.com.tr\/index.php\/urun\/teskilat-i-mahsusa-tarihi-cilt-1-1914-1916\/"},"modified":"2026-04-16T02:08:27","modified_gmt":"2026-04-15T23:08:27","slug":"teskilat-i-mahsusa-tarihi-cilt-1-1914-1916","status":"publish","type":"product","link":"https:\/\/roveyayinevi.com.tr\/index.php\/urun\/teskilat-i-mahsusa-tarihi-cilt-1-1914-1916\/","title":{"rendered":"Te\u015fkilat-\u0131 Mahsusa Tarihi Cilt 1: 1914-1916"},"content":{"rendered":"<p>\u0130stihbarat, strateji ve psikolojik sava\u015f devletler tarihi kadar eski kavramlar olsalar da, \u00e7a\u011f\u0131m\u0131zda yeni ba\u015ftan tan\u0131mlanm\u0131\u015flard\u0131r. Birinci D\u00fcnya Sava\u015f\u0131\u2019nda bu kavramlar, modern \u00e7a\u011f\u0131n getirdi\u011fi bilgi birikiminin de deste\u011fiyle, yeni sava\u015f teknikleri ve yeni silahlar kadar \u00f6nemli rol oynad\u0131. Osmanl\u0131 \u0130mparatorlu\u011fu\u2019nun idarecileri de bu m\u00fccadelede rakiplerinden geri kalmamak i\u00e7in Umur-\u0131 \u015eark\u0131yye Dairesi\u2019ni ya da daha yayg\u0131n bilinen ad\u0131yla Te\u015fkilat-\u0131 Mahsusa\u2019y\u0131 kurdu. \ufffcTan\u0131t\u0131m Metni<\/p>\n","protected":false},"excerpt":{"rendered":"<p>\u0130stihbarat, strateji ve psikolojik sava\u015f devletler tarihi kadar eski kavramlar olsalar da, \u00e7a\u011f\u0131m\u0131zda yeni ba\u015ftan tan\u0131mlanm\u0131\u015flard\u0131r. Birinci D\u00fcnya Sava\u015f\u0131\u2019nda bu kavramlar, modern \u00e7a\u011f\u0131n getirdi\u011fi bilgi birikiminin<span class=\"excerpt-hellip\"> [\u2026]<\/span><\/p>\n","protected":false},"featured_media":0,"template":"","meta":{"_monsterinsights_skip_tracking":false,"_monsterinsights_sitenote_active":false,"_monsterinsights_sitenote_note":"","_monsterinsights_sitenote_category":0},"product_brand":[],"product_cat":[13590,12337],"product_tag":[],"class_list":{"0":"post-774669","1":"product","2":"type-product","3":"status-publish","5":"product_cat-arastirma-inceleme-politika-siyaset","6":"product_cat-politika-siyaset","7":"pa_cilt-ciltsiz","8":"pa_tur-kitap","9":"pa_yayinevi-is-bankasi-kultur-yayinlari","10":"pa_yazar-ahmet-tetik","12":"first","13":"instock","14":"sale","15":"shipping-taxable","16":"purchasable","17":"product-type-simple"},"_links":{"self":[{"href":"https:\/\/roveyayinevi.com.tr\/index.php\/wp-json\/wp\/v2\/product\/774669","targetHints":{"allow":["GET"]}}],"collection":[{"href":"https:\/\/roveyayinevi.com.tr\/index.php\/wp-json\/wp\/v2\/product"}],"about":[{"href":"https:\/\/roveyayinevi.com.tr\/index.php\/wp-json\/wp\/v2\/types\/product"}],"wp:attachment":[{"href":"https:\/\/roveyayinevi.com.tr\/index.php\/wp-json\/wp\/v2\/media?parent=774669"}],"wp:term":[{"taxonomy":"product_brand","embeddable":true,"href":"https:\/\/roveyayinevi.com.tr\/index.php\/wp-json\/wp\/v2\/product_brand?post=774669"},{"taxonomy":"product_cat","embeddable":true,"href":"https:\/\/roveyayinevi.com.tr\/index.php\/wp-json\/wp\/v2\/product_cat?post=774669"},{"taxonomy":"product_tag","embeddable":true,"href":"https:\/\/roveyayinevi.com.tr\/index.php\/wp-json\/wp\/v2\/product_tag?post=774669"}],"curies":[{"name":"wp","href":"https:\/\/api.w.org\/{rel}","templated":true}]}}