{"id":774667,"date":"2025-09-09T09:59:27","date_gmt":"2025-09-09T06:59:27","guid":{"rendered":"https:\/\/roveyayinevi.com.tr\/index.php\/urun\/denes-agaydan-piyano-calmayi-ogrenelim-4-kitap\/"},"modified":"2026-04-16T02:08:24","modified_gmt":"2026-04-15T23:08:24","slug":"denes-agaydan-piyano-calmayi-ogrenelim-4-kitap","status":"publish","type":"product","link":"https:\/\/roveyayinevi.com.tr\/index.php\/urun\/denes-agaydan-piyano-calmayi-ogrenelim-4-kitap\/","title":{"rendered":"Denes Agay&#8217;dan Piyano \u00c7almay\u0131 \u00d6\u011frenelim 4. Kitap"},"content":{"rendered":"<p>Denes Agay serisinin bu d\u00f6rd\u00fcnc\u00fc kitab\u0131, \u00fc\u00e7\u00fcnc\u00fc kitab\u0131n b\u0131rakt\u0131\u011f\u0131 yerden melodik par\u00e7alar ve \u00e7al\u0131\u015fmalarla devam ediyor.D\u00f6rd\u00fcnc\u00fc ve son b\u00f6l\u00fcmde Arpejler , akor adlar\u0131 , homofoni, polifoni , modlar , s\u00fcslemeler, rondo formu , tekrarl\u0131 ikili form , sonat formu , transpoze ve tam ton gam\u0131 anlat\u0131lmaktad\u0131r.<\/p>\n","protected":false},"excerpt":{"rendered":"<p>Denes Agay serisinin bu d\u00f6rd\u00fcnc\u00fc kitab\u0131, \u00fc\u00e7\u00fcnc\u00fc kitab\u0131n b\u0131rakt\u0131\u011f\u0131 yerden melodik par\u00e7alar ve \u00e7al\u0131\u015fmalarla devam ediyor.D\u00f6rd\u00fcnc\u00fc ve son b\u00f6l\u00fcmde Arpejler , akor adlar\u0131 , homofoni, polifoni<span class=\"excerpt-hellip\"> [\u2026]<\/span><\/p>\n","protected":false},"featured_media":0,"template":"","meta":{"_monsterinsights_skip_tracking":false,"_monsterinsights_sitenote_active":false,"_monsterinsights_sitenote_note":"","_monsterinsights_sitenote_category":0},"product_brand":[],"product_cat":[14556,14557],"product_tag":[],"class_list":{"0":"post-774667","1":"product","2":"type-product","3":"status-publish","5":"product_cat-muzik","6":"product_cat-nota-kitaplari","7":"pa_cilt-ciltsiz","8":"pa_tur-kitap","9":"pa_yayinevi-porte-muzik-egitim-merkezi","10":"pa_yazar-denes-agay","12":"first","13":"instock","14":"sale","15":"shipping-taxable","16":"purchasable","17":"product-type-simple"},"_links":{"self":[{"href":"https:\/\/roveyayinevi.com.tr\/index.php\/wp-json\/wp\/v2\/product\/774667","targetHints":{"allow":["GET"]}}],"collection":[{"href":"https:\/\/roveyayinevi.com.tr\/index.php\/wp-json\/wp\/v2\/product"}],"about":[{"href":"https:\/\/roveyayinevi.com.tr\/index.php\/wp-json\/wp\/v2\/types\/product"}],"wp:attachment":[{"href":"https:\/\/roveyayinevi.com.tr\/index.php\/wp-json\/wp\/v2\/media?parent=774667"}],"wp:term":[{"taxonomy":"product_brand","embeddable":true,"href":"https:\/\/roveyayinevi.com.tr\/index.php\/wp-json\/wp\/v2\/product_brand?post=774667"},{"taxonomy":"product_cat","embeddable":true,"href":"https:\/\/roveyayinevi.com.tr\/index.php\/wp-json\/wp\/v2\/product_cat?post=774667"},{"taxonomy":"product_tag","embeddable":true,"href":"https:\/\/roveyayinevi.com.tr\/index.php\/wp-json\/wp\/v2\/product_tag?post=774667"}],"curies":[{"name":"wp","href":"https:\/\/api.w.org\/{rel}","templated":true}]}}