{"id":774666,"date":"2025-09-09T09:59:15","date_gmt":"2025-09-09T06:59:15","guid":{"rendered":"https:\/\/roveyayinevi.com.tr\/index.php\/urun\/nuri-demirag-turkiyenin-havacilik-efsanesi\/"},"modified":"2026-04-16T02:08:24","modified_gmt":"2026-04-15T23:08:24","slug":"nuri-demirag-turkiyenin-havacilik-efsanesi","status":"publish","type":"product","link":"https:\/\/roveyayinevi.com.tr\/index.php\/urun\/nuri-demirag-turkiyenin-havacilik-efsanesi\/","title":{"rendered":"Nuri Demira\u011f T\u00fcrkiye\u2019nin Havac\u0131l\u0131k Efsanesi"},"content":{"rendered":"<p>1941 y\u0131l\u0131nda bir gazeteciye verdi\u011fi m\u00fclakatta Gelecek i\u00e7in tasavvurlar\u0131n\u0131z nedir? sorusuna verdi\u011fi cevap, onun ruh halinin en g\u00fczel ifadesidir: Evvela bu m\u00fcesseseyi fevkalade geni\u015fletmek, b\u00fcy\u00fck Ye\u015filk\u00f6y G\u00f6k Lisesini kurmak&#8230; Divri\u011fi\u2019de binlerce genci sinesine alacak, telsizcili\u011fi, motorculu\u011fu vs. 12 \u015fubeyi ihtiva edecek \u015fekilde G\u00f6k \u00dcniversitesini kurmak&#8230; Sonra \u015fu \u00e7ay\u0131r\u0131n bir kenar\u0131nda, murad\u0131na ermi\u015f insanlar\u0131n huzur ve saadetiyle oturup kahvemi i\u00e7erken, bir i\u015faretle y\u00fczlerce tayyarenin birden havaland\u0131\u011f\u0131n\u0131 g\u00f6rmek. Nuri Demira\u011f, hayata g\u00f6zlerini a\u00e7t\u0131\u011f\u0131 XIX. Asr\u0131n son \u00e7eyre\u011finde s\u0131k\u0131nt\u0131l\u0131 bir \u00e7ocukluk ve gen\u00e7lik devresinden sonra, T\u00fcrkiye\u2019nin en zengin adam\u0131 mevkiine geldi\u011finde, ya\u015fad\u0131\u011f\u0131 m\u00fctevaz\u0131 hayat d\u00fczeniyle oldu\u011fu kadar \u00fclke i\u00e7in hayata ge\u00e7irmeye \u00e7al\u0131\u015ft\u0131\u011f\u0131 projelerle de dikkati \u00e7ekmektedir. O, y\u00fcr\u00fctt\u00fc\u011f\u00fc taahh\u00fct i\u015flerindeki titizli\u011fi, d\u00fcr\u00fcstl\u00fc\u011f\u00fc yan\u0131nda, e\u011fitime katk\u0131lar\u0131yla kendinden s\u00f6z edilmesi gereken i\u015fadamlar\u0131 neslinin \u00f6nc\u00fcs\u00fcd\u00fcr. \u015eu konuda ise \u00fclkemizde ba\u015fka \u00f6rne\u011fi yoktur: Bug\u00fcn baz\u0131 zengin i\u015fadamlar\u0131n\u0131n y\u00fcz binlerce dolar \u00f6deyerek sat\u0131n ald\u0131klar\u0131 u\u00e7aklara kendi isimlerini verdiklerini g\u00f6r\u00fcyoruz. Ne var ki onlardan hi\u00e7biri kendi fabrikalar\u0131nda, kendi teknisyenleriyle, kendi sermayeleri ile s\u0131f\u0131rdan imal ettirdikleri bir u\u00e7a\u011fa kendi isimlerini veremediler. Bir ki\u015fi hari\u00e7: Nuri Demira\u011f. \ufffcTan\u0131t\u0131m Metni<\/p>\n","protected":false},"excerpt":{"rendered":"<p>1941 y\u0131l\u0131nda bir gazeteciye verdi\u011fi m\u00fclakatta Gelecek i\u00e7in tasavvurlar\u0131n\u0131z nedir? sorusuna verdi\u011fi cevap, onun ruh halinin en g\u00fczel ifadesidir: Evvela bu m\u00fcesseseyi fevkalade geni\u015fletmek, b\u00fcy\u00fck Ye\u015filk\u00f6y<span class=\"excerpt-hellip\"> [\u2026]<\/span><\/p>\n","protected":false},"featured_media":0,"template":"","meta":{"_monsterinsights_skip_tracking":false,"_monsterinsights_sitenote_active":false,"_monsterinsights_sitenote_note":"","_monsterinsights_sitenote_category":0},"product_brand":[],"product_cat":[14009,12291],"product_tag":[],"class_list":{"0":"post-774666","1":"product","2":"type-product","3":"status-publish","5":"product_cat-biyografi-otobiyografi-edebiyat","6":"product_cat-edebiyat","7":"pa_cilt-ciltsiz","8":"pa_tur-kitap","9":"pa_yayinevi-otuken-nesriyat","10":"pa_yazar-fatih-m-dervisoglu","12":"first","13":"instock","14":"sale","15":"shipping-taxable","16":"purchasable","17":"product-type-simple"},"_links":{"self":[{"href":"https:\/\/roveyayinevi.com.tr\/index.php\/wp-json\/wp\/v2\/product\/774666","targetHints":{"allow":["GET"]}}],"collection":[{"href":"https:\/\/roveyayinevi.com.tr\/index.php\/wp-json\/wp\/v2\/product"}],"about":[{"href":"https:\/\/roveyayinevi.com.tr\/index.php\/wp-json\/wp\/v2\/types\/product"}],"wp:attachment":[{"href":"https:\/\/roveyayinevi.com.tr\/index.php\/wp-json\/wp\/v2\/media?parent=774666"}],"wp:term":[{"taxonomy":"product_brand","embeddable":true,"href":"https:\/\/roveyayinevi.com.tr\/index.php\/wp-json\/wp\/v2\/product_brand?post=774666"},{"taxonomy":"product_cat","embeddable":true,"href":"https:\/\/roveyayinevi.com.tr\/index.php\/wp-json\/wp\/v2\/product_cat?post=774666"},{"taxonomy":"product_tag","embeddable":true,"href":"https:\/\/roveyayinevi.com.tr\/index.php\/wp-json\/wp\/v2\/product_tag?post=774666"}],"curies":[{"name":"wp","href":"https:\/\/api.w.org\/{rel}","templated":true}]}}