{"id":774665,"date":"2025-09-09T09:58:33","date_gmt":"2025-09-09T06:58:33","guid":{"rendered":"https:\/\/roveyayinevi.com.tr\/index.php\/urun\/nil-soru-soruyor-2\/"},"modified":"2026-04-16T02:08:21","modified_gmt":"2026-04-15T23:08:21","slug":"nil-soru-soruyor-2","status":"publish","type":"product","link":"https:\/\/roveyayinevi.com.tr\/index.php\/urun\/nil-soru-soruyor-2\/","title":{"rendered":"Nil Soru Soruyor"},"content":{"rendered":"<p>Okul\u00f6ncesi \u00e7a\u011f\u0131ndaki \u00e7ocuklar i\u00e7in d\u00fcnya, ke\u015ffedilmeyi ve \u00f6\u011frenilmeyi bekleyen d\u00fczinelerce sorunun i\u00e7 i\u00e7e ge\u00e7ti\u011fi koca bir yumak. G\u00fcn boyunca \u201cNeden?, \u201cNas\u0131l?\u201d, \u201cNi\u00e7in?\u201d gibi sorularla hayat\u0131 anlamland\u0131rmaya ve yak\u0131n \u00e7evreleri ile ileti\u015fim kurmaya \u00e7al\u0131\u015fan minikler i\u00e7in soru sormak vazge\u00e7ilemez bir eylem. <\/p>\n","protected":false},"excerpt":{"rendered":"<p>Okul\u00f6ncesi \u00e7a\u011f\u0131ndaki \u00e7ocuklar i\u00e7in d\u00fcnya, ke\u015ffedilmeyi ve \u00f6\u011frenilmeyi bekleyen d\u00fczinelerce sorunun i\u00e7 i\u00e7e ge\u00e7ti\u011fi koca bir yumak. G\u00fcn boyunca \u201cNeden?, \u201cNas\u0131l?\u201d, \u201cNi\u00e7in?\u201d gibi sorularla hayat\u0131 anlamland\u0131rmaya<span class=\"excerpt-hellip\"> [\u2026]<\/span><\/p>\n","protected":false},"featured_media":0,"template":"","meta":{"_monsterinsights_skip_tracking":false,"_monsterinsights_sitenote_active":false,"_monsterinsights_sitenote_note":"","_monsterinsights_sitenote_category":0},"product_brand":[],"product_cat":[12274,12518],"product_tag":[],"class_list":{"0":"post-774665","1":"product","2":"type-product","3":"status-publish","5":"product_cat-cocuk-ve-genclik-kitaplari","6":"product_cat-okul-oncesi-kitaplar","7":"pa_tur-kitap","8":"pa_yayinevi-ucanbalik-yayincilik","9":"pa_yazar-seza-kutlar-aksoy","11":"first","12":"instock","13":"sale","14":"shipping-taxable","15":"purchasable","16":"product-type-simple"},"_links":{"self":[{"href":"https:\/\/roveyayinevi.com.tr\/index.php\/wp-json\/wp\/v2\/product\/774665","targetHints":{"allow":["GET"]}}],"collection":[{"href":"https:\/\/roveyayinevi.com.tr\/index.php\/wp-json\/wp\/v2\/product"}],"about":[{"href":"https:\/\/roveyayinevi.com.tr\/index.php\/wp-json\/wp\/v2\/types\/product"}],"wp:attachment":[{"href":"https:\/\/roveyayinevi.com.tr\/index.php\/wp-json\/wp\/v2\/media?parent=774665"}],"wp:term":[{"taxonomy":"product_brand","embeddable":true,"href":"https:\/\/roveyayinevi.com.tr\/index.php\/wp-json\/wp\/v2\/product_brand?post=774665"},{"taxonomy":"product_cat","embeddable":true,"href":"https:\/\/roveyayinevi.com.tr\/index.php\/wp-json\/wp\/v2\/product_cat?post=774665"},{"taxonomy":"product_tag","embeddable":true,"href":"https:\/\/roveyayinevi.com.tr\/index.php\/wp-json\/wp\/v2\/product_tag?post=774665"}],"curies":[{"name":"wp","href":"https:\/\/api.w.org\/{rel}","templated":true}]}}