{"id":774662,"date":"2025-09-09T09:57:33","date_gmt":"2025-09-09T06:57:33","guid":{"rendered":"https:\/\/roveyayinevi.com.tr\/index.php\/urun\/ahlak-egitimi-2\/"},"modified":"2026-04-16T02:08:19","modified_gmt":"2026-04-15T23:08:19","slug":"ahlak-egitimi-2","status":"publish","type":"product","link":"https:\/\/roveyayinevi.com.tr\/index.php\/urun\/ahlak-egitimi-2\/","title":{"rendered":"Ahlak E\u011fitimi"},"content":{"rendered":"<p>Ahlak E\u011fitimi, Durkheim\u2019\u0131n Sorbonne \u00dcniversitesi\u2019nde 1902\u20131903 \u00f6\u011fretim y\u0131l\u0131nda verdi\u011fi dersleri bir araya getiren bir kitapt\u0131r. Durkheim, bu dersleri Bordeaux \u00dcniversitesi\u2019ndeki derslerinde de tekrarlam\u0131\u015ft\u0131. Ahlak e\u011fitimi, Durkheim\u2019\u0131n \u00f6zellikle \u00fczerinde durdu\u011fu bir konu olarak g\u00f6r\u00fcnmektedir. \ufffcTan\u0131t\u0131m Metni<\/p>\n","protected":false},"excerpt":{"rendered":"<p>Ahlak E\u011fitimi, Durkheim\u2019\u0131n Sorbonne \u00dcniversitesi\u2019nde 1902\u20131903 \u00f6\u011fretim y\u0131l\u0131nda verdi\u011fi dersleri bir araya getiren bir kitapt\u0131r. Durkheim, bu dersleri Bordeaux \u00dcniversitesi\u2019ndeki derslerinde de tekrarlam\u0131\u015ft\u0131. Ahlak e\u011fitimi, Durkheim\u2019\u0131n<span class=\"excerpt-hellip\"> [\u2026]<\/span><\/p>\n","protected":false},"featured_media":0,"template":"","meta":{"_monsterinsights_skip_tracking":false,"_monsterinsights_sitenote_active":false,"_monsterinsights_sitenote_note":"","_monsterinsights_sitenote_category":0},"product_brand":[],"product_cat":[14787,13488],"product_tag":[],"class_list":{"0":"post-774662","1":"product","2":"type-product","3":"status-publish","5":"product_cat-diger-toplum-ve-insan","6":"product_cat-toplum-ve-insan","7":"pa_tur-kitap","8":"pa_yayinevi-cem-yayinevi","9":"pa_yazar-emile-durkheim","11":"first","12":"instock","13":"sale","14":"shipping-taxable","15":"purchasable","16":"product-type-simple"},"_links":{"self":[{"href":"https:\/\/roveyayinevi.com.tr\/index.php\/wp-json\/wp\/v2\/product\/774662","targetHints":{"allow":["GET"]}}],"collection":[{"href":"https:\/\/roveyayinevi.com.tr\/index.php\/wp-json\/wp\/v2\/product"}],"about":[{"href":"https:\/\/roveyayinevi.com.tr\/index.php\/wp-json\/wp\/v2\/types\/product"}],"wp:attachment":[{"href":"https:\/\/roveyayinevi.com.tr\/index.php\/wp-json\/wp\/v2\/media?parent=774662"}],"wp:term":[{"taxonomy":"product_brand","embeddable":true,"href":"https:\/\/roveyayinevi.com.tr\/index.php\/wp-json\/wp\/v2\/product_brand?post=774662"},{"taxonomy":"product_cat","embeddable":true,"href":"https:\/\/roveyayinevi.com.tr\/index.php\/wp-json\/wp\/v2\/product_cat?post=774662"},{"taxonomy":"product_tag","embeddable":true,"href":"https:\/\/roveyayinevi.com.tr\/index.php\/wp-json\/wp\/v2\/product_tag?post=774662"}],"curies":[{"name":"wp","href":"https:\/\/api.w.org\/{rel}","templated":true}]}}