{"id":774661,"date":"2025-09-09T09:57:25","date_gmt":"2025-09-09T06:57:25","guid":{"rendered":"https:\/\/roveyayinevi.com.tr\/index.php\/urun\/stephen-hawking-herkulu-dover\/"},"modified":"2026-04-16T02:08:18","modified_gmt":"2026-04-15T23:08:18","slug":"stephen-hawking-herkulu-dover","status":"publish","type":"product","link":"https:\/\/roveyayinevi.com.tr\/index.php\/urun\/stephen-hawking-herkulu-dover\/","title":{"rendered":"Stephen Hawking Herk\u00fcl\u2019\u00fc D\u00f6ver"},"content":{"rendered":"<p>\u00c7ocuk edebiyat\u0131m\u0131z\u0131n en sevilen yazarlar\u0131ndan Yalva\u00e7 Ural bu kez denemeleriyle kar\u015f\u0131m\u0131zda: Birbirinden \u00f6nemli sorulara hem kahkaha dolu hem de d\u00fc\u015f\u00fcnd\u00fcr\u00fcc\u00fc yan\u0131tlar bulan Yalva\u00e7 Abi, b\u00fcy\u00fcklerin i\u00e7inde gizli k\u00fc\u00e7\u00fck \u00e7ocu\u011fa ve k\u00fc\u00e7\u00fcklerin i\u00e7indeki b\u00fcy\u00fck insana dokunuyor.\u2022 \u201c\u015eaka\u201d nedir, ne de\u011fildir; kimlere, nas\u0131l yap\u0131l\u0131r?\u2022 Noktalama i\u015faretlerini bilmek bize ne kazand\u0131r\u0131r?\u2022 Solaklarla sa\u011faklar hangi noktalarda ayr\u0131l\u0131r?\u2022 Anne babadan \u201cpara s\u0131zd\u0131rman\u0131n\u201d uygun zaman\u0131 nas\u0131l ayarlan\u0131r?<\/p>\n","protected":false},"excerpt":{"rendered":"<p>\u00c7ocuk edebiyat\u0131m\u0131z\u0131n en sevilen yazarlar\u0131ndan Yalva\u00e7 Ural bu kez denemeleriyle kar\u015f\u0131m\u0131zda: Birbirinden \u00f6nemli sorulara hem kahkaha dolu hem de d\u00fc\u015f\u00fcnd\u00fcr\u00fcc\u00fc yan\u0131tlar bulan Yalva\u00e7 Abi, b\u00fcy\u00fcklerin i\u00e7inde<span class=\"excerpt-hellip\"> [\u2026]<\/span><\/p>\n","protected":false},"featured_media":0,"template":"","meta":{"_monsterinsights_skip_tracking":false,"_monsterinsights_sitenote_active":false,"_monsterinsights_sitenote_note":"","_monsterinsights_sitenote_category":0},"product_brand":[],"product_cat":[13835],"product_tag":[],"class_list":{"0":"post-774661","1":"product","2":"type-product","3":"status-publish","5":"product_cat-cok-satanlar","6":"pa_cilt-ciltsiz","7":"pa_tur-kitap","8":"pa_yayinevi-yapi-kredi-yayinlari","9":"pa_yazar-yalvac-ural","11":"first","12":"instock","13":"sale","14":"shipping-taxable","15":"purchasable","16":"product-type-simple"},"_links":{"self":[{"href":"https:\/\/roveyayinevi.com.tr\/index.php\/wp-json\/wp\/v2\/product\/774661","targetHints":{"allow":["GET"]}}],"collection":[{"href":"https:\/\/roveyayinevi.com.tr\/index.php\/wp-json\/wp\/v2\/product"}],"about":[{"href":"https:\/\/roveyayinevi.com.tr\/index.php\/wp-json\/wp\/v2\/types\/product"}],"wp:attachment":[{"href":"https:\/\/roveyayinevi.com.tr\/index.php\/wp-json\/wp\/v2\/media?parent=774661"}],"wp:term":[{"taxonomy":"product_brand","embeddable":true,"href":"https:\/\/roveyayinevi.com.tr\/index.php\/wp-json\/wp\/v2\/product_brand?post=774661"},{"taxonomy":"product_cat","embeddable":true,"href":"https:\/\/roveyayinevi.com.tr\/index.php\/wp-json\/wp\/v2\/product_cat?post=774661"},{"taxonomy":"product_tag","embeddable":true,"href":"https:\/\/roveyayinevi.com.tr\/index.php\/wp-json\/wp\/v2\/product_tag?post=774661"}],"curies":[{"name":"wp","href":"https:\/\/api.w.org\/{rel}","templated":true}]}}