{"id":774660,"date":"2025-09-09T09:54:45","date_gmt":"2025-09-09T06:54:45","guid":{"rendered":"https:\/\/roveyayinevi.com.tr\/index.php\/urun\/ataturk-modern-turkiyenin-kurucusu\/"},"modified":"2026-04-16T02:07:52","modified_gmt":"2026-04-15T23:07:52","slug":"ataturk-modern-turkiyenin-kurucusu","status":"publish","type":"product","link":"https:\/\/roveyayinevi.com.tr\/index.php\/urun\/ataturk-modern-turkiyenin-kurucusu\/","title":{"rendered":"Atat\u00fcrk &#8211; Modern T\u00fcrkiye&#8217;nin Kurucusu"},"content":{"rendered":"<p>Uzman bir yazar, nesnel bir yap\u0131t:i\u015fte Atat\u00fcrk\u00b4\u00fcn ya\u015fam\u0131 ve m\u00fccadelesi!\u2026\u0130stanbul do\u011fumlu \u0130ngiliz yazar Andrew Mango, be\u015f y\u0131l\u0131 a\u015fk\u0131n bir s\u00fcre yapt\u0131\u011f\u0131 ara\u015ft\u0131rmalar sonucu, bu yap\u0131tla kapsaml\u0131 ve nesnel bir \u00e7al\u0131\u015fma ortaya koyuyor.T\u00fcrkiye\u00b4nin ba\u011f\u0131ms\u0131zl\u0131\u011f\u0131 ve varolu\u015fu yolunda Atat\u00fcrk gibi bir liderle yakalad\u0131\u011f\u0131 ola\u011fan\u00fcst\u00fc \u015fans\u0131 irdeleyen yazar, onu salt lider \u00f6zellikleriyle de\u011fil, yak\u0131n \u00e7evresi ve insan ili\u015fkileriyle de yans\u0131tmay\u0131 ba\u015far\u0131rken, d\u00f6nemin toplumsal yap\u0131s\u0131 ve g\u00fc\u00e7 dengelerine de a\u00e7\u0131kl\u0131k kazand\u0131r\u0131yor.Prof. Geoffrey Lewis Atat\u00fcrk i\u00e7in \u201cO, tek bir insan\u0131n neler yapabilece\u011fini g\u00f6steren 20. y\u00fczy\u0131l\u0131n ola\u011fan\u00fcst\u00fc lideri\u201c diyor. Evet, kitleleri ard\u0131ndan s\u00fcr\u00fckleyebilen, insanlar\u0131 birbirine kenetleyebilen siyasal bir \u00f6nder\u2026 Ancak sonu\u00e7ta Atat\u00fcrk de herkes gibi bir insan\u2026 Karizmas\u0131, zaaflar\u0131, kad\u0131nlarla olan ili\u015fkileri, dostluklar\u0131, nefretleri, iyilikleri ve hatta k\u0131skan\u00e7l\u0131klar\u0131yla bir insan\u2026 Mango, bu ola\u011fan\u00fcst\u00fc \u00e7al\u0131\u015fmas\u0131yla, Atat\u00fcrk\u00b4\u00fc i\u015fte bu y\u00f6nleriyle daha bir yak\u0131nla\u015ft\u0131r\u0131yor bize.Bu bas\u0131mda Saltanat ve Cumhuriyet d\u00f6nemine ili\u015fkin t\u00fcm yaz\u0131l\u0131 kaynaklara ula\u015f\u0131lm\u0131\u015ft\u0131r. \u00c7o\u011fu eski yaz\u0131 bir\u00e7ok belge asl\u0131nda oldu\u011fu gibi aktar\u0131lm\u0131\u015f, d\u00f6neme \u00f6zg\u00fc s\u00f6yleyi\u015f ve ifade \u00f6zellikleri korunmu\u015ftur. <\/p>\n","protected":false},"excerpt":{"rendered":"<p>Uzman bir yazar, nesnel bir yap\u0131t:i\u015fte Atat\u00fcrk\u00b4\u00fcn ya\u015fam\u0131 ve m\u00fccadelesi!\u2026\u0130stanbul do\u011fumlu \u0130ngiliz yazar Andrew Mango, be\u015f y\u0131l\u0131 a\u015fk\u0131n bir s\u00fcre yapt\u0131\u011f\u0131 ara\u015ft\u0131rmalar sonucu, bu yap\u0131tla kapsaml\u0131<span class=\"excerpt-hellip\"> [\u2026]<\/span><\/p>\n","protected":false},"featured_media":0,"template":"","meta":{"_monsterinsights_skip_tracking":false,"_monsterinsights_sitenote_active":false,"_monsterinsights_sitenote_note":"","_monsterinsights_sitenote_category":0},"product_brand":[],"product_cat":[12530,12304],"product_tag":[],"class_list":{"0":"post-774660","1":"product","2":"type-product","3":"status-publish","5":"product_cat-mustafa-kemal-ataturk","6":"product_cat-tarih","7":"pa_cilt-ciltsiz","8":"pa_tur-kitap","9":"pa_yayinevi-remzi-kitabevi","10":"pa_yazar-andrew-mango","12":"first","13":"instock","14":"sale","15":"shipping-taxable","16":"purchasable","17":"product-type-simple"},"_links":{"self":[{"href":"https:\/\/roveyayinevi.com.tr\/index.php\/wp-json\/wp\/v2\/product\/774660","targetHints":{"allow":["GET"]}}],"collection":[{"href":"https:\/\/roveyayinevi.com.tr\/index.php\/wp-json\/wp\/v2\/product"}],"about":[{"href":"https:\/\/roveyayinevi.com.tr\/index.php\/wp-json\/wp\/v2\/types\/product"}],"wp:attachment":[{"href":"https:\/\/roveyayinevi.com.tr\/index.php\/wp-json\/wp\/v2\/media?parent=774660"}],"wp:term":[{"taxonomy":"product_brand","embeddable":true,"href":"https:\/\/roveyayinevi.com.tr\/index.php\/wp-json\/wp\/v2\/product_brand?post=774660"},{"taxonomy":"product_cat","embeddable":true,"href":"https:\/\/roveyayinevi.com.tr\/index.php\/wp-json\/wp\/v2\/product_cat?post=774660"},{"taxonomy":"product_tag","embeddable":true,"href":"https:\/\/roveyayinevi.com.tr\/index.php\/wp-json\/wp\/v2\/product_tag?post=774660"}],"curies":[{"name":"wp","href":"https:\/\/api.w.org\/{rel}","templated":true}]}}