{"id":774659,"date":"2025-09-09T09:53:38","date_gmt":"2025-09-09T06:53:38","guid":{"rendered":"https:\/\/roveyayinevi.com.tr\/index.php\/urun\/yeryuzu-demokrasisi\/"},"modified":"2026-04-16T02:07:48","modified_gmt":"2026-04-15T23:07:48","slug":"yeryuzu-demokrasisi","status":"publish","type":"product","link":"https:\/\/roveyayinevi.com.tr\/index.php\/urun\/yeryuzu-demokrasisi\/","title":{"rendered":"Yery\u00fcz\u00fc Demokrasisi"},"content":{"rendered":"<p>Yery\u00fcz\u00fc Demokrasisi, geleneksel bilgi, k\u00fclt\u00fcr, gen ve su kaynaklar\u0131 gibi ortak m\u00fclk\u00fcm\u00fcz olan ya\u015famsal kaynaklar\u0131m\u0131z\u0131n, topluluklar\u0131n y\u00f6netiminden kopart\u0131l\u0131p nas\u0131l \u00f6zel birer m\u00fclk haline d\u00f6n\u00fc\u015ft\u00fcr\u00fcld\u00fc\u011f\u00fcn\u00fc tarihsel ve g\u00fcncel \u00f6rnekleriyle ele almaktad\u0131r. S\u00fcrd\u00fcr\u00fclebilir bir gezegen i\u00e7in do\u011fal kaynaklar\u0131n korunmas\u0131 ve bu kaynaklar \u00fczerindeki topluluk haklar\u0131n\u0131n iadesi ad\u0131na, yery\u00fcz\u00fc demokrasisi perspektifini savunmaktad\u0131r. Gelece\u011fe dair bir vizyon oldu\u011fu kadar, bug\u00fcn\u00fcn ya\u015fayan ekonomileri, ya\u015fayan demokrasileri ve ya\u015fayan k\u00fclt\u00fcrleri \u00fczerinde y\u00fckselen somut bir perspektif olarak yery\u00fcz\u00fc demokrasisi, \u00f6zellikle g\u0131da, tohum ve su kaynaklar\u0131m\u0131z etraf\u0131nda seyreden \u00f6zelle\u015ftirme tart\u0131\u015fmalar\u0131na da \u00f6nemli bir katk\u0131 sunmaktad\u0131r.\ufffcTan\u0131t\u0131m Metni<\/p>\n","protected":false},"excerpt":{"rendered":"<p>Yery\u00fcz\u00fc Demokrasisi, geleneksel bilgi, k\u00fclt\u00fcr, gen ve su kaynaklar\u0131 gibi ortak m\u00fclk\u00fcm\u00fcz olan ya\u015famsal kaynaklar\u0131m\u0131z\u0131n, topluluklar\u0131n y\u00f6netiminden kopart\u0131l\u0131p nas\u0131l \u00f6zel birer m\u00fclk haline d\u00f6n\u00fc\u015ft\u00fcr\u00fcld\u00fc\u011f\u00fcn\u00fc tarihsel ve<span class=\"excerpt-hellip\"> [\u2026]<\/span><\/p>\n","protected":false},"featured_media":0,"template":"","meta":{"_monsterinsights_skip_tracking":false,"_monsterinsights_sitenote_active":false,"_monsterinsights_sitenote_note":"","_monsterinsights_sitenote_category":0},"product_brand":[],"product_cat":[12338,12337],"product_tag":[],"class_list":{"0":"post-774659","1":"product","2":"type-product","3":"status-publish","5":"product_cat-dunya-siyaseti-ve-politikasi","6":"product_cat-politika-siyaset","7":"pa_cilt-ciltsiz","8":"pa_tur-kitap","9":"pa_yayinevi-bgst-yayinlari","10":"pa_yazar-vandana-shiva","12":"first","13":"instock","14":"sale","15":"shipping-taxable","16":"purchasable","17":"product-type-simple"},"_links":{"self":[{"href":"https:\/\/roveyayinevi.com.tr\/index.php\/wp-json\/wp\/v2\/product\/774659","targetHints":{"allow":["GET"]}}],"collection":[{"href":"https:\/\/roveyayinevi.com.tr\/index.php\/wp-json\/wp\/v2\/product"}],"about":[{"href":"https:\/\/roveyayinevi.com.tr\/index.php\/wp-json\/wp\/v2\/types\/product"}],"wp:attachment":[{"href":"https:\/\/roveyayinevi.com.tr\/index.php\/wp-json\/wp\/v2\/media?parent=774659"}],"wp:term":[{"taxonomy":"product_brand","embeddable":true,"href":"https:\/\/roveyayinevi.com.tr\/index.php\/wp-json\/wp\/v2\/product_brand?post=774659"},{"taxonomy":"product_cat","embeddable":true,"href":"https:\/\/roveyayinevi.com.tr\/index.php\/wp-json\/wp\/v2\/product_cat?post=774659"},{"taxonomy":"product_tag","embeddable":true,"href":"https:\/\/roveyayinevi.com.tr\/index.php\/wp-json\/wp\/v2\/product_tag?post=774659"}],"curies":[{"name":"wp","href":"https:\/\/api.w.org\/{rel}","templated":true}]}}