{"id":774658,"date":"2025-09-09T09:53:20","date_gmt":"2025-09-09T06:53:20","guid":{"rendered":"https:\/\/roveyayinevi.com.tr\/index.php\/urun\/dunya-agrisi\/"},"modified":"2026-04-12T02:09:21","modified_gmt":"2026-04-11T23:09:21","slug":"dunya-agrisi","status":"publish","type":"product","link":"https:\/\/roveyayinevi.com.tr\/index.php\/urun\/dunya-agrisi\/","title":{"rendered":"D\u00fcnya A\u011fr\u0131s\u0131"},"content":{"rendered":"<p>Hayat, kaya\u00e7 katmanlar\u0131 gibi par\u00e7alar\u0131na ayr\u0131lan de\u011fersiz bir k\u00fctledir. T\u00fcrk\u00e7e edebiyat\u0131n s\u00f6z\u00fcn\u00fc sak\u0131nmayan kalemi Ayfer Tun\u00e7, yazarl\u0131k hayat\u0131n\u0131n 25. y\u0131l\u0131nda sars\u0131c\u0131 bir romanla kar\u015f\u0131m\u0131zda.<\/p>\n","protected":false},"excerpt":{"rendered":"<p>Hayat, kaya\u00e7 katmanlar\u0131 gibi par\u00e7alar\u0131na ayr\u0131lan de\u011fersiz bir k\u00fctledir. T\u00fcrk\u00e7e edebiyat\u0131n s\u00f6z\u00fcn\u00fc sak\u0131nmayan kalemi Ayfer Tun\u00e7, yazarl\u0131k hayat\u0131n\u0131n 25. y\u0131l\u0131nda sars\u0131c\u0131 bir romanla kar\u015f\u0131m\u0131zda.<\/p>\n","protected":false},"featured_media":0,"template":"","meta":{"_monsterinsights_skip_tracking":false,"_monsterinsights_sitenote_active":false,"_monsterinsights_sitenote_note":"","_monsterinsights_sitenote_category":0},"product_brand":[],"product_cat":[12291,12711],"product_tag":[],"class_list":{"0":"post-774658","1":"product","2":"type-product","3":"status-publish","5":"product_cat-edebiyat","6":"product_cat-roman-oyku","7":"pa_cilt-ciltsiz","8":"pa_tur-kitap","9":"pa_yayinevi-can-yayinlari","10":"pa_yazar-ayfer-tunc","12":"first","13":"instock","14":"sale","15":"shipping-taxable","16":"purchasable","17":"product-type-simple"},"_links":{"self":[{"href":"https:\/\/roveyayinevi.com.tr\/index.php\/wp-json\/wp\/v2\/product\/774658","targetHints":{"allow":["GET"]}}],"collection":[{"href":"https:\/\/roveyayinevi.com.tr\/index.php\/wp-json\/wp\/v2\/product"}],"about":[{"href":"https:\/\/roveyayinevi.com.tr\/index.php\/wp-json\/wp\/v2\/types\/product"}],"wp:attachment":[{"href":"https:\/\/roveyayinevi.com.tr\/index.php\/wp-json\/wp\/v2\/media?parent=774658"}],"wp:term":[{"taxonomy":"product_brand","embeddable":true,"href":"https:\/\/roveyayinevi.com.tr\/index.php\/wp-json\/wp\/v2\/product_brand?post=774658"},{"taxonomy":"product_cat","embeddable":true,"href":"https:\/\/roveyayinevi.com.tr\/index.php\/wp-json\/wp\/v2\/product_cat?post=774658"},{"taxonomy":"product_tag","embeddable":true,"href":"https:\/\/roveyayinevi.com.tr\/index.php\/wp-json\/wp\/v2\/product_tag?post=774658"}],"curies":[{"name":"wp","href":"https:\/\/api.w.org\/{rel}","templated":true}]}}