{"id":774653,"date":"2025-09-09T09:48:37","date_gmt":"2025-09-09T06:48:37","guid":{"rendered":"https:\/\/roveyayinevi.com.tr\/index.php\/urun\/zamanin-kiyisindaki-kadin\/"},"modified":"2026-04-16T02:07:13","modified_gmt":"2026-04-15T23:07:13","slug":"zamanin-kiyisindaki-kadin","status":"publish","type":"product","link":"https:\/\/roveyayinevi.com.tr\/index.php\/urun\/zamanin-kiyisindaki-kadin\/","title":{"rendered":"Zaman\u0131n K\u0131y\u0131s\u0131ndaki Kad\u0131n"},"content":{"rendered":"<p>Connie, zihinsel yetenekleri \u00e7ok geli\u015fmi\u015f, hayat dolu bir kad\u0131nd\u0131r. Ama bu \u00f6zellikleri \u201cd\u00fczen\u201de s\u00fcrekli yenik d\u00fc\u015fmesini engelleyememi\u015ftir. Sevdi\u011fi insanlar devlet ya da \u00f6l\u00fcm taraf\u0131ndan elinden al\u0131nm\u0131\u015f; b\u00fct\u00fcn bunlar\u0131n yan\u0131 s\u0131ra, \u015fiddet e\u011filimleri g\u00f6stermeye ba\u015flad\u0131\u011f\u0131 i\u00e7in t\u0131marhaneye kapat\u0131lm\u0131\u015ft\u0131r. Bu kez de doktorlar, \u00fczerinde deney yapmak isterler. Kar\u015f\u0131 koyar ve zihin g\u00fcc\u00fcyle ili\u015fkiye ge\u00e7ti\u011fi bir \u00fctopya halk\u0131n\u0131n yard\u0131m\u0131yla m\u00fccadeleye giri\u015fir. Romanda b\u00fct\u00fcn bunlar olurken, asl\u0131nda bir yandan da, son y\u0131llarda bir\u00e7ok radikal d\u00fc\u015f\u00fcn\u00fcr\u00fcn, feminist ve ye\u015fillerin sorgulad\u0131\u011f\u0131 modern toplumun vazge\u00e7ilmez diye sundu\u011fu kurum ve anlay\u0131\u015flar\u0131n da ele\u015ftirisi yap\u0131lmaktad\u0131r. \u00dctopyada \u00e7ekirdek aile, devlet, hapishane, hastane, okul ve \u00e7ocukluk gibi kurumlar\u0131n hi\u00e7biri yoktur; \u00fcretim kadar do\u011fan\u0131n dengesini g\u00f6zetmek de \u00f6nemlidir&#8230; <\/p>\n","protected":false},"excerpt":{"rendered":"<p>Connie, zihinsel yetenekleri \u00e7ok geli\u015fmi\u015f, hayat dolu bir kad\u0131nd\u0131r. Ama bu \u00f6zellikleri \u201cd\u00fczen\u201de s\u00fcrekli yenik d\u00fc\u015fmesini engelleyememi\u015ftir. Sevdi\u011fi insanlar devlet ya da \u00f6l\u00fcm taraf\u0131ndan elinden al\u0131nm\u0131\u015f;<span class=\"excerpt-hellip\"> [\u2026]<\/span><\/p>\n","protected":false},"featured_media":0,"template":"","meta":{"_monsterinsights_skip_tracking":false,"_monsterinsights_sitenote_active":false,"_monsterinsights_sitenote_note":"","_monsterinsights_sitenote_category":0},"product_brand":[],"product_cat":[12891,12291],"product_tag":[],"class_list":{"0":"post-774653","1":"product","2":"type-product","3":"status-publish","5":"product_cat-amerikan-edebiyati","6":"product_cat-edebiyat","7":"pa_cilt-ciltsiz","8":"pa_tur-kitap","9":"pa_yayinevi-ayrinti-yayinlari","10":"pa_yazar-marge-piercy","12":"first","13":"instock","14":"sale","15":"shipping-taxable","16":"purchasable","17":"product-type-simple"},"_links":{"self":[{"href":"https:\/\/roveyayinevi.com.tr\/index.php\/wp-json\/wp\/v2\/product\/774653","targetHints":{"allow":["GET"]}}],"collection":[{"href":"https:\/\/roveyayinevi.com.tr\/index.php\/wp-json\/wp\/v2\/product"}],"about":[{"href":"https:\/\/roveyayinevi.com.tr\/index.php\/wp-json\/wp\/v2\/types\/product"}],"wp:attachment":[{"href":"https:\/\/roveyayinevi.com.tr\/index.php\/wp-json\/wp\/v2\/media?parent=774653"}],"wp:term":[{"taxonomy":"product_brand","embeddable":true,"href":"https:\/\/roveyayinevi.com.tr\/index.php\/wp-json\/wp\/v2\/product_brand?post=774653"},{"taxonomy":"product_cat","embeddable":true,"href":"https:\/\/roveyayinevi.com.tr\/index.php\/wp-json\/wp\/v2\/product_cat?post=774653"},{"taxonomy":"product_tag","embeddable":true,"href":"https:\/\/roveyayinevi.com.tr\/index.php\/wp-json\/wp\/v2\/product_tag?post=774653"}],"curies":[{"name":"wp","href":"https:\/\/api.w.org\/{rel}","templated":true}]}}